{"id":1973095,"date":"2023-09-28T11:11:52","date_gmt":"2023-09-28T09:11:52","guid":{"rendered":"https:\/\/de.tilta.com\/shop\/p-tap-auf-usb-c-stromkabel-50cm-nur-kompatibel-mit-nano-ii-motor\/"},"modified":"2025-12-23T12:43:10","modified_gmt":"2025-12-23T11:43:10","slug":"p-tap-to-usb-c-power-cable-50cm","status":"publish","type":"product","link":"https:\/\/eu.tilta.com\/de\/shop\/p-tap-to-usb-c-power-cable-50cm\/","title":{"rendered":"P-Tap auf USB-C Stromkabel (50cm, nur kompatibel mit Nano II Motor)"},"content":{"rendered":"<p><strong>BITTE BEACHTEN SIE: Dieses Kabel ist nur mit dem Nano II Motor kompatibel. Nicht mit dem Nano II Handrad und anderen USB-C-Ger\u00e4ten verwenden.<\/strong><\/p>\n<p>Mit diesem P-Tap-auf-USB-C-Stromkabel k\u00f6nnen Sie USB-C-Zubeh\u00f6r \u00fcber P-Tap-Quellen mit h\u00f6herer Spannung betreiben.<\/p>\n<p>Dies ist eine gro\u00dfartige Option f\u00fcr die Stromversorgung der Nucleus Nano II Wireless Follow Focus Motoren, insbesondere bei der Verwendung von steiferen alten Objektiven oder Zooms.<\/p>\n<p>Dieses Kabel liefert 14,8 V, was das Drehmoment des Nano II Motors im Vergleich zu einer Standard-USB-C-Quelle verbessert.<\/p>\n","protected":false},"excerpt":{"rendered":"<p>BITTE BEACHTEN SIE: Dieses Kabel ist nur mit dem Nano II Motor kompatibel. Nicht mit dem Nano II Handrad und anderen USB-C-Ger\u00e4ten verwenden. Mit diesem P-Tap-auf-USB-C-Stromkabel k\u00f6nnen Sie USB-C-Zubeh\u00f6r \u00fcber P-Tap-Quellen mit h\u00f6herer Spannung betreiben. Dies ist eine gro\u00dfartige Option [&hellip;]<\/p>\n","protected":false},"featured_media":1971611,"comment_status":"closed","ping_status":"closed","template":"","meta":[],"product_cat":[1066,1240],"product_tag":[],"acf":[],"gallery_images":[1971617,1971618,1971614,1971615],"_links":{"self":[{"href":"https:\/\/eu.tilta.com\/de\/wp-json\/wp\/v2\/product\/1973095"}],"collection":[{"href":"https:\/\/eu.tilta.com\/de\/wp-json\/wp\/v2\/product"}],"about":[{"href":"https:\/\/eu.tilta.com\/de\/wp-json\/wp\/v2\/types\/product"}],"replies":[{"embeddable":true,"href":"https:\/\/eu.tilta.com\/de\/wp-json\/wp\/v2\/comments?post=1973095"}],"wp:featuredmedia":[{"embeddable":true,"href":"https:\/\/eu.tilta.com\/de\/wp-json\/wp\/v2\/media\/1971611"}],"wp:attachment":[{"href":"https:\/\/eu.tilta.com\/de\/wp-json\/wp\/v2\/media?parent=1973095"}],"wp:term":[{"taxonomy":"product_cat","embeddable":true,"href":"https:\/\/eu.tilta.com\/de\/wp-json\/wp\/v2\/product_cat?post=1973095"},{"taxonomy":"product_tag","embeddable":true,"href":"https:\/\/eu.tilta.com\/de\/wp-json\/wp\/v2\/product_tag?post=1973095"}],"curies":[{"name":"wp","href":"https:\/\/api.w.org\/{rel}","templated":true}]}}