{"id":1973096,"date":"2023-09-27T12:27:03","date_gmt":"2023-09-27T10:27:03","guid":{"rendered":"https:\/\/de.tilta.com\/shop\/tilta-15mm-carbon-fiber-rod-set\/"},"modified":"2026-03-31T10:37:49","modified_gmt":"2026-03-31T08:37:49","slug":"tilta-15mm-carbon-fiber-rod-set","status":"publish","type":"product","link":"https:\/\/eu.tilta.com\/de\/shop\/tilta-15mm-carbon-fiber-rod-set\/","title":{"rendered":"Tilta 15mm Kohlefaser Stangen Set"},"content":{"rendered":"<div class=\"overview-text\">\n<p>Dieses 15-mm-Kohlefaserrutenset ist die perfekte Option f\u00fcr Benutzer, die leichte LWS-Ruten suchen, ohne dabei auf Leistung verzichten zu m\u00fcssen.<\/p>\n<p>Dieses Set enth\u00e4lt zwei Kohlefaserst\u00e4be, die an jeder <a href=\"https:\/\/de.tilta.com\/de\/product-category\/camera-plates-de\/grundplatten\/\">LWS-Standardgrundplatte<\/a> oder an einem <a href=\"https:\/\/de.tilta.com\/de\/product-category\/zahnrad-labor\/ruten-rutenhalter-de\/\">15-mm-Stabhalter<\/a> befestigt werden k\u00f6nnen, um Zubeh\u00f6r wie z. B. ein <a href=\"https:\/\/de.tilta.com\/de\/product-category\/lens-control-systems-de\/\">Follow-Focus-System<\/a> und <a href=\"https:\/\/de.tilta.com\/de\/product-category\/matte-boxes-de\/\">Matte-Boxen<\/a> aufzunehmen.<\/p>\n<p>Diese Ruten werden mit neuen Fertigungstechniken hergestellt, die verhindern, dass sie sich im Laufe der Zeit abnutzen, und sind mit einer UV-best\u00e4ndigen Beschichtung versehen, die daf\u00fcr sorgt, dass die mattschwarze Oberfl\u00e4che auch nach l\u00e4ngerem Gebrauch wie neu aussieht.<\/p>\n<\/div>\n","protected":false},"excerpt":{"rendered":"<p>Dieses 15-mm-Kohlefaserrutenset ist die perfekte Option f\u00fcr Benutzer, die leichte LWS-Ruten suchen, ohne dabei auf Leistung verzichten zu m\u00fcssen. Dieses Set enth\u00e4lt zwei Kohlefaserst\u00e4be, die an jeder LWS-Standardgrundplatte oder an einem 15-mm-Stabhalter befestigt werden k\u00f6nnen, um Zubeh\u00f6r wie z. B. [&hellip;]<\/p>\n","protected":false},"featured_media":1971538,"comment_status":"closed","ping_status":"closed","template":"","meta":[],"product_cat":[3382,1434,1073,1082,1083,1084,1085,1094,1104,1067,1065],"product_tag":[],"acf":[],"gallery_images":[1971541,1971539,1971527,1971528,1971530],"_links":{"self":[{"href":"https:\/\/eu.tilta.com\/de\/wp-json\/wp\/v2\/product\/1973096"}],"collection":[{"href":"https:\/\/eu.tilta.com\/de\/wp-json\/wp\/v2\/product"}],"about":[{"href":"https:\/\/eu.tilta.com\/de\/wp-json\/wp\/v2\/types\/product"}],"replies":[{"embeddable":true,"href":"https:\/\/eu.tilta.com\/de\/wp-json\/wp\/v2\/comments?post=1973096"}],"wp:featuredmedia":[{"embeddable":true,"href":"https:\/\/eu.tilta.com\/de\/wp-json\/wp\/v2\/media\/1971538"}],"wp:attachment":[{"href":"https:\/\/eu.tilta.com\/de\/wp-json\/wp\/v2\/media?parent=1973096"}],"wp:term":[{"taxonomy":"product_cat","embeddable":true,"href":"https:\/\/eu.tilta.com\/de\/wp-json\/wp\/v2\/product_cat?post=1973096"},{"taxonomy":"product_tag","embeddable":true,"href":"https:\/\/eu.tilta.com\/de\/wp-json\/wp\/v2\/product_tag?post=1973096"}],"curies":[{"name":"wp","href":"https:\/\/api.w.org\/{rel}","templated":true}]}}