{"id":1973097,"date":"2023-09-26T14:22:18","date_gmt":"2023-09-26T12:22:18","guid":{"rendered":"https:\/\/de.tilta.com\/shop\/tilta-nato-to-rosette-adapter-black\/"},"modified":"2026-05-05T12:54:06","modified_gmt":"2026-05-05T10:54:06","slug":"tilta-nato-to-rosette-adapter-black","status":"publish","type":"product","link":"https:\/\/eu.tilta.com\/de\/shop\/tilta-nato-to-rosette-adapter-black\/","title":{"rendered":"Tilta NATO auf Rosette Adapter &#8211; Schwarz"},"content":{"rendered":"<div class=\"overview-text\">\n<p>Dieser NATO-zu-Rosette-Adapter ist das perfekte Zubeh\u00f6r f\u00fcr die Verwendung von Rosette-basiertem Zubeh\u00f6r auf NATO-Schienen und umgekehrt!<\/p>\n<p>Dieser Adapter verf\u00fcgt auf einer Seite \u00fcber eine Rosette, die \u00fcber die mitgelieferte M6-Schraube mit den Rosettenhalterungen vieler unserer Kamerak\u00e4fige kompatibel ist.<\/p>\n<p>Die andere Seite ist mit einer NATO-Klemme versehen, um Zubeh\u00f6r \u00fcber eine NATO-Schienenbefestigung anzuschlie\u00dfen.<\/p>\n<p>Sie k\u00f6nnen diese Klemme auch dazu verwenden, den Adapter \u00fcber eine NATO-Schiene mit einem Kamerak\u00e4fig zu verbinden, um einen Rosettenanschluss an einem K\u00e4fig anzubringen, der noch nicht \u00fcber einen solchen verf\u00fcgt.<\/p>\n<\/div>\n","protected":false},"excerpt":{"rendered":"<p>Dieser NATO-zu-Rosette-Adapter ist das perfekte Zubeh\u00f6r f\u00fcr die Verwendung von Rosette-basiertem Zubeh\u00f6r auf NATO-Schienen und umgekehrt! Dieser Adapter verf\u00fcgt auf einer Seite \u00fcber eine Rosette, die \u00fcber die mitgelieferte M6-Schraube mit den Rosettenhalterungen vieler unserer Kamerak\u00e4fige kompatibel ist. Die andere [&hellip;]<\/p>\n","protected":false},"featured_media":1971639,"comment_status":"closed","ping_status":"closed","template":"","meta":[],"product_cat":[1453,1243,1216,1197],"product_tag":[],"acf":[],"gallery_images":[1971641,1971640,1971553,1971556],"_links":{"self":[{"href":"https:\/\/eu.tilta.com\/de\/wp-json\/wp\/v2\/product\/1973097"}],"collection":[{"href":"https:\/\/eu.tilta.com\/de\/wp-json\/wp\/v2\/product"}],"about":[{"href":"https:\/\/eu.tilta.com\/de\/wp-json\/wp\/v2\/types\/product"}],"replies":[{"embeddable":true,"href":"https:\/\/eu.tilta.com\/de\/wp-json\/wp\/v2\/comments?post=1973097"}],"wp:featuredmedia":[{"embeddable":true,"href":"https:\/\/eu.tilta.com\/de\/wp-json\/wp\/v2\/media\/1971639"}],"wp:attachment":[{"href":"https:\/\/eu.tilta.com\/de\/wp-json\/wp\/v2\/media?parent=1973097"}],"wp:term":[{"taxonomy":"product_cat","embeddable":true,"href":"https:\/\/eu.tilta.com\/de\/wp-json\/wp\/v2\/product_cat?post=1973097"},{"taxonomy":"product_tag","embeddable":true,"href":"https:\/\/eu.tilta.com\/de\/wp-json\/wp\/v2\/product_tag?post=1973097"}],"curies":[{"name":"wp","href":"https:\/\/api.w.org\/{rel}","templated":true}]}}