{"id":1973104,"date":"2023-09-25T10:37:57","date_gmt":"2023-09-25T08:37:57","guid":{"rendered":"https:\/\/de.tilta.com\/shop\/usb-c-stromkabel-30cm\/"},"modified":"2025-12-05T12:08:30","modified_gmt":"2025-12-05T11:08:30","slug":"usb-c-power-cable-30cm","status":"publish","type":"product","link":"https:\/\/eu.tilta.com\/de\/shop\/usb-c-power-cable-30cm\/","title":{"rendered":"USB-C Stromkabel (30cm)"},"content":{"rendered":"<div class=\"overview-text\">\n<p>Mit diesem 30 cm langen USB-C auf USB-C Stromkabel k\u00f6nnen Sie USB-C-Zubeh\u00f6r \u00fcber USB-C Stromquellen mit Strom versorgen.<\/p>\n<p>Dies ist eine gro\u00dfartige Option f\u00fcr die Stromversorgung der Nucleus Nano II Wireless Follow Focus Motoren, insbesondere bei der Verkettung von Motoren an l\u00e4ngeren Zoomobjektiven.<\/p>\n<\/div>\n","protected":false},"excerpt":{"rendered":"<p>Mit diesem 30 cm langen USB-C auf USB-C Stromkabel k\u00f6nnen Sie USB-C-Zubeh\u00f6r \u00fcber USB-C Stromquellen mit Strom versorgen. Dies ist eine gro\u00dfartige Option f\u00fcr die Stromversorgung der Nucleus Nano II Wireless Follow Focus Motoren, insbesondere bei der Verkettung von Motoren [&hellip;]<\/p>\n","protected":false},"featured_media":1971582,"comment_status":"closed","ping_status":"closed","template":"","meta":[],"product_cat":[1066,1240],"product_tag":[],"acf":[],"gallery_images":[],"_links":{"self":[{"href":"https:\/\/eu.tilta.com\/de\/wp-json\/wp\/v2\/product\/1973104"}],"collection":[{"href":"https:\/\/eu.tilta.com\/de\/wp-json\/wp\/v2\/product"}],"about":[{"href":"https:\/\/eu.tilta.com\/de\/wp-json\/wp\/v2\/types\/product"}],"replies":[{"embeddable":true,"href":"https:\/\/eu.tilta.com\/de\/wp-json\/wp\/v2\/comments?post=1973104"}],"wp:featuredmedia":[{"embeddable":true,"href":"https:\/\/eu.tilta.com\/de\/wp-json\/wp\/v2\/media\/1971582"}],"wp:attachment":[{"href":"https:\/\/eu.tilta.com\/de\/wp-json\/wp\/v2\/media?parent=1973104"}],"wp:term":[{"taxonomy":"product_cat","embeddable":true,"href":"https:\/\/eu.tilta.com\/de\/wp-json\/wp\/v2\/product_cat?post=1973104"},{"taxonomy":"product_tag","embeddable":true,"href":"https:\/\/eu.tilta.com\/de\/wp-json\/wp\/v2\/product_tag?post=1973104"}],"curies":[{"name":"wp","href":"https:\/\/api.w.org\/{rel}","templated":true}]}}