{"id":1973106,"date":"2023-09-13T16:51:35","date_gmt":"2023-09-13T14:51:35","guid":{"rendered":"https:\/\/de.tilta.com\/shop\/full-camera-cage-for-sony-a7c-ii-a7c-r\/"},"modified":"2025-12-05T12:08:41","modified_gmt":"2025-12-05T11:08:41","slug":"full-camera-cage-for-sony-a7c-ii-a7c-r","status":"publish","type":"product","link":"https:\/\/eu.tilta.com\/de\/shop\/full-camera-cage-for-sony-a7c-ii-a7c-r\/","title":{"rendered":"Full Camera Cage for Sony a7C II \/ a7C R"},"content":{"rendered":"<p><em>Einf\u00fchrung in das vollst\u00e4ndige Kamerageh\u00e4use f\u00fcr Sony a7C II \/ a7C R  <\/em><\/p>\n<p>Dieser K\u00e4fig sch\u00fctzt Ihr Kamerageh\u00e4use und er\u00f6ffnet unz\u00e4hlige M\u00f6glichkeiten f\u00fcr die Befestigung von zus\u00e4tzlichem Zubeh\u00f6r \u00fcber Befestigungspunkte wie einen Cold Shoe Receiver, eine NATO-Schiene und 1\/4\u2033-20-Gewinde mit Fixierpunkten.<\/p>\n<p>Der K\u00e4fig verf\u00fcgt \u00fcber eine integrierte ARCA-Swiss-Bodenplatte, die schnelle \u00dcberg\u00e4nge zwischen Gimbals wie dem DJI RS3 Pro und anderen kompatiblen ARCA-basierten Halterungssystemen erm\u00f6glicht.<\/p>\n<p>Bitte beachten Sie, dass dieser K\u00e4fig den DJI-Standard f\u00fcr ARCA verwendet und nicht mit allen Empf\u00e4ngern kompatibel ist. Die Kompatibilit\u00e4t wird nicht garantiert.<\/p>\n<p>Der K\u00e4fig verf\u00fcgt \u00fcber ein formschl\u00fcssiges Design, das mehrere Sicherheitsbefestigungen nutzt, um zus\u00e4tzliche Kontaktpunkte zwischen der Kamera und dem K\u00e4fig zu schaffen.<\/p>\n<p>Das Design erm\u00f6glicht einen einfachen Zugriff auf alle notwendigen Funktionen der Kamera, einschlie\u00dflich des Blitzschuhs, der sich perfekt f\u00fcr die Aufnahme von Zubeh\u00f6r wie dem Sony ECM-W2BT eignet.<\/p>\n<p>Die HDMI-Kabelklemme bietet eine erh\u00f6hte Sicherheit f\u00fcr HDMI-Kabel und die integrierten R\u00e4ndelschrauben erm\u00f6glichen ein schnelles Anbringen oder Entfernen von Kabeln, wobei f\u00fcr die Verwendung dieses Zubeh\u00f6rs kein Werkzeug erforderlich ist.<\/p>\n","protected":false},"excerpt":{"rendered":"<p>Einf\u00fchrung in das vollst\u00e4ndige Kamerageh\u00e4use f\u00fcr Sony a7C II \/ a7C R Dieser K\u00e4fig sch\u00fctzt Ihr Kamerageh\u00e4use und er\u00f6ffnet unz\u00e4hlige M\u00f6glichkeiten f\u00fcr die Befestigung von zus\u00e4tzlichem Zubeh\u00f6r \u00fcber Befestigungspunkte wie einen Cold Shoe Receiver, eine NATO-Schiene und 1\/4\u2033-20-Gewinde mit Fixierpunkten. [&hellip;]<\/p>\n","protected":false},"featured_media":1971702,"comment_status":"closed","ping_status":"closed","template":"","meta":[],"product_cat":[1118],"product_tag":[],"acf":[],"gallery_images":[1949888,1949890,1948655,1948657,1948656],"_links":{"self":[{"href":"https:\/\/eu.tilta.com\/de\/wp-json\/wp\/v2\/product\/1973106"}],"collection":[{"href":"https:\/\/eu.tilta.com\/de\/wp-json\/wp\/v2\/product"}],"about":[{"href":"https:\/\/eu.tilta.com\/de\/wp-json\/wp\/v2\/types\/product"}],"replies":[{"embeddable":true,"href":"https:\/\/eu.tilta.com\/de\/wp-json\/wp\/v2\/comments?post=1973106"}],"wp:featuredmedia":[{"embeddable":true,"href":"https:\/\/eu.tilta.com\/de\/wp-json\/wp\/v2\/media\/1971702"}],"wp:attachment":[{"href":"https:\/\/eu.tilta.com\/de\/wp-json\/wp\/v2\/media?parent=1973106"}],"wp:term":[{"taxonomy":"product_cat","embeddable":true,"href":"https:\/\/eu.tilta.com\/de\/wp-json\/wp\/v2\/product_cat?post=1973106"},{"taxonomy":"product_tag","embeddable":true,"href":"https:\/\/eu.tilta.com\/de\/wp-json\/wp\/v2\/product_tag?post=1973106"}],"curies":[{"name":"wp","href":"https:\/\/api.w.org\/{rel}","templated":true}]}}