{"id":1973107,"date":"2023-09-19T10:07:43","date_gmt":"2023-09-19T08:07:43","guid":{"rendered":"https:\/\/de.tilta.com\/shop\/nucleus-nano-ii-motor-bausatz\/"},"modified":"2026-05-12T22:01:22","modified_gmt":"2026-05-12T20:01:22","slug":"nucleus-nano-ii-motor-kit","status":"publish","type":"product","link":"https:\/\/eu.tilta.com\/de\/shop\/nucleus-nano-ii-motor-kit\/","title":{"rendered":"Nucleus Nano II Motor Bausatz"},"content":{"rendered":"<p><strong>WARNUNG: Dieser Motor ERFORDERT das Nano 2 Handrad, um die Firmware aktualisieren zu k\u00f6nnen.  <\/strong><\/p>\n<p><strong>Ohne aktualisierte Firmware ist dieser Motor NICHT mit dem Nucleus Nano 1 Handrad oder den Nucleus M Handgriffen kompatibel.<\/strong><\/p>\n<p>Dieses bemerkenswerte Ger\u00e4t ist mit einem Hochleistungsmotor ausgestattet, der ein f\u00fcnfmal h\u00f6heres Drehmoment als sein Vorg\u00e4nger liefert und so f\u00fcr unvergleichliche Pr\u00e4zision und Zuverl\u00e4ssigkeit sorgt.<\/p>\n<p>Eines der herausragenden Merkmale des Nano II Motors ist sein vielseitiger USB-C Stromeingang und -ausgang.<\/p>\n<p>Mit diesen praktischen Anschl\u00fcssen genie\u00dfen Sie mehr Flexibilit\u00e4t bei der Stromversorgung mehrerer Motoren und es ist eine problemlose Option f\u00fcr die Kamerakommunikation, insbesondere f\u00fcr Kameras, die mit USB-C-Anschl\u00fcssen ausgestattet sind.<\/p>\n<p>Der Nano II Motor wurde im Hinblick auf Kompatibilit\u00e4t entwickelt und f\u00fcgt sich nahtlos in fast jede Einrichtung ein. Dank seines universellen Designs l\u00e4sst es sich sicher an jedem 15-mm-Stab befestigen, w\u00e4hrend der mitgelieferte 0,8-M-Zahnkranz in Standardgr\u00f6\u00dfe es mit den meisten Objektiven kompatibel macht.<\/p>\n<p>Diese intuitive Benutzeroberfl\u00e4che mit nur einer Taste erm\u00f6glicht eine schnelle und effiziente Motorkalibrierung, Aktivierung des Pairing-Modus und \u00c4nderung der Motorfunktionszuweisung.<\/p>\n<p>Mit nur einem Tastendruck k\u00f6nnen Sie den Motor m\u00fchelos auf ein neues Objektiv kalibrieren oder zwischen Fokus-, Blenden- und Zoomfunktionen wechseln, um sich an Ihre Aufnahmeanforderungen anzupassen.<\/p>\n<p>Mit der farbcodierten LED-Anzeige am Motor k\u00f6nnen Sie auf einen Blick erkennen, welche Funktion der Motor gerade hat.<\/p>\n<p>Erweitern Sie Ihre kreativen M\u00f6glichkeiten und erzielen Sie mit dem Nano II Motor die pr\u00e4zisen Aufnahmen, die Sie sich schon immer vorgestellt haben.<\/p>\n<p><b>BITTE BEACHTEN SIE: <\/b><strong>F\u00fcr die Advanced Side Focus Griffe muss ein zus\u00e4tzliches Kabel separat erworben werden, damit sie mit diesem Motor funktionieren. <\/strong> <\/p>\n<p><strong>F\u00fcr FIRMWARE UPDATES ben\u00f6tigen Sie das Nucleus Nano II Handrad zum Herunterladen.  <\/strong><\/p>\n","protected":false},"excerpt":{"rendered":"<p>WARNUNG: Dieser Motor ERFORDERT das Nano 2 Handrad, um die Firmware aktualisieren zu k\u00f6nnen. Ohne aktualisierte Firmware ist dieser Motor NICHT mit dem Nucleus Nano 1 Handrad oder den Nucleus M Handgriffen kompatibel. Dieses bemerkenswerte Ger\u00e4t ist mit einem Hochleistungsmotor [&hellip;]<\/p>\n","protected":false},"featured_media":1972077,"comment_status":"closed","ping_status":"closed","template":"","meta":[],"product_cat":[1066],"product_tag":[],"acf":[],"gallery_images":[1972079,1972078,1970471,1970437,1970600,1972094,1970452,1970451,1970465],"_links":{"self":[{"href":"https:\/\/eu.tilta.com\/de\/wp-json\/wp\/v2\/product\/1973107"}],"collection":[{"href":"https:\/\/eu.tilta.com\/de\/wp-json\/wp\/v2\/product"}],"about":[{"href":"https:\/\/eu.tilta.com\/de\/wp-json\/wp\/v2\/types\/product"}],"replies":[{"embeddable":true,"href":"https:\/\/eu.tilta.com\/de\/wp-json\/wp\/v2\/comments?post=1973107"}],"wp:featuredmedia":[{"embeddable":true,"href":"https:\/\/eu.tilta.com\/de\/wp-json\/wp\/v2\/media\/1972077"}],"wp:attachment":[{"href":"https:\/\/eu.tilta.com\/de\/wp-json\/wp\/v2\/media?parent=1973107"}],"wp:term":[{"taxonomy":"product_cat","embeddable":true,"href":"https:\/\/eu.tilta.com\/de\/wp-json\/wp\/v2\/product_cat?post=1973107"},{"taxonomy":"product_tag","embeddable":true,"href":"https:\/\/eu.tilta.com\/de\/wp-json\/wp\/v2\/product_tag?post=1973107"}],"curies":[{"name":"wp","href":"https:\/\/api.w.org\/{rel}","templated":true}]}}