{"id":1973108,"date":"2023-09-26T16:20:43","date_gmt":"2023-09-26T14:20:43","guid":{"rendered":"https:\/\/de.tilta.com\/shop\/tilta-cold-shoe-receiver-adapter-with-locking-pin-black\/"},"modified":"2025-12-05T12:08:32","modified_gmt":"2025-12-05T11:08:32","slug":"tilta-cold-shoe-receiver-adapter-with-locking-pin-black","status":"publish","type":"product","link":"https:\/\/eu.tilta.com\/de\/shop\/tilta-cold-shoe-receiver-adapter-with-locking-pin-black\/","title":{"rendered":"Tilta Kaltschuh-Adapter mit Verriegelungsstift &#8211; Schwarz"},"content":{"rendered":"<div class=\"overview-text\">\n<p>Mit diesem Cold Shoe Receiver Adapter k\u00f6nnen Sie jedes 1\/4\u2033-20-Gewinde an Ihrem Kamerageh\u00e4use f\u00fcr die Montage von Cold Shoe-Zubeh\u00f6r verwenden.<\/p>\n<p>Der Cold Shoe Receiver verf\u00fcgt \u00fcber eine Einwegbefestigung, was bedeutet, dass das Cold Shoe Zubeh\u00f6r sicherer bleibt und weniger Gefahr l\u00e4uft, sich versehentlich zu l\u00f6sen.<\/p>\n<p>Dies ist die perfekte Option f\u00fcr die sichere Befestigung eines externen Monitors an der Oberseite eines Kamerak\u00e4figs, der nicht \u00fcber eine eigene Halterung f\u00fcr den kalten Schuh verf\u00fcgt, mit Hilfe eines Zubeh\u00f6rs wie unserer <a href=\"https:\/\/de.tilta.com\/de\/shop\/tiltaing-adjustable-cold-shoe-accessory-mounting-bracket\/\">verstellbaren Halterung f\u00fcr kalten Schuh-Zubeh\u00f6r<\/a>. <strong>(nicht enthalten)<\/strong><\/p>\n<p>Der integrierte Sicherheitsstift sorgt f\u00fcr zus\u00e4tzliche sechttps:\/\/tilta.com\/shop\/tiltaing-adjustable-cold-shoe-accessory-mounting-bracket\/urity f\u00fcr Ihr Zubeh\u00f6r.<\/p>\n<\/div>\n","protected":false},"excerpt":{"rendered":"<p>Mit diesem Cold Shoe Receiver Adapter k\u00f6nnen Sie jedes 1\/4\u2033-20-Gewinde an Ihrem Kamerageh\u00e4use f\u00fcr die Montage von Cold Shoe-Zubeh\u00f6r verwenden. Der Cold Shoe Receiver verf\u00fcgt \u00fcber eine Einwegbefestigung, was bedeutet, dass das Cold Shoe Zubeh\u00f6r sicherer bleibt und weniger Gefahr [&hellip;]<\/p>\n","protected":false},"featured_media":1971656,"comment_status":"closed","ping_status":"closed","template":"","meta":[],"product_cat":[1073,1218],"product_tag":[],"acf":[],"gallery_images":[1971658,1971657,1971521,1971518,1971519,1971520],"_links":{"self":[{"href":"https:\/\/eu.tilta.com\/de\/wp-json\/wp\/v2\/product\/1973108"}],"collection":[{"href":"https:\/\/eu.tilta.com\/de\/wp-json\/wp\/v2\/product"}],"about":[{"href":"https:\/\/eu.tilta.com\/de\/wp-json\/wp\/v2\/types\/product"}],"replies":[{"embeddable":true,"href":"https:\/\/eu.tilta.com\/de\/wp-json\/wp\/v2\/comments?post=1973108"}],"wp:featuredmedia":[{"embeddable":true,"href":"https:\/\/eu.tilta.com\/de\/wp-json\/wp\/v2\/media\/1971656"}],"wp:attachment":[{"href":"https:\/\/eu.tilta.com\/de\/wp-json\/wp\/v2\/media?parent=1973108"}],"wp:term":[{"taxonomy":"product_cat","embeddable":true,"href":"https:\/\/eu.tilta.com\/de\/wp-json\/wp\/v2\/product_cat?post=1973108"},{"taxonomy":"product_tag","embeddable":true,"href":"https:\/\/eu.tilta.com\/de\/wp-json\/wp\/v2\/product_tag?post=1973108"}],"curies":[{"name":"wp","href":"https:\/\/api.w.org\/{rel}","templated":true}]}}