{"id":1973112,"date":"2023-09-13T17:43:47","date_gmt":"2023-09-13T15:43:47","guid":{"rendered":"https:\/\/de.tilta.com\/shop\/half-camera-cage-for-sony-a7c-ii-a7c-r-lightweight-kit\/"},"modified":"2025-12-05T12:08:41","modified_gmt":"2025-12-05T11:08:41","slug":"half-cage-sony-a7c-ii-a7c-r-light-kit","status":"publish","type":"product","link":"https:\/\/eu.tilta.com\/de\/shop\/half-cage-sony-a7c-ii-a7c-r-light-kit\/","title":{"rendered":"Halber Kamerak\u00e4fig f\u00fcr Sony a7C II \/ a7C R Leichtgewicht-Kit"},"content":{"rendered":"<p><em>Wir stellen vor: Das vollst\u00e4ndige Kamerageh\u00e4use f\u00fcr das Sony a7C II \/ a7C R Leichtgewicht Kit<\/em><\/p>\n<p>Dieser Halbk\u00e4fig sch\u00fctzt Ihr Kamerageh\u00e4use teilweise und er\u00f6ffnet unz\u00e4hlige M\u00f6glichkeiten zur Befestigung von zus\u00e4tzlichem Zubeh\u00f6r \u00fcber Befestigungspunkte wie z.B. einen Cold Shoe Receiver, eine NATO-Schiene und 1\/4\u2033-20 Gewinde mit Fixierpunkten.<\/p>\n<p>Der K\u00e4fig verf\u00fcgt \u00fcber eine integrierte ARCA-Swiss-Bodenplatte, die schnelle \u00dcberg\u00e4nge zwischen Gimbals wie dem DJI RS3 Pro und anderen kompatiblen ARCA-basierten Tr\u00e4gersystemen erm\u00f6glicht.<\/p>\n<p>Bitte beachten Sie, dass dieser K\u00e4fig den Standard von DJI f\u00fcr ARCA verwendet und nicht mit allen Empf\u00e4ngern kompatibel ist. Die Kompatibilit\u00e4t wird nicht garantiert.<\/p>\n<p>Das Design bietet einfachen Zugang zu allen notwendigen Funktionen der Kamera, einschlie\u00dflich des Blitzschuhs, der sich perfekt f\u00fcr die Aufnahme von Zubeh\u00f6r wie dem Sony ECM-W2BT eignet.<\/p>\n<p>Die HDMI-Kabelklemme bietet eine erh\u00f6hte Sicherheit f\u00fcr HDMI-Kabel. Dank der integrierten R\u00e4ndelschrauben lassen sich die Kabel schnell anbringen oder abnehmen, ohne dass f\u00fcr die Verwendung dieses Zubeh\u00f6rs Werkzeuge erforderlich sind.<\/p>\n<p>Die mitgelieferte NATO-Schiene und der NATO-Obergriff bieten flexiblere Schie\u00df- und Handhabungsoptionen, besonders n\u00fctzlich f\u00fcr Sch\u00fcsse aus niedrigen Winkeln.<\/p>\n<p>Der obere Handgriff verbessert au\u00dferdem die Befestigungsm\u00f6glichkeiten mit zus\u00e4tzlichen 1\/4_-20-Gewinden und einem Cold Shoe-Empf\u00e4nger, der sich perfekt f\u00fcr einen externen Monitor eignet.<\/p>\n","protected":false},"excerpt":{"rendered":"<p>Wir stellen vor: Das vollst\u00e4ndige Kamerageh\u00e4use f\u00fcr das Sony a7C II \/ a7C R Leichtgewicht Kit Dieser Halbk\u00e4fig sch\u00fctzt Ihr Kamerageh\u00e4use teilweise und er\u00f6ffnet unz\u00e4hlige M\u00f6glichkeiten zur Befestigung von zus\u00e4tzlichem Zubeh\u00f6r \u00fcber Befestigungspunkte wie z.B. einen Cold Shoe Receiver, eine [&hellip;]<\/p>\n","protected":false},"featured_media":1971697,"comment_status":"closed","ping_status":"closed","template":"","meta":[],"product_cat":[1118],"product_tag":[],"acf":[],"gallery_images":[1971695,1971696,1971298,1971300,1971299],"_links":{"self":[{"href":"https:\/\/eu.tilta.com\/de\/wp-json\/wp\/v2\/product\/1973112"}],"collection":[{"href":"https:\/\/eu.tilta.com\/de\/wp-json\/wp\/v2\/product"}],"about":[{"href":"https:\/\/eu.tilta.com\/de\/wp-json\/wp\/v2\/types\/product"}],"replies":[{"embeddable":true,"href":"https:\/\/eu.tilta.com\/de\/wp-json\/wp\/v2\/comments?post=1973112"}],"wp:featuredmedia":[{"embeddable":true,"href":"https:\/\/eu.tilta.com\/de\/wp-json\/wp\/v2\/media\/1971697"}],"wp:attachment":[{"href":"https:\/\/eu.tilta.com\/de\/wp-json\/wp\/v2\/media?parent=1973112"}],"wp:term":[{"taxonomy":"product_cat","embeddable":true,"href":"https:\/\/eu.tilta.com\/de\/wp-json\/wp\/v2\/product_cat?post=1973112"},{"taxonomy":"product_tag","embeddable":true,"href":"https:\/\/eu.tilta.com\/de\/wp-json\/wp\/v2\/product_tag?post=1973112"}],"curies":[{"name":"wp","href":"https:\/\/api.w.org\/{rel}","templated":true}]}}