{"id":1973113,"date":"2023-09-26T14:50:17","date_gmt":"2023-09-26T12:50:17","guid":{"rendered":"https:\/\/de.tilta.com\/shop\/magnetic-mounting-bracket-for-wireless-microphones\/"},"modified":"2025-12-05T12:08:35","modified_gmt":"2025-12-05T11:08:35","slug":"magnetic-mounting-bracket-for-wireless-microphones","status":"publish","type":"product","link":"https:\/\/eu.tilta.com\/de\/shop\/magnetic-mounting-bracket-for-wireless-microphones\/","title":{"rendered":"Magnetic Mounting Bracket for Wireless Microphones"},"content":{"rendered":"<div class=\"overview-text\">\n<p><em>Unsere magnetische Halterung f\u00fcr drahtlose Mikrofone ist das ideale Zubeh\u00f6r f\u00fcr Smartphone-Videofilmer, die ihre Audioqualit\u00e4t verbessern m\u00f6chten!<\/em><\/p>\n<p>Diese innovative Halterung wird mit einem starken Magneten sicher an der R\u00fcckseite Ihres Smartphones befestigt und bietet eine praktische L\u00f6sung f\u00fcr die Montage von drahtlosen Audioempf\u00e4ngern und anderem Audiozubeh\u00f6r.<\/p>\n<p>Dieses Zubeh\u00f6r verwendet einen Kaltschuh-Empf\u00e4nger, mit dem Sie kompatibles Zubeh\u00f6r schnell und sicher befestigen k\u00f6nnen.<\/p>\n<p>Dieses Ger\u00e4t ist mit einem Silikonpolster ausgestattet, das als Schutzbarriere dient und Ihre Ger\u00e4te zus\u00e4tzlich vor Kratzern sch\u00fctzt.<\/p>\n<p>Mit einer Gewichtskapazit\u00e4t von 300 g bietet unsere magnetische Halterung einen stabilen Halt f\u00fcr jedes Zubeh\u00f6r, das auf einem kalten Schuh basiert und an der Grenze liegt.<\/p>\n<p><em>Ganz gleich, ob Sie Vlogger, Content Creator oder einfach jemand sind, der unterwegs gerne hochwertige Audioaufnahmen macht, diese Halterung ist ein unverzichtbares Werkzeug, um die Audiofunktionen Ihres Smartphones zu verbessern.<\/em><\/p>\n<p><strong>HINWEIS: Die Gewichtskapazit\u00e4t verringert sich bei der Verwendung von Smartphones ohne drahtlose Ladefunktion oder magnetische Befestigungen.  <\/strong><\/p>\n<\/div>\n","protected":false},"excerpt":{"rendered":"<p>Unsere magnetische Halterung f\u00fcr drahtlose Mikrofone ist das ideale Zubeh\u00f6r f\u00fcr Smartphone-Videofilmer, die ihre Audioqualit\u00e4t verbessern m\u00f6chten! Diese innovative Halterung wird mit einem starken Magneten sicher an der R\u00fcckseite Ihres Smartphones befestigt und bietet eine praktische L\u00f6sung f\u00fcr die Montage [&hellip;]<\/p>\n","protected":false},"featured_media":1970097,"comment_status":"closed","ping_status":"closed","template":"","meta":[],"product_cat":[1218,1248,1247],"product_tag":[],"acf":[],"gallery_images":[1943850,1943849,1943851,1943852,1943854,1943848],"_links":{"self":[{"href":"https:\/\/eu.tilta.com\/de\/wp-json\/wp\/v2\/product\/1973113"}],"collection":[{"href":"https:\/\/eu.tilta.com\/de\/wp-json\/wp\/v2\/product"}],"about":[{"href":"https:\/\/eu.tilta.com\/de\/wp-json\/wp\/v2\/types\/product"}],"replies":[{"embeddable":true,"href":"https:\/\/eu.tilta.com\/de\/wp-json\/wp\/v2\/comments?post=1973113"}],"wp:featuredmedia":[{"embeddable":true,"href":"https:\/\/eu.tilta.com\/de\/wp-json\/wp\/v2\/media\/1970097"}],"wp:attachment":[{"href":"https:\/\/eu.tilta.com\/de\/wp-json\/wp\/v2\/media?parent=1973113"}],"wp:term":[{"taxonomy":"product_cat","embeddable":true,"href":"https:\/\/eu.tilta.com\/de\/wp-json\/wp\/v2\/product_cat?post=1973113"},{"taxonomy":"product_tag","embeddable":true,"href":"https:\/\/eu.tilta.com\/de\/wp-json\/wp\/v2\/product_tag?post=1973113"}],"curies":[{"name":"wp","href":"https:\/\/api.w.org\/{rel}","templated":true}]}}