{"id":1973115,"date":"2023-09-13T11:36:08","date_gmt":"2023-09-13T09:36:08","guid":{"rendered":"https:\/\/de.tilta.com\/shop\/arca-baseplate-for-sony-zv-e1-black\/"},"modified":"2025-12-05T12:08:36","modified_gmt":"2025-12-05T11:08:36","slug":"arca-baseplate-for-sony-zv-e1-black","status":"publish","type":"product","link":"https:\/\/eu.tilta.com\/de\/shop\/arca-baseplate-for-sony-zv-e1-black\/","title":{"rendered":"Arca Grundplatte f\u00fcr Sony ZV-E1 &#8211; Schwarz"},"content":{"rendered":"<div class=\"overview-text\">\n<p><em>Wir stellen die Arca Grundplatte f\u00fcr Sony ZV-E1 vor<\/em><\/p>\n<p>Diese Basisplatte ist so kompakt wie m\u00f6glich und erm\u00f6glicht es Ihnen, Ihre Videografie zu neuen H\u00f6hen zu f\u00fchren.<\/p>\n<p>Diese Grundplatte bietet Platz f\u00fcr einige externe Zubeh\u00f6rteile, w\u00e4hrend sie mit einem \u00bc&#8221;-20- und einem 3\/8-16-Gewinde sowie einem verstellbaren Befestigungspunkt f\u00fcr unser <a href=\"https:\/\/de.tilta.com\/de\/shop\/cooling-system-for-sony-zv-e1-black\/\">ZV-E1-K\u00fchlmodul<\/a> eine kleine Stellfl\u00e4che bietet.<\/p>\n<p>Die Grundlage dieser Grundplatte ist die ARCA-Swiss-Bodenplatte, die dem Benutzer einen schnellen Wechsel zwischen Stativk\u00f6pfen und Gimbals wie dem <a href=\"https:\/\/de.tilta.com\/de\/product-category\/okosystem-fur-dji-ronin\/\">DJI Ronin RS2 &amp; RS3 Pro<\/a> erm\u00f6glicht.<\/p>\n<p>Bitte beachten Sie, dass dieser K\u00e4fig den Standard von DJI f\u00fcr ARCA verwendet und nicht mit allen Empf\u00e4ngern kompatibel ist. Die Kompatibilit\u00e4t wird nicht garantiert.<\/p>\n<p>Das minimalistische Design dieser Grundplatte erm\u00f6glicht den ungehinderten Zugang zu den Kameraanschl\u00fcssen, den Benutzertasten und dem Batteriefach, ohne dass Sie das Zubeh\u00f6r abnehmen m\u00fcssen.<\/p>\n<\/div>\n","protected":false},"excerpt":{"rendered":"<p>Wir stellen die Arca Grundplatte f\u00fcr Sony ZV-E1 vor Diese Basisplatte ist so kompakt wie m\u00f6glich und erm\u00f6glicht es Ihnen, Ihre Videografie zu neuen H\u00f6hen zu f\u00fchren. Diese Grundplatte bietet Platz f\u00fcr einige externe Zubeh\u00f6rteile, w\u00e4hrend sie mit einem \u00bc&#8221;-20- [&hellip;]<\/p>\n","protected":false},"featured_media":1971281,"comment_status":"closed","ping_status":"closed","template":"","meta":[],"product_cat":[1120],"product_tag":[],"acf":[],"gallery_images":[1948638,1948640,1948641,1948642,1948643],"_links":{"self":[{"href":"https:\/\/eu.tilta.com\/de\/wp-json\/wp\/v2\/product\/1973115"}],"collection":[{"href":"https:\/\/eu.tilta.com\/de\/wp-json\/wp\/v2\/product"}],"about":[{"href":"https:\/\/eu.tilta.com\/de\/wp-json\/wp\/v2\/types\/product"}],"replies":[{"embeddable":true,"href":"https:\/\/eu.tilta.com\/de\/wp-json\/wp\/v2\/comments?post=1973115"}],"wp:featuredmedia":[{"embeddable":true,"href":"https:\/\/eu.tilta.com\/de\/wp-json\/wp\/v2\/media\/1971281"}],"wp:attachment":[{"href":"https:\/\/eu.tilta.com\/de\/wp-json\/wp\/v2\/media?parent=1973115"}],"wp:term":[{"taxonomy":"product_cat","embeddable":true,"href":"https:\/\/eu.tilta.com\/de\/wp-json\/wp\/v2\/product_cat?post=1973115"},{"taxonomy":"product_tag","embeddable":true,"href":"https:\/\/eu.tilta.com\/de\/wp-json\/wp\/v2\/product_tag?post=1973115"}],"curies":[{"name":"wp","href":"https:\/\/api.w.org\/{rel}","templated":true}]}}