{"id":1973117,"date":"2023-09-26T14:24:49","date_gmt":"2023-09-26T12:24:49","guid":{"rendered":"https:\/\/de.tilta.com\/shop\/nato-accessory-mounting-adapter-black\/"},"modified":"2025-12-05T12:08:36","modified_gmt":"2025-12-05T11:08:36","slug":"nato-accessory-mounting-adapter-black","status":"publish","type":"product","link":"https:\/\/eu.tilta.com\/de\/shop\/nato-accessory-mounting-adapter-black\/","title":{"rendered":"NATO-Zubeh\u00f6r-Montageadapter &#8211; Schwarz"},"content":{"rendered":"<div class=\"overview-text\">\n<p><em>Einf\u00fchrung in den NATO-Zubeh\u00f6r-Montageadapter<\/em><\/p>\n<p>Dieser unglaublich kleine Adapter bietet mehrere Optionen f\u00fcr die Montage von Zubeh\u00f6r, darunter ein 1\/4\u2033-20 und ein 3\/8\u2033-16 Gewinde, beide mit Fixierstiften.<\/p>\n<p>Dieser Adapter wird \u00fcber eine NATO-Verbindung befestigt, die eine einfache Anpassung und Arretierung auf den integrierten NATO-Schienen der meisten unserer Kamerak\u00e4fige oder \u00fcber unsere universellen <a href=\"https:\/\/de.tilta.com\/de\/product-category\/accessories-de\/nato-schienen\/\">NATO-Schienenbefestigungen<\/a> erm\u00f6glicht.<\/p>\n<p>Dieses Zubeh\u00f6rteil wiegt nur 30,5 g, ist aus einer Aluminiumlegierung gefertigt und kann eine Nutzlast von bis zu 3 kg tragen.<\/p>\n<\/div>\n","protected":false},"excerpt":{"rendered":"<p>Einf\u00fchrung in den NATO-Zubeh\u00f6r-Montageadapter Dieser unglaublich kleine Adapter bietet mehrere Optionen f\u00fcr die Montage von Zubeh\u00f6r, darunter ein 1\/4\u2033-20 und ein 3\/8\u2033-16 Gewinde, beide mit Fixierstiften. Dieser Adapter wird \u00fcber eine NATO-Verbindung befestigt, die eine einfache Anpassung und Arretierung auf [&hellip;]<\/p>\n","protected":false},"featured_media":1971642,"comment_status":"closed","ping_status":"closed","template":"","meta":[],"product_cat":[1073,1216,1197],"product_tag":[],"acf":[],"gallery_images":[1971644,1971643,1971470,1971469,1971468,1971467],"_links":{"self":[{"href":"https:\/\/eu.tilta.com\/de\/wp-json\/wp\/v2\/product\/1973117"}],"collection":[{"href":"https:\/\/eu.tilta.com\/de\/wp-json\/wp\/v2\/product"}],"about":[{"href":"https:\/\/eu.tilta.com\/de\/wp-json\/wp\/v2\/types\/product"}],"replies":[{"embeddable":true,"href":"https:\/\/eu.tilta.com\/de\/wp-json\/wp\/v2\/comments?post=1973117"}],"wp:featuredmedia":[{"embeddable":true,"href":"https:\/\/eu.tilta.com\/de\/wp-json\/wp\/v2\/media\/1971642"}],"wp:attachment":[{"href":"https:\/\/eu.tilta.com\/de\/wp-json\/wp\/v2\/media?parent=1973117"}],"wp:term":[{"taxonomy":"product_cat","embeddable":true,"href":"https:\/\/eu.tilta.com\/de\/wp-json\/wp\/v2\/product_cat?post=1973117"},{"taxonomy":"product_tag","embeddable":true,"href":"https:\/\/eu.tilta.com\/de\/wp-json\/wp\/v2\/product_tag?post=1973117"}],"curies":[{"name":"wp","href":"https:\/\/api.w.org\/{rel}","templated":true}]}}