{"id":1973120,"date":"2023-09-26T14:22:59","date_gmt":"2023-09-26T12:22:59","guid":{"rendered":"https:\/\/de.tilta.com\/shop\/tilta-adjustable-top-flag-1-4-20-with-locating-pins-black\/"},"modified":"2025-12-05T12:08:38","modified_gmt":"2025-12-05T11:08:38","slug":"tilta-adjustable-top-flag-1-4-20-with-locating-pins-black","status":"publish","type":"product","link":"https:\/\/eu.tilta.com\/de\/shop\/tilta-adjustable-top-flag-1-4-20-with-locating-pins-black\/","title":{"rendered":"Tilta Einstellbare Top-Fahne (1\/4&#8243;-20 mit Fixierstiften) &#8211; Schwarz"},"content":{"rendered":"<div class=\"overview-text\">\n<p>Diese universelle Topflagge l\u00e4sst sich mit einer 1\/4\u2033-20 Schraube mit Fixierstiften an fast allen Kamerak\u00e4figen befestigen und bietet Schutz vor unerw\u00fcnschten Flares.<\/p>\n<p>Der flexible Arm kann leicht auf den gew\u00fcnschten Winkel eingestellt werden, um Licht von jeder Seite des Objektivs zu blockieren.<\/p>\n<p>Dies kann besonders n\u00fctzlich sein, wenn Sie in direktem Sonnenlicht fotografieren und wenn Sie kompakte Matteboxen wie die <a href=\"https:\/\/de.tilta.com\/de\/shop\/tilta-mirage-matte-box\/\">Tilta Mirage<\/a> verwenden, die im Allgemeinen keine Seitenfahnen haben.<\/p>\n<\/div>\n","protected":false},"excerpt":{"rendered":"<p>Diese universelle Topflagge l\u00e4sst sich mit einer 1\/4\u2033-20 Schraube mit Fixierstiften an fast allen Kamerak\u00e4figen befestigen und bietet Schutz vor unerw\u00fcnschten Flares. Der flexible Arm kann leicht auf den gew\u00fcnschten Winkel eingestellt werden, um Licht von jeder Seite des Objektivs [&hellip;]<\/p>\n","protected":false},"featured_media":1971513,"comment_status":"closed","ping_status":"closed","template":"","meta":[],"product_cat":[1073,1219,1247],"product_tag":[],"acf":[],"gallery_images":[1971514,1971508,1971512,1971511,1971510],"_links":{"self":[{"href":"https:\/\/eu.tilta.com\/de\/wp-json\/wp\/v2\/product\/1973120"}],"collection":[{"href":"https:\/\/eu.tilta.com\/de\/wp-json\/wp\/v2\/product"}],"about":[{"href":"https:\/\/eu.tilta.com\/de\/wp-json\/wp\/v2\/types\/product"}],"replies":[{"embeddable":true,"href":"https:\/\/eu.tilta.com\/de\/wp-json\/wp\/v2\/comments?post=1973120"}],"wp:featuredmedia":[{"embeddable":true,"href":"https:\/\/eu.tilta.com\/de\/wp-json\/wp\/v2\/media\/1971513"}],"wp:attachment":[{"href":"https:\/\/eu.tilta.com\/de\/wp-json\/wp\/v2\/media?parent=1973120"}],"wp:term":[{"taxonomy":"product_cat","embeddable":true,"href":"https:\/\/eu.tilta.com\/de\/wp-json\/wp\/v2\/product_cat?post=1973120"},{"taxonomy":"product_tag","embeddable":true,"href":"https:\/\/eu.tilta.com\/de\/wp-json\/wp\/v2\/product_tag?post=1973120"}],"curies":[{"name":"wp","href":"https:\/\/api.w.org\/{rel}","templated":true}]}}