{"id":1973122,"date":"2023-09-12T09:52:24","date_gmt":"2023-09-12T07:52:24","guid":{"rendered":"https:\/\/de.tilta.com\/shop\/hydra-arm-futuristische-skizze-t-shirt-hellbraun\/"},"modified":"2026-04-15T03:49:16","modified_gmt":"2026-04-15T01:49:16","slug":"hydra-arm-futuristic-sketch-t-shirt-light-brown","status":"publish","type":"product","link":"https:\/\/eu.tilta.com\/de\/shop\/hydra-arm-futuristic-sketch-t-shirt-light-brown\/","title":{"rendered":"Hydra Arm Futuristische Skizze T-Shirt &#8211; Hellbraun"},"content":{"rendered":"<p>\u00dcbergro\u00dfe, von der Streetwear beeinflusste Passform mit Hydra Arm Schwebeauto-Skizze als Siebdruck auf der R\u00fcckseite. Dezenter Aufn\u00e4her auf der Vorderseite unten. Erh\u00e4ltlich in 3 Farben.<\/p>\n","protected":false},"excerpt":{"rendered":"<p>\u00dcbergro\u00dfe, von der Streetwear beeinflusste Passform mit Hydra Arm Schwebeauto-Skizze als Siebdruck auf der R\u00fcckseite. Dezenter Aufn\u00e4her auf der Vorderseite unten. Erh\u00e4ltlich in 3 Farben.<\/p>\n","protected":false},"featured_media":1971357,"comment_status":"closed","ping_status":"closed","template":"","meta":[],"product_cat":[1047,4493,1254],"product_tag":[],"acf":[],"gallery_images":[1970763,1970762],"_links":{"self":[{"href":"https:\/\/eu.tilta.com\/de\/wp-json\/wp\/v2\/product\/1973122"}],"collection":[{"href":"https:\/\/eu.tilta.com\/de\/wp-json\/wp\/v2\/product"}],"about":[{"href":"https:\/\/eu.tilta.com\/de\/wp-json\/wp\/v2\/types\/product"}],"replies":[{"embeddable":true,"href":"https:\/\/eu.tilta.com\/de\/wp-json\/wp\/v2\/comments?post=1973122"}],"wp:featuredmedia":[{"embeddable":true,"href":"https:\/\/eu.tilta.com\/de\/wp-json\/wp\/v2\/media\/1971357"}],"wp:attachment":[{"href":"https:\/\/eu.tilta.com\/de\/wp-json\/wp\/v2\/media?parent=1973122"}],"wp:term":[{"taxonomy":"product_cat","embeddable":true,"href":"https:\/\/eu.tilta.com\/de\/wp-json\/wp\/v2\/product_cat?post=1973122"},{"taxonomy":"product_tag","embeddable":true,"href":"https:\/\/eu.tilta.com\/de\/wp-json\/wp\/v2\/product_tag?post=1973122"}],"curies":[{"name":"wp","href":"https:\/\/api.w.org\/{rel}","templated":true}]}}