{"id":1973123,"date":"2023-09-13T11:21:38","date_gmt":"2023-09-13T09:21:38","guid":{"rendered":"https:\/\/de.tilta.com\/shop\/hdmi-kabelklemme-fuer-sony-zv-e1\/"},"modified":"2026-03-10T09:34:52","modified_gmt":"2026-03-10T08:34:52","slug":"hdmi-cable-clamp-for-sony-zv-e1","status":"publish","type":"product","link":"https:\/\/eu.tilta.com\/de\/shop\/hdmi-cable-clamp-for-sony-zv-e1\/","title":{"rendered":"HDMI-Kabelklemme f\u00fcr Sony ZV-E1"},"content":{"rendered":"<div class=\"overview-text\">\n<p><em>Wir stellen Ihnen die HDMI-Kabelklemme f\u00fcr Sony ZV-E1 vor, das perfekte, leichte Zubeh\u00f6r zur Erh\u00f6hung der Kabelsicherheit f\u00fcr Ihren Sony ZV-E1.<\/em><\/p>\n<p>Diese moderne Kabelklemme l\u00e4sst sich \u00fcber einen speziellen Befestigungspunkt leicht in den Full Camera Cage f\u00fcr Sony ZV-E1 integrieren.<\/p>\n<p>Diese Klemme bietet eine erh\u00f6hte Sicherheit f\u00fcr HDMI-Kabel und verf\u00fcgt \u00fcber R\u00e4ndelschrauben, mit denen die Kabel schnell angebracht oder entfernt werden k\u00f6nnen, ohne dass spezielles Werkzeug ben\u00f6tigt wird.<\/p>\n<p><strong>HINWEIS: Dieses Zubeh\u00f6rteil blockiert teilweise den SD-Kartensteckplatz und schr\u00e4nkt den Zugriff darauf ein, wenn es angebracht ist.  <\/strong><\/p>\n<\/div>\n","protected":false},"excerpt":{"rendered":"<p>Wir stellen Ihnen die HDMI-Kabelklemme f\u00fcr Sony ZV-E1 vor, das perfekte, leichte Zubeh\u00f6r zur Erh\u00f6hung der Kabelsicherheit f\u00fcr Ihren Sony ZV-E1. Diese moderne Kabelklemme l\u00e4sst sich \u00fcber einen speziellen Befestigungspunkt leicht in den Full Camera Cage f\u00fcr Sony ZV-E1 integrieren. [&hellip;]<\/p>\n","protected":false},"featured_media":1971403,"comment_status":"closed","ping_status":"closed","template":"","meta":[],"product_cat":[4448,1120],"product_tag":[],"acf":[],"gallery_images":[1971405,1971404,1971406,1971407],"_links":{"self":[{"href":"https:\/\/eu.tilta.com\/de\/wp-json\/wp\/v2\/product\/1973123"}],"collection":[{"href":"https:\/\/eu.tilta.com\/de\/wp-json\/wp\/v2\/product"}],"about":[{"href":"https:\/\/eu.tilta.com\/de\/wp-json\/wp\/v2\/types\/product"}],"replies":[{"embeddable":true,"href":"https:\/\/eu.tilta.com\/de\/wp-json\/wp\/v2\/comments?post=1973123"}],"wp:featuredmedia":[{"embeddable":true,"href":"https:\/\/eu.tilta.com\/de\/wp-json\/wp\/v2\/media\/1971403"}],"wp:attachment":[{"href":"https:\/\/eu.tilta.com\/de\/wp-json\/wp\/v2\/media?parent=1973123"}],"wp:term":[{"taxonomy":"product_cat","embeddable":true,"href":"https:\/\/eu.tilta.com\/de\/wp-json\/wp\/v2\/product_cat?post=1973123"},{"taxonomy":"product_tag","embeddable":true,"href":"https:\/\/eu.tilta.com\/de\/wp-json\/wp\/v2\/product_tag?post=1973123"}],"curies":[{"name":"wp","href":"https:\/\/api.w.org\/{rel}","templated":true}]}}