{"id":1973132,"date":"2023-09-13T04:35:49","date_gmt":"2023-09-13T02:35:49","guid":{"rendered":"https:\/\/de.tilta.com\/shop\/l-bracket-mounting-plate-for-sony-zv-e10-black\/"},"modified":"2025-12-05T12:08:59","modified_gmt":"2025-12-05T11:08:59","slug":"l-bracket-mounting-plate-for-sony-zv-e10-black","status":"publish","type":"product","link":"https:\/\/eu.tilta.com\/de\/shop\/l-bracket-mounting-plate-for-sony-zv-e10-black\/","title":{"rendered":"L-Bracket Mounting Plate for Sony ZV-E10 &#8211; Black"},"content":{"rendered":"<div class=\"overview-text\">\n<p><em>Wir stellen die L-Bracket Montageplatte f\u00fcr Sony ZV-E10 vor &#8211; die leichteste und kompakteste Option zur Verbesserung der Funktionalit\u00e4t Ihrer Kamera f\u00fcr die Videoproduktion.  <\/em><\/p>\n<p>Dieses L-Bracket-Design erinnert an einen halben K\u00e4fig und bietet Platz f\u00fcr zahlreiches Zubeh\u00f6r, w\u00e4hrend es gleichzeitig eine kompakte Grundfl\u00e4che durch mehrere Befestigungspunkte, einschlie\u00dflich 1\/4\u2033-20-Gewinde und eine Cold Shoe-Aufnahme an der Bodenplatte, beibeh\u00e4lt.<\/p>\n<p>Die Halterung verf\u00fcgt \u00fcber einen integrierten Silikongriff, der die Bedienung des Systems dank der rutschfesten Textur bequemer und sicherer macht.<\/p>\n<p>Dank der L-Bracket-Form erm\u00f6glicht Ihnen dieser K\u00e4fig einen ununterbrochenen Zugang zu den Kameraanschl\u00fcssen, den Benutzertasten und dem Batteriefach, ohne dass Sie den K\u00e4fig entfernen m\u00fcssen.<\/p>\n<p>Der mitgelieferte Sicherheitsbefestigungspunkt dient als zweiter Kontaktpunkt zwischen der Halterung und der Kamera und sorgt daf\u00fcr, dass sich die Kamera w\u00e4hrend des Gebrauchs nicht dreht.<\/p>\n<p><em>Erh\u00f6hen Sie Ihre Kamera mit der L-Bracket Montageplatte f\u00fcr Sony ZV-E10 und erschlie\u00dfen Sie das wahre Potenzial Ihrer Kamera.<\/em><\/p>\n<\/div>\n","protected":false},"excerpt":{"rendered":"<p>Wir stellen die L-Bracket Montageplatte f\u00fcr Sony ZV-E10 vor &#8211; die leichteste und kompakteste Option zur Verbesserung der Funktionalit\u00e4t Ihrer Kamera f\u00fcr die Videoproduktion. Dieses L-Bracket-Design erinnert an einen halben K\u00e4fig und bietet Platz f\u00fcr zahlreiches Zubeh\u00f6r, w\u00e4hrend es gleichzeitig [&hellip;]<\/p>\n","protected":false},"featured_media":1970773,"comment_status":"closed","ping_status":"closed","template":"","meta":[],"product_cat":[1121],"product_tag":[],"acf":[],"gallery_images":[1946179,1946178,1948888,1948889],"_links":{"self":[{"href":"https:\/\/eu.tilta.com\/de\/wp-json\/wp\/v2\/product\/1973132"}],"collection":[{"href":"https:\/\/eu.tilta.com\/de\/wp-json\/wp\/v2\/product"}],"about":[{"href":"https:\/\/eu.tilta.com\/de\/wp-json\/wp\/v2\/types\/product"}],"replies":[{"embeddable":true,"href":"https:\/\/eu.tilta.com\/de\/wp-json\/wp\/v2\/comments?post=1973132"}],"wp:featuredmedia":[{"embeddable":true,"href":"https:\/\/eu.tilta.com\/de\/wp-json\/wp\/v2\/media\/1970773"}],"wp:attachment":[{"href":"https:\/\/eu.tilta.com\/de\/wp-json\/wp\/v2\/media?parent=1973132"}],"wp:term":[{"taxonomy":"product_cat","embeddable":true,"href":"https:\/\/eu.tilta.com\/de\/wp-json\/wp\/v2\/product_cat?post=1973132"},{"taxonomy":"product_tag","embeddable":true,"href":"https:\/\/eu.tilta.com\/de\/wp-json\/wp\/v2\/product_tag?post=1973132"}],"curies":[{"name":"wp","href":"https:\/\/api.w.org\/{rel}","templated":true}]}}