{"id":1973133,"date":"2023-09-12T09:49:57","date_gmt":"2023-09-12T07:49:57","guid":{"rendered":"https:\/\/de.tilta.com\/shop\/hydra-arm-futuristische-skizze-t-shirt-creme-weiss\/"},"modified":"2026-04-15T03:49:16","modified_gmt":"2026-04-15T01:49:16","slug":"hydra-arm-futuristic-sketch-t-shirt-cream-white","status":"publish","type":"product","link":"https:\/\/eu.tilta.com\/de\/shop\/hydra-arm-futuristic-sketch-t-shirt-cream-white\/","title":{"rendered":"Hydra Arm Futuristische Skizze T-Shirt &#8211; Creme Wei\u00df"},"content":{"rendered":"<div class=\"overview-text\">\n<p>Entdecken Sie Komfort und Stil mit dem Hydra Arm Sketch T-Shirt. Die regul\u00e4re Passform passt zu einer Reihe von K\u00f6rperformen. Mit einem dezenten, dezentralen Aufdruck auf der Vorderseite und dem unverwechselbaren Hydra Arm Mini-Sketch und -Logo auf der R\u00fcckseite sticht es durch sein Design hervor. Hergestellt aus 100% hochwertiger gek\u00e4mmter Baumwolle, w\u00e4hlen Sie zwischen Wei\u00df, Smokey Pink oder Dim Gray. Wir empfehlen, dieses Hemd eine Nummer gr\u00f6\u00dfer zu w\u00e4hlen.<\/p>\n<\/div>\n","protected":false},"excerpt":{"rendered":"<p>Entdecken Sie Komfort und Stil mit dem Hydra Arm Sketch T-Shirt. Die regul\u00e4re Passform passt zu einer Reihe von K\u00f6rperformen. Mit einem dezenten, dezentralen Aufdruck auf der Vorderseite und dem unverwechselbaren Hydra Arm Mini-Sketch und -Logo auf der R\u00fcckseite sticht [&hellip;]<\/p>\n","protected":false},"featured_media":1971358,"comment_status":"closed","ping_status":"closed","template":"","meta":[],"product_cat":[1047,4448,4493,1254],"product_tag":[],"acf":[],"gallery_images":[1971359,1971362,1971360,1971363,1970766,1970761],"_links":{"self":[{"href":"https:\/\/eu.tilta.com\/de\/wp-json\/wp\/v2\/product\/1973133"}],"collection":[{"href":"https:\/\/eu.tilta.com\/de\/wp-json\/wp\/v2\/product"}],"about":[{"href":"https:\/\/eu.tilta.com\/de\/wp-json\/wp\/v2\/types\/product"}],"replies":[{"embeddable":true,"href":"https:\/\/eu.tilta.com\/de\/wp-json\/wp\/v2\/comments?post=1973133"}],"wp:featuredmedia":[{"embeddable":true,"href":"https:\/\/eu.tilta.com\/de\/wp-json\/wp\/v2\/media\/1971358"}],"wp:attachment":[{"href":"https:\/\/eu.tilta.com\/de\/wp-json\/wp\/v2\/media?parent=1973133"}],"wp:term":[{"taxonomy":"product_cat","embeddable":true,"href":"https:\/\/eu.tilta.com\/de\/wp-json\/wp\/v2\/product_cat?post=1973133"},{"taxonomy":"product_tag","embeddable":true,"href":"https:\/\/eu.tilta.com\/de\/wp-json\/wp\/v2\/product_tag?post=1973133"}],"curies":[{"name":"wp","href":"https:\/\/api.w.org\/{rel}","templated":true}]}}