{"id":1973136,"date":"2023-08-30T11:55:34","date_gmt":"2023-08-30T09:55:34","guid":{"rendered":"https:\/\/de.tilta.com\/shop\/hdmi-und-usb-c-kabelklemme-fuer-nikon-z8\/"},"modified":"2026-02-16T09:02:29","modified_gmt":"2026-02-16T08:02:29","slug":"hdmi-and-usb-c-cable-clamp-for-nikon-z8","status":"publish","type":"product","link":"https:\/\/eu.tilta.com\/de\/shop\/hdmi-and-usb-c-cable-clamp-for-nikon-z8\/","title":{"rendered":"HDMI und USB-C Kabelklemme f\u00fcr Nikon Z8"},"content":{"rendered":"<div class=\"overview-text\">\n<p><em>Wir stellen Ihnen die HDMI- und USB-C-Kabelklemme f\u00fcr die Nikon Z8 vor. Das ideale, leichte Zubeh\u00f6r f\u00fcr mehr Kabelsicherheit f\u00fcr Ihre Nikon Z8.<\/em><\/p>\n<p>Diese moderne Kabelklemme l\u00e4sst sich \u00fcber einen speziellen Befestigungspunkt, der zus\u00e4tzlich zu einer R\u00e4ndelschraube einen kleinen Montageschlitz aufweist, leicht in den <a href=\"https:\/\/de.tilta.com\/de\/shop\/full-camera-cage-for-nikon-z8-black\/\">Kamerak\u00e4fig der Nikon Z8<\/a> integrieren, um die Klemme zu befestigen und zu verhindern, dass sich das Zubeh\u00f6r w\u00e4hrend des Gebrauchs dreht.<\/p>\n<p>Diese Klemme bietet mehr Sicherheit f\u00fcr Kabel und erm\u00f6glicht es Benutzern, mehrere Kabel, einschlie\u00dflich HDMI und USB-C, \u00fcber ein einziges Zubeh\u00f6rteil zu sichern.<\/p>\n<p>Die R\u00e4ndelschrauben erm\u00f6glichen ein schnelles Anbringen oder Entfernen der Kabel und sorgen daf\u00fcr, dass f\u00fcr die Verwendung dieses Zubeh\u00f6rs kein spezielles Werkzeug ben\u00f6tigt wird.<\/p>\n<\/div>\n","protected":false},"excerpt":{"rendered":"<p>Wir stellen Ihnen die HDMI- und USB-C-Kabelklemme f\u00fcr die Nikon Z8 vor. Das ideale, leichte Zubeh\u00f6r f\u00fcr mehr Kabelsicherheit f\u00fcr Ihre Nikon Z8. Diese moderne Kabelklemme l\u00e4sst sich \u00fcber einen speziellen Befestigungspunkt, der zus\u00e4tzlich zu einer R\u00e4ndelschraube einen kleinen Montageschlitz [&hellip;]<\/p>\n","protected":false},"featured_media":1971263,"comment_status":"closed","ping_status":"closed","template":"","meta":[],"product_cat":[4448,1101],"product_tag":[],"acf":[],"gallery_images":[1971265,1971264,1971266,1971267],"_links":{"self":[{"href":"https:\/\/eu.tilta.com\/de\/wp-json\/wp\/v2\/product\/1973136"}],"collection":[{"href":"https:\/\/eu.tilta.com\/de\/wp-json\/wp\/v2\/product"}],"about":[{"href":"https:\/\/eu.tilta.com\/de\/wp-json\/wp\/v2\/types\/product"}],"replies":[{"embeddable":true,"href":"https:\/\/eu.tilta.com\/de\/wp-json\/wp\/v2\/comments?post=1973136"}],"wp:featuredmedia":[{"embeddable":true,"href":"https:\/\/eu.tilta.com\/de\/wp-json\/wp\/v2\/media\/1971263"}],"wp:attachment":[{"href":"https:\/\/eu.tilta.com\/de\/wp-json\/wp\/v2\/media?parent=1973136"}],"wp:term":[{"taxonomy":"product_cat","embeddable":true,"href":"https:\/\/eu.tilta.com\/de\/wp-json\/wp\/v2\/product_cat?post=1973136"},{"taxonomy":"product_tag","embeddable":true,"href":"https:\/\/eu.tilta.com\/de\/wp-json\/wp\/v2\/product_tag?post=1973136"}],"curies":[{"name":"wp","href":"https:\/\/api.w.org\/{rel}","templated":true}]}}