{"id":1973179,"date":"2023-08-04T16:54:11","date_gmt":"2023-08-04T14:54:11","guid":{"rendered":"https:\/\/de.tilta.com\/shop\/faltbarer-oberer-handgriff-fuer-red-komodo-x-schwarz\/"},"modified":"2025-12-05T12:09:02","modified_gmt":"2025-12-05T11:09:02","slug":"foldable-top-handle-for-red-komodo-x-black","status":"publish","type":"product","link":"https:\/\/eu.tilta.com\/de\/shop\/foldable-top-handle-for-red-komodo-x-black\/","title":{"rendered":"Faltbarer oberer Handgriff f\u00fcr RED KOMODO-X &#8211; Schwarz"},"content":{"rendered":"<div class=\"overview-text\">\n<p>Erleben Sie ein neues Ma\u00df an Bequemlichkeit mit unserem einzigartigen faltbaren oberen Griff, mit dem Sie den Gro\u00dfteil des Griffs aus dem Weg schwenken k\u00f6nnen, um ungehinderten Zugriff auf das obere Display Ihrer Kamera zu haben.<\/p>\n<p>Dieser Griff verf\u00fcgt au\u00dferdem \u00fcber mehrere Kontaktpunkte mit dem K\u00e4fig, was eine sicherere Verbindung als bei herk\u00f6mmlichen Komodo Top Griffen schafft und es den Benutzern erm\u00f6glicht, sich beim Bau schwererer Rigs mit gr\u00f6\u00dferen Objektiven sicherer zu f\u00fchlen.<\/p>\n<p>Dieser Griff bietet Befestigungspunkte f\u00fcr Zubeh\u00f6r wie einen Cold Shoe Receiver, einen 15mm Rutenhalter, 1\/4\u2033-20 und 3\/8\u2033-16 Gewinde mit Fixierpunkten.<\/p>\n<p>Dies macht die Montage von Zubeh\u00f6r wie externen Monitoren, elektronischen Suchern oder Schwenkarmen einfach und bequem.<\/p>\n<p>Dieser Top Handle ist vollst\u00e4ndig kompatibel mit dem DSMC3 RED TOUCH 7.0\u2033 Monitor.<\/p>\n<\/div>\n","protected":false},"excerpt":{"rendered":"<p>Erleben Sie ein neues Ma\u00df an Bequemlichkeit mit unserem einzigartigen faltbaren oberen Griff, mit dem Sie den Gro\u00dfteil des Griffs aus dem Weg schwenken k\u00f6nnen, um ungehinderten Zugriff auf das obere Display Ihrer Kamera zu haben. Dieser Griff verf\u00fcgt au\u00dferdem [&hellip;]<\/p>\n","protected":false},"featured_media":1970969,"comment_status":"closed","ping_status":"closed","template":"","meta":[],"product_cat":[1112],"product_tag":[],"acf":[],"gallery_images":[1970970,1970971,1970972,1970973],"_links":{"self":[{"href":"https:\/\/eu.tilta.com\/de\/wp-json\/wp\/v2\/product\/1973179"}],"collection":[{"href":"https:\/\/eu.tilta.com\/de\/wp-json\/wp\/v2\/product"}],"about":[{"href":"https:\/\/eu.tilta.com\/de\/wp-json\/wp\/v2\/types\/product"}],"replies":[{"embeddable":true,"href":"https:\/\/eu.tilta.com\/de\/wp-json\/wp\/v2\/comments?post=1973179"}],"wp:featuredmedia":[{"embeddable":true,"href":"https:\/\/eu.tilta.com\/de\/wp-json\/wp\/v2\/media\/1970969"}],"wp:attachment":[{"href":"https:\/\/eu.tilta.com\/de\/wp-json\/wp\/v2\/media?parent=1973179"}],"wp:term":[{"taxonomy":"product_cat","embeddable":true,"href":"https:\/\/eu.tilta.com\/de\/wp-json\/wp\/v2\/product_cat?post=1973179"},{"taxonomy":"product_tag","embeddable":true,"href":"https:\/\/eu.tilta.com\/de\/wp-json\/wp\/v2\/product_tag?post=1973179"}],"curies":[{"name":"wp","href":"https:\/\/api.w.org\/{rel}","templated":true}]}}