{"id":1973180,"date":"2023-08-10T13:02:11","date_gmt":"2023-08-10T11:02:11","guid":{"rendered":"https:\/\/de.tilta.com\/shop\/monitor-cage-for-atomos-shogun-connect-handheld-black\/"},"modified":"2026-02-13T19:18:17","modified_gmt":"2026-02-13T18:18:17","slug":"monitor-cage-for-atomos-shogun-connect-handheld-kit-black","status":"publish","type":"product","link":"https:\/\/eu.tilta.com\/de\/shop\/monitor-cage-for-atomos-shogun-connect-handheld-kit-black\/","title":{"rendered":"Monitorhalterung f\u00fcr Atomos Shogun Connect Handheld &#8211; Schwarz"},"content":{"rendered":"<div class=\"overview-text\">\n<p><em>Wir stellen Ihnen das Monitor Cage f\u00fcr das Atomos Shogun Connect Handheld Kit vor, das ultimative Zubeh\u00f6rkit, mit dem Sie Ihren externen Monitor auf die n\u00e4chste Stufe heben k\u00f6nnen!  <\/em><\/p>\n<p>Die Grundlage dieses Kits ist der Monitor Cage, der speziell f\u00fcr den Atomos Shogun Connect entwickelt wurde und sich nahtlos in Ihren Arbeitsablauf einf\u00fcgt, da er die Funktionen des Monitors nicht einschr\u00e4nkt.<\/p>\n<p>Das bedeutet, dass Sie bei Verwendung dieses K\u00e4figs weiterhin auf alle E\/A-Anschl\u00fcsse zugreifen, die SSD-Halterung verwenden, die Sonnenblende des Monitors anbringen, On-Board-Batterien verwenden und den Abluftventilator des Monitors nicht beeintr\u00e4chtigen k\u00f6nnen.<\/p>\n<p>Der K\u00e4fig selbst bietet mehrere Optionen f\u00fcr die Montage von Zubeh\u00f6r wie NATO-Schienen an drei Seiten, eine Cold Shoe-Aufnahme, 1\/4\u2033-20 und 3\/8\u2033-16 Gewinde mit Fixierstiften.<\/p>\n<p>Im Lieferumfang des Cage ist eine doppelte Kabelklemme enthalten, mit der Sie Ihre HDMI-Kabel fixieren k\u00f6nnen, was die Gefahr, dass sie versehentlich getrennt werden, erheblich verringert.<\/p>\n<p>Die mitgelieferten Haltegriffe werden an der Seite des K\u00e4figs befestigt und bieten eine bequeme und sichere M\u00f6glichkeit, den Monitor w\u00e4hrend der Betrachtung zu halten.<\/p>\n<p>Die verstellbaren ausklappbaren Beine k\u00f6nnen um 90 Grad ausgefahren werden, so dass Sie den Monitor auf einer ebenen Fl\u00e4che abstellen k\u00f6nnen, ohne dass die Funktionalit\u00e4t des K\u00e4figs, einschlie\u00dflich der vier Befestigungspunkte f\u00fcr den Schultergurt, eingeschr\u00e4nkt wird.<\/p>\n<\/div>\n","protected":false},"excerpt":{"rendered":"<p>Wir stellen Ihnen das Monitor Cage f\u00fcr das Atomos Shogun Connect Handheld Kit vor, das ultimative Zubeh\u00f6rkit, mit dem Sie Ihren externen Monitor auf die n\u00e4chste Stufe heben k\u00f6nnen! Die Grundlage dieses Kits ist der Monitor Cage, der speziell f\u00fcr [&hellip;]<\/p>\n","protected":false},"featured_media":1971071,"comment_status":"closed","ping_status":"closed","template":"","meta":[],"product_cat":[1047,1211],"product_tag":[],"acf":[],"gallery_images":[1971069,1971072,1971070,1971040,1971041,1971042],"_links":{"self":[{"href":"https:\/\/eu.tilta.com\/de\/wp-json\/wp\/v2\/product\/1973180"}],"collection":[{"href":"https:\/\/eu.tilta.com\/de\/wp-json\/wp\/v2\/product"}],"about":[{"href":"https:\/\/eu.tilta.com\/de\/wp-json\/wp\/v2\/types\/product"}],"replies":[{"embeddable":true,"href":"https:\/\/eu.tilta.com\/de\/wp-json\/wp\/v2\/comments?post=1973180"}],"wp:featuredmedia":[{"embeddable":true,"href":"https:\/\/eu.tilta.com\/de\/wp-json\/wp\/v2\/media\/1971071"}],"wp:attachment":[{"href":"https:\/\/eu.tilta.com\/de\/wp-json\/wp\/v2\/media?parent=1973180"}],"wp:term":[{"taxonomy":"product_cat","embeddable":true,"href":"https:\/\/eu.tilta.com\/de\/wp-json\/wp\/v2\/product_cat?post=1973180"},{"taxonomy":"product_tag","embeddable":true,"href":"https:\/\/eu.tilta.com\/de\/wp-json\/wp\/v2\/product_tag?post=1973180"}],"curies":[{"name":"wp","href":"https:\/\/api.w.org\/{rel}","templated":true}]}}