{"id":1973184,"date":"2023-08-04T16:51:59","date_gmt":"2023-08-04T14:51:59","guid":{"rendered":"https:\/\/de.tilta.com\/shop\/full-camera-cage-for-red-komodo-x-black\/"},"modified":"2025-12-05T12:09:05","modified_gmt":"2025-12-05T11:09:05","slug":"full-camera-cage-for-red-komodo-x-black","status":"publish","type":"product","link":"https:\/\/eu.tilta.com\/de\/shop\/full-camera-cage-for-red-komodo-x-black\/","title":{"rendered":"Full Camera Cage for RED KOMODO-X &#8211; Black"},"content":{"rendered":"<div class=\"overview-text\">\n<p><em>Wir stellen das Ultimate Camera Cage System f\u00fcr die RED Komodo-X vor. Verbessern Sie Ihr Filmerlebnis mit unserem hochmodernen Kamerak\u00e4fig, der exklusiv f\u00fcr die n\u00e4chste Generation von Komodo entwickelt wurde.<\/em><\/p>\n<p>Unser Kamerak\u00e4fig wurde zum Schutz Ihrer kompakten Kinokamera entwickelt. Er sch\u00fctzt Ihre Kamera in einer robusten und modularen Au\u00dfenh\u00fclle, die es dem Benutzer erm\u00f6glicht, nur die Elemente des K\u00e4figs zu verwenden, die er f\u00fcr einen bestimmten Aufbau ben\u00f6tigt.<\/p>\n<p>Dieser K\u00e4fig wurde mit Blick auf Vielseitigkeit entwickelt und verf\u00fcgt \u00fcber eine Reihe strategischer Befestigungspunkte, darunter NATO-Schienen, eine Cold Shoe-Aufnahme, Arri-Rosetten und 1\/4\u2033-20 sowie 3\/8\u2033-16 Gewinde mit Fixierpunkten.<\/p>\n<p>Diese Optionen bieten Platz f\u00fcr Zubeh\u00f6r wie NATO-basierte Seitengriffe, externe Monitore, obere Griffe und vieles mehr.<\/p>\n<p>Die Bodenplatte dieses K\u00e4figs verf\u00fcgt \u00fcber 1\/4\u2033-20 und 3\/8\u2033-16 Gewinde, wodurch sie sich leicht an verschiedene Halterungssysteme anpassen l\u00e4sst. Sie ist \u00fcber die mitgelieferte Schnellwechselplatte mit unserer <a href=\"https:\/\/de.tilta.com\/de\/shop\/15mm-lws-baseplate-for-red-komodo\/\">15mm LWS Baseplate f\u00fcr RED Komodo<\/a> kompatibel.<\/p>\n<p>Unsere neue Objektivadapterhalterung, die im Lieferumfang des Full Cage enthalten ist, verf\u00fcgt \u00fcber ein ausgekl\u00fcgeltes Klemmdesign, das mehrere Kontaktpunkte f\u00fcr eine verbesserte Stabilit\u00e4t bietet.<\/p>\n<p>Dieser Ansatz erh\u00f6ht nicht nur die Sicherheit Ihrer Objektivadapter, wie z.B. unseren <a href=\"https:\/\/de.tilta.com\/de\/shop\/tiltaing-canon-rf-mount-to-pl-mount-adapter-with-adjustable-back-focus\/\">Canon RF Mount auf PL Mount Adapter<\/a>, sondern st\u00e4rkt auch Ihr Vertrauen bei der Verwendung gr\u00f6\u00dferer Objektive.<\/p>\n<\/div>\n","protected":false},"excerpt":{"rendered":"<p>Wir stellen das Ultimate Camera Cage System f\u00fcr die RED Komodo-X vor. Verbessern Sie Ihr Filmerlebnis mit unserem hochmodernen Kamerak\u00e4fig, der exklusiv f\u00fcr die n\u00e4chste Generation von Komodo entwickelt wurde. Unser Kamerak\u00e4fig wurde zum Schutz Ihrer kompakten Kinokamera entwickelt. Er [&hellip;]<\/p>\n","protected":false},"featured_media":1970966,"comment_status":"closed","ping_status":"closed","template":"","meta":[],"product_cat":[1112],"product_tag":[],"acf":[],"gallery_images":[1970967,1970968,1970999,1970998,1970997,1970996],"_links":{"self":[{"href":"https:\/\/eu.tilta.com\/de\/wp-json\/wp\/v2\/product\/1973184"}],"collection":[{"href":"https:\/\/eu.tilta.com\/de\/wp-json\/wp\/v2\/product"}],"about":[{"href":"https:\/\/eu.tilta.com\/de\/wp-json\/wp\/v2\/types\/product"}],"replies":[{"embeddable":true,"href":"https:\/\/eu.tilta.com\/de\/wp-json\/wp\/v2\/comments?post=1973184"}],"wp:featuredmedia":[{"embeddable":true,"href":"https:\/\/eu.tilta.com\/de\/wp-json\/wp\/v2\/media\/1970966"}],"wp:attachment":[{"href":"https:\/\/eu.tilta.com\/de\/wp-json\/wp\/v2\/media?parent=1973184"}],"wp:term":[{"taxonomy":"product_cat","embeddable":true,"href":"https:\/\/eu.tilta.com\/de\/wp-json\/wp\/v2\/product_cat?post=1973184"},{"taxonomy":"product_tag","embeddable":true,"href":"https:\/\/eu.tilta.com\/de\/wp-json\/wp\/v2\/product_tag?post=1973184"}],"curies":[{"name":"wp","href":"https:\/\/api.w.org\/{rel}","templated":true}]}}