{"id":1973193,"date":"2023-08-18T09:56:40","date_gmt":"2023-08-18T07:56:40","guid":{"rendered":"https:\/\/de.tilta.com\/shop\/kuehlsystem-fuer-sony-a6700-schwarz\/"},"modified":"2026-04-26T23:07:17","modified_gmt":"2026-04-26T21:07:17","slug":"cooling-system-for-sony-a6700-black","status":"publish","type":"product","link":"https:\/\/eu.tilta.com\/de\/shop\/cooling-system-for-sony-a6700-black\/","title":{"rendered":"K\u00fchlsystem f\u00fcr Sony a6700 &#8211; Schwarz"},"content":{"rendered":"<div class=\"overview-text\">\n<p>Das K\u00fchlsystem f\u00fcr die Sony a6700 ist das perfekte Zubeh\u00f6r f\u00fcr Benutzer, die l\u00e4ngere Zeit in Umgebungen mit h\u00f6heren Temperaturen fotografieren m\u00f6chten.<\/p>\n<p>Das System l\u00e4sst sich mit einer einzigen Flachkopfschraube nahtlos am <a href=\"https:\/\/de.tilta.com\/de\/shop\/full-camera-cage-for-sony-a6700\/\">Full Camera Cage f\u00fcr Sony a6700<\/a> befestigen, was die Installation einfach und sicher macht.<\/p>\n<p>Dieses K\u00fchlmodul kann bequem \u00fcber USB-C mit Strom versorgt werden, was dem Benutzer viele Optionen f\u00fcr die Stromversorgung des Moduls bietet.<\/p>\n<p>Das System verf\u00fcgt au\u00dferdem \u00fcber einen einstellbaren L\u00fcfter, mit dem Sie die Geschwindigkeit f\u00fcr unterschiedliche Aufnahmesituationen \u00e4ndern k\u00f6nnen, was besonders bei der Aufnahme von Ton n\u00fctzlich ist.<\/p>\n<\/div>\n","protected":false},"excerpt":{"rendered":"<p>Das K\u00fchlsystem f\u00fcr die Sony a6700 ist das perfekte Zubeh\u00f6r f\u00fcr Benutzer, die l\u00e4ngere Zeit in Umgebungen mit h\u00f6heren Temperaturen fotografieren m\u00f6chten. Das System l\u00e4sst sich mit einer einzigen Flachkopfschraube nahtlos am Full Camera Cage f\u00fcr Sony a6700 befestigen, was [&hellip;]<\/p>\n","protected":false},"featured_media":1971130,"comment_status":"closed","ping_status":"closed","template":"","meta":[],"product_cat":[1117],"product_tag":[],"acf":[],"gallery_images":[1971128,1971129,1971127],"_links":{"self":[{"href":"https:\/\/eu.tilta.com\/de\/wp-json\/wp\/v2\/product\/1973193"}],"collection":[{"href":"https:\/\/eu.tilta.com\/de\/wp-json\/wp\/v2\/product"}],"about":[{"href":"https:\/\/eu.tilta.com\/de\/wp-json\/wp\/v2\/types\/product"}],"replies":[{"embeddable":true,"href":"https:\/\/eu.tilta.com\/de\/wp-json\/wp\/v2\/comments?post=1973193"}],"wp:featuredmedia":[{"embeddable":true,"href":"https:\/\/eu.tilta.com\/de\/wp-json\/wp\/v2\/media\/1971130"}],"wp:attachment":[{"href":"https:\/\/eu.tilta.com\/de\/wp-json\/wp\/v2\/media?parent=1973193"}],"wp:term":[{"taxonomy":"product_cat","embeddable":true,"href":"https:\/\/eu.tilta.com\/de\/wp-json\/wp\/v2\/product_cat?post=1973193"},{"taxonomy":"product_tag","embeddable":true,"href":"https:\/\/eu.tilta.com\/de\/wp-json\/wp\/v2\/product_tag?post=1973193"}],"curies":[{"name":"wp","href":"https:\/\/api.w.org\/{rel}","templated":true}]}}