{"id":1973195,"date":"2023-08-07T09:54:41","date_gmt":"2023-08-07T07:54:41","guid":{"rendered":"https:\/\/de.tilta.com\/shop\/mounting-baseplate-with-grip-for-sony-zv-1-zv-1f-zv-1m2-black\/"},"modified":"2025-12-05T12:09:07","modified_gmt":"2025-12-05T11:09:07","slug":"mounting-baseplate-with-grip-for-sony-zv-1-zv-1f-zv-1m2-black","status":"publish","type":"product","link":"https:\/\/eu.tilta.com\/de\/shop\/mounting-baseplate-with-grip-for-sony-zv-1-zv-1f-zv-1m2-black\/","title":{"rendered":"Mounting Baseplate with Grip for Sony ZV-1 \/ ZV-1F \/ ZV-1M2- Black"},"content":{"rendered":"<div class=\"overview-text\">\n<p><em>Wir stellen die Montagegrundplatte mit Griff f\u00fcr Sony ZV-1, ZV-1F und ZV-1M2 vor, ein praktisches, leichtes Zubeh\u00f6r zur Erweiterung der Befestigungsm\u00f6glichkeiten Ihrer Kamera!  <\/em><\/p>\n<p>Diese Grundplatte verf\u00fcgt \u00fcber ein einzigartiges Design, das es erm\u00f6glicht, die Position der Kameramontageschraube zu verstellen, um verschiedene Kamerageh\u00e4use aufzunehmen.<\/p>\n<p>Diese Grundplatte verf\u00fcgt \u00fcber mehrere 1\/4\u2033-20-Gewinde an der Bodenplatte und am rechten Seitengriff, so dass Sie vertikal oder horizontal schie\u00dfen k\u00f6nnen.<\/p>\n<p>Diese 1\/4\u2033-20-Gewinde k\u00f6nnen zus\u00e4tzlich zu einem Cold Shoe-Empf\u00e4nger an der Bodenplatte auch f\u00fcr die Befestigung von verschiedenem Zubeh\u00f6r wie z.B. Bordleuchten oder externen Mikrofonen verwendet werden.<\/p>\n<p>Der integrierte Handgriff sorgt f\u00fcr eine komfortablere Bedienung und f\u00fcgt sich nahtlos in das Kamerageh\u00e4use ein, so dass ein einheitliches Erscheinungsbild entsteht.<\/p>\n<\/div>\n","protected":false},"excerpt":{"rendered":"<p>Wir stellen die Montagegrundplatte mit Griff f\u00fcr Sony ZV-1, ZV-1F und ZV-1M2 vor, ein praktisches, leichtes Zubeh\u00f6r zur Erweiterung der Befestigungsm\u00f6glichkeiten Ihrer Kamera! Diese Grundplatte verf\u00fcgt \u00fcber ein einzigartiges Design, das es erm\u00f6glicht, die Position der Kameramontageschraube zu verstellen, um [&hellip;]<\/p>\n","protected":false},"featured_media":1970376,"comment_status":"closed","ping_status":"closed","template":"","meta":[],"product_cat":[1119],"product_tag":[],"acf":[],"gallery_images":[1944929,1944928,1944930,1944927],"_links":{"self":[{"href":"https:\/\/eu.tilta.com\/de\/wp-json\/wp\/v2\/product\/1973195"}],"collection":[{"href":"https:\/\/eu.tilta.com\/de\/wp-json\/wp\/v2\/product"}],"about":[{"href":"https:\/\/eu.tilta.com\/de\/wp-json\/wp\/v2\/types\/product"}],"replies":[{"embeddable":true,"href":"https:\/\/eu.tilta.com\/de\/wp-json\/wp\/v2\/comments?post=1973195"}],"wp:featuredmedia":[{"embeddable":true,"href":"https:\/\/eu.tilta.com\/de\/wp-json\/wp\/v2\/media\/1970376"}],"wp:attachment":[{"href":"https:\/\/eu.tilta.com\/de\/wp-json\/wp\/v2\/media?parent=1973195"}],"wp:term":[{"taxonomy":"product_cat","embeddable":true,"href":"https:\/\/eu.tilta.com\/de\/wp-json\/wp\/v2\/product_cat?post=1973195"},{"taxonomy":"product_tag","embeddable":true,"href":"https:\/\/eu.tilta.com\/de\/wp-json\/wp\/v2\/product_tag?post=1973195"}],"curies":[{"name":"wp","href":"https:\/\/api.w.org\/{rel}","templated":true}]}}