{"id":1973196,"date":"2023-08-17T19:55:43","date_gmt":"2023-08-17T17:55:43","guid":{"rendered":"https:\/\/de.tilta.com\/shop\/camera-cage-for-sony-a6700-lightweight-kit\/"},"modified":"2025-12-05T12:09:23","modified_gmt":"2025-12-05T11:09:23","slug":"camera-cage-for-sony-a6700-lightweight-kit","status":"publish","type":"product","link":"https:\/\/eu.tilta.com\/de\/shop\/camera-cage-for-sony-a6700-lightweight-kit\/","title":{"rendered":"Kamerak\u00e4fig f\u00fcr Sony a6700 Leichtgewicht Kit"},"content":{"rendered":"<p><em>Mit dem Kamerak\u00e4fig f\u00fcr Sony a6700 Leichtgewicht Kit stellen wir Ihnen eine fantastische kompakte Option zur Erweiterung der Funktionalit\u00e4t Ihrer Kamera in einer Videoproduktionsumgebung vor.<\/em><\/p>\n<p>Dieser K\u00e4fig bietet Schutz f\u00fcr Ihre Kamera und verf\u00fcgt \u00fcber umfangreiche Optionen f\u00fcr die Montage von zus\u00e4tzlichem Zubeh\u00f6r wie Cold Shoe-Empf\u00e4ngern, NATO-Schienen und 1\/4_-20-Gewinden mit Fixierpunkten.<\/p>\n<p>Der K\u00e4fig verf\u00fcgt \u00fcber eine abnehmbare ARCA-Swiss Bodenplatte, die einen schnellen Wechsel erm\u00f6glicht, da Stativk\u00f6pfe und Gimbals wie der <a href=\"https:\/\/de.tilta.com\/product-category\/ecosystem-for-dji-ronin\/\">DJI Ronin RS2 &amp; RS3 Pro<\/a>.<\/p>\n<p>Diese ARCA-Platte kann an der Seite des Kamerak\u00e4figs montiert werden, um sowohl horizontale als auch vertikale Aufnahmekonfigurationen zu erm\u00f6glichen.<\/p>\n<p>Der K\u00e4fig verf\u00fcgt \u00fcber ein sicheres und passgenaues Design mit zwei Kontaktpunkten und ist mit dem Sony ECM-W2BT kompatibel.<\/p>\n<p>Die mitgelieferte NATO-Schiene und der NATO-Obergriff bieten flexiblere Schie\u00df- und Handhabungsoptionen, besonders n\u00fctzlich f\u00fcr Sch\u00fcsse aus niedrigen Winkeln.<\/p>\n<p>Der obere Handgriff verbessert au\u00dferdem die Befestigungsm\u00f6glichkeiten mit zus\u00e4tzlichen 1\/4_-20-Gewinden und einem Cold Shoe-Empf\u00e4nger, der sich perfekt f\u00fcr einen externen Monitor eignet.<\/p>\n<p>Ebenfalls in diesem Kit enthalten ist das <a href=\"https:\/\/de.tilta.com\/shop\/cooling-system-for-sony-a6700-black\/\">Cooling System<\/a>, mit dem Sie l\u00e4nger aufnehmen k\u00f6nnen, ohne dass es zu einer \u00dcberhitzung kommt. Es l\u00e4sst sich bequem \u00fcber R\u00e4ndelschrauben befestigen, wird \u00fcber USB-C mit Strom versorgt und verf\u00fcgt \u00fcber einstellbare L\u00fcftergeschwindigkeiten.<\/p>\n","protected":false},"excerpt":{"rendered":"<p>Mit dem Kamerak\u00e4fig f\u00fcr Sony a6700 Leichtgewicht Kit stellen wir Ihnen eine fantastische kompakte Option zur Erweiterung der Funktionalit\u00e4t Ihrer Kamera in einer Videoproduktionsumgebung vor. Dieser K\u00e4fig bietet Schutz f\u00fcr Ihre Kamera und verf\u00fcgt \u00fcber umfangreiche Optionen f\u00fcr die Montage [&hellip;]<\/p>\n","protected":false},"featured_media":1971247,"comment_status":"closed","ping_status":"closed","template":"","meta":[],"product_cat":[1117],"product_tag":[],"acf":[],"gallery_images":[1971245,1971246,1971108,1971109],"_links":{"self":[{"href":"https:\/\/eu.tilta.com\/de\/wp-json\/wp\/v2\/product\/1973196"}],"collection":[{"href":"https:\/\/eu.tilta.com\/de\/wp-json\/wp\/v2\/product"}],"about":[{"href":"https:\/\/eu.tilta.com\/de\/wp-json\/wp\/v2\/types\/product"}],"replies":[{"embeddable":true,"href":"https:\/\/eu.tilta.com\/de\/wp-json\/wp\/v2\/comments?post=1973196"}],"wp:featuredmedia":[{"embeddable":true,"href":"https:\/\/eu.tilta.com\/de\/wp-json\/wp\/v2\/media\/1971247"}],"wp:attachment":[{"href":"https:\/\/eu.tilta.com\/de\/wp-json\/wp\/v2\/media?parent=1973196"}],"wp:term":[{"taxonomy":"product_cat","embeddable":true,"href":"https:\/\/eu.tilta.com\/de\/wp-json\/wp\/v2\/product_cat?post=1973196"},{"taxonomy":"product_tag","embeddable":true,"href":"https:\/\/eu.tilta.com\/de\/wp-json\/wp\/v2\/product_tag?post=1973196"}],"curies":[{"name":"wp","href":"https:\/\/api.w.org\/{rel}","templated":true}]}}