{"id":1973199,"date":"2023-08-04T16:58:45","date_gmt":"2023-08-04T14:58:45","guid":{"rendered":"https:\/\/de.tilta.com\/shop\/camera-cage-for-red-komodo-x-lightweight-kit-black\/"},"modified":"2025-12-05T12:09:22","modified_gmt":"2025-12-05T11:09:22","slug":"camera-cage-for-red-komodo-x-lightweight-kit-black","status":"publish","type":"product","link":"https:\/\/eu.tilta.com\/de\/shop\/camera-cage-for-red-komodo-x-lightweight-kit-black\/","title":{"rendered":"Kamerak\u00e4fig f\u00fcr RED KOMODO-X Lightweight Kit &#8211; Schwarz"},"content":{"rendered":"<div class=\"overview-text\">\n<p><em>Wir stellen das Ultimate Camera Cage System f\u00fcr die RED Komodo-X vor. Verbessern Sie Ihr Filmerlebnis mit unserem hochmodernen Kamerak\u00e4fig, der exklusiv f\u00fcr die n\u00e4chste Generation von Komodo entwickelt wurde.<\/em><\/p>\n<p>Unser System wurde zum Schutz Ihrer kompakten Kinokamera entwickelt und sch\u00fctzt Ihre Kamera in einem sicheren und robusten Kamerak\u00e4fig, der die Grundlage dieses Kits bildet.<\/p>\n<p>Der K\u00e4fig wurde mit Blick auf Vielseitigkeit entwickelt und verf\u00fcgt \u00fcber eine Reihe strategischer Befestigungspunkte, darunter NATO-Schienen, eine Cold Shoe-Aufnahme, Arri-Rosetten und 1\/4\u2033-20 sowie 3\/8\u2033-16 Gewinde mit Fixierpunkten.<\/p>\n<p>Unsere neue Objektivadapterhalterung, die im Lieferumfang des Full Cage enthalten ist, verf\u00fcgt \u00fcber ein ausgekl\u00fcgeltes Klemmdesign, das mehrere Kontaktpunkte f\u00fcr eine verbesserte Stabilit\u00e4t bietet.<\/p>\n<p>Dieser Ansatz erh\u00f6ht nicht nur die Sicherheit Ihrer Objektivadapter, wie z.B. unseren <a href=\"https:\/\/de.tilta.com\/de\/shop\/tiltaing-canon-rf-mount-to-pl-mount-adapter-with-adjustable-back-focus\/\">Canon RF Mount auf PL Mount Adapter<\/a>, sondern st\u00e4rkt auch Ihr Vertrauen bei der Verwendung gr\u00f6\u00dferer Objektive.<\/p>\n<p>Im Lieferumfang dieses Kits ist unser leichter, schnell abnehmbarer oberer Griff enthalten, mit dem Sie Ihr System bequem bedienen und handhaben k\u00f6nnen, ohne dass Ihr Rigg erheblich an Gewicht zunimmt.<\/p>\n<p>Dieser Griff bietet zus\u00e4tzliche Befestigungspunkte f\u00fcr Zubeh\u00f6r wie einen weiteren Cold Shoe Receiver, einen 15mm Rutenhalter, 1\/4\u2033-20 und 3\/8\u2033-16 Gewinde mit Fixierpunkten.<\/p>\n<p>Dieses Kit enth\u00e4lt auch einen Holzgriff f\u00fcr die linke Seite, der mit unserem Typ VI-Befestigungstyp montiert wird, der mit jeder NATO-Schiene kompatibel ist.<\/p>\n<p><em>Erh\u00f6hen Sie Ihr kreatives Potenzial, sch\u00fctzen Sie Ihre Ausr\u00fcstung und entfesseln Sie das volle Ausma\u00df Ihrer Visionen mit einem umfassenden System, das Schutz, Vielseitigkeit und Innovation nahtlos integriert.<\/em><\/p>\n<\/div>\n","protected":false},"excerpt":{"rendered":"<p>Wir stellen das Ultimate Camera Cage System f\u00fcr die RED Komodo-X vor. Verbessern Sie Ihr Filmerlebnis mit unserem hochmodernen Kamerak\u00e4fig, der exklusiv f\u00fcr die n\u00e4chste Generation von Komodo entwickelt wurde. Unser System wurde zum Schutz Ihrer kompakten Kinokamera entwickelt und [&hellip;]<\/p>\n","protected":false},"featured_media":1970977,"comment_status":"closed","ping_status":"closed","template":"","meta":[],"product_cat":[1112],"product_tag":[],"acf":[],"gallery_images":[1970980,1970978,1970999,1970998,1970997,1970996],"_links":{"self":[{"href":"https:\/\/eu.tilta.com\/de\/wp-json\/wp\/v2\/product\/1973199"}],"collection":[{"href":"https:\/\/eu.tilta.com\/de\/wp-json\/wp\/v2\/product"}],"about":[{"href":"https:\/\/eu.tilta.com\/de\/wp-json\/wp\/v2\/types\/product"}],"replies":[{"embeddable":true,"href":"https:\/\/eu.tilta.com\/de\/wp-json\/wp\/v2\/comments?post=1973199"}],"wp:featuredmedia":[{"embeddable":true,"href":"https:\/\/eu.tilta.com\/de\/wp-json\/wp\/v2\/media\/1970977"}],"wp:attachment":[{"href":"https:\/\/eu.tilta.com\/de\/wp-json\/wp\/v2\/media?parent=1973199"}],"wp:term":[{"taxonomy":"product_cat","embeddable":true,"href":"https:\/\/eu.tilta.com\/de\/wp-json\/wp\/v2\/product_cat?post=1973199"},{"taxonomy":"product_tag","embeddable":true,"href":"https:\/\/eu.tilta.com\/de\/wp-json\/wp\/v2\/product_tag?post=1973199"}],"curies":[{"name":"wp","href":"https:\/\/api.w.org\/{rel}","templated":true}]}}