{"id":1973200,"date":"2023-08-17T10:37:39","date_gmt":"2023-08-17T08:37:39","guid":{"rendered":"https:\/\/de.tilta.com\/shop\/full-camera-cage-for-sony-a6700\/"},"modified":"2026-04-26T23:07:33","modified_gmt":"2026-04-26T21:07:33","slug":"full-camera-cage-for-sony-a6700","status":"publish","type":"product","link":"https:\/\/eu.tilta.com\/de\/shop\/full-camera-cage-for-sony-a6700\/","title":{"rendered":"Full Camera Cage for Sony a6700"},"content":{"rendered":"<p><em>Wir stellen Ihnen das Full Camera Cage f\u00fcr Sony a6700 vor, eine fantastische Option zur Erweiterung der Funktionalit\u00e4t Ihrer Kamera in einer Videoproduktionsumgebung.  <\/em><\/p>\n<p>Dieser K\u00e4fig bietet Schutz f\u00fcr Ihre Kamera und verf\u00fcgt \u00fcber umfangreiche Optionen f\u00fcr die Montage von zus\u00e4tzlichem Zubeh\u00f6r wie Cold Shoe-Empf\u00e4ngern, NATO-Schienen und 1\/4\u2033-20-Gewinden mit Fixierpunkten.<\/p>\n<p>Der K\u00e4fig verf\u00fcgt \u00fcber eine abnehmbare ARCA-Swiss Bodenplatte, die einen schnellen Wechsel zwischen Stativk\u00f6pfen und Gimbals wie dem <a href=\"https:\/\/de.tilta.com\/de\/product-category\/okosystem-fur-dji-ronin\/\">DJI Ronin RS2 &amp; RS3 Pro<\/a> erm\u00f6glicht.<\/p>\n<p>Diese ARCA-Platte kann an der Seite des Kamerak\u00e4figs montiert werden, um sowohl horizontale als auch vertikale Aufnahmekonfigurationen zu erm\u00f6glichen.<\/p>\n<p>Der K\u00e4fig verf\u00fcgt \u00fcber ein sicheres und passgenaues Design mit zwei Kontaktpunkten und ist mit dem Sony ECM-W2BT kompatibel.<\/p>\n","protected":false},"excerpt":{"rendered":"<p>Wir stellen Ihnen das Full Camera Cage f\u00fcr Sony a6700 vor, eine fantastische Option zur Erweiterung der Funktionalit\u00e4t Ihrer Kamera in einer Videoproduktionsumgebung. Dieser K\u00e4fig bietet Schutz f\u00fcr Ihre Kamera und verf\u00fcgt \u00fcber umfangreiche Optionen f\u00fcr die Montage von zus\u00e4tzlichem [&hellip;]<\/p>\n","protected":false},"featured_media":1971239,"comment_status":"closed","ping_status":"closed","template":"","meta":[],"product_cat":[1117],"product_tag":[],"acf":[],"gallery_images":[1948485,1948486,1947405,1947406],"_links":{"self":[{"href":"https:\/\/eu.tilta.com\/de\/wp-json\/wp\/v2\/product\/1973200"}],"collection":[{"href":"https:\/\/eu.tilta.com\/de\/wp-json\/wp\/v2\/product"}],"about":[{"href":"https:\/\/eu.tilta.com\/de\/wp-json\/wp\/v2\/types\/product"}],"replies":[{"embeddable":true,"href":"https:\/\/eu.tilta.com\/de\/wp-json\/wp\/v2\/comments?post=1973200"}],"wp:featuredmedia":[{"embeddable":true,"href":"https:\/\/eu.tilta.com\/de\/wp-json\/wp\/v2\/media\/1971239"}],"wp:attachment":[{"href":"https:\/\/eu.tilta.com\/de\/wp-json\/wp\/v2\/media?parent=1973200"}],"wp:term":[{"taxonomy":"product_cat","embeddable":true,"href":"https:\/\/eu.tilta.com\/de\/wp-json\/wp\/v2\/product_cat?post=1973200"},{"taxonomy":"product_tag","embeddable":true,"href":"https:\/\/eu.tilta.com\/de\/wp-json\/wp\/v2\/product_tag?post=1973200"}],"curies":[{"name":"wp","href":"https:\/\/api.w.org\/{rel}","templated":true}]}}