{"id":1973203,"date":"2023-08-04T16:56:54","date_gmt":"2023-08-04T14:56:54","guid":{"rendered":"https:\/\/de.tilta.com\/shop\/camera-cage-for-red-komodo-x-basic-kit-black\/"},"modified":"2025-12-05T12:09:24","modified_gmt":"2025-12-05T11:09:24","slug":"camera-cage-for-red-komodo-x-basic-kit-black","status":"publish","type":"product","link":"https:\/\/eu.tilta.com\/de\/shop\/camera-cage-for-red-komodo-x-basic-kit-black\/","title":{"rendered":"Camera Cage for RED KOMODO-X Basic Kit &#8211; Black"},"content":{"rendered":"<div class=\"overview-text\">\n<p><em>Wir stellen das Ultimate Camera Cage System f\u00fcr die RED Komodo-X vor. Verbessern Sie Ihr Filmerlebnis mit unserem hochmodernen Kamerak\u00e4fig, der exklusiv f\u00fcr die n\u00e4chste Generation von Komodo entwickelt wurde.  <\/em><\/p>\n<p>Unser System wurde zum Schutz Ihrer kompakten Kinokamera entwickelt und sch\u00fctzt Ihre Kamera in einem sicheren und robusten Kamerak\u00e4fig, der die Grundlage dieses Kits bildet.<\/p>\n<p>Der K\u00e4fig wurde mit Blick auf Vielseitigkeit entwickelt und verf\u00fcgt \u00fcber eine Reihe strategischer Befestigungspunkte, darunter NATO-Schienen, eine Cold Shoe-Aufnahme, Arri-Rosetten und 1\/4\u2033-20 sowie 3\/8\u2033-16 Gewinde mit Fixierpunkten.<\/p>\n<p>Unsere neue Objektivadapterhalterung, die im Lieferumfang des Full Cage enthalten ist, verf\u00fcgt \u00fcber ein ausgekl\u00fcgeltes Klemmdesign, das mehrere Kontaktpunkte f\u00fcr eine verbesserte Stabilit\u00e4t bietet.<\/p>\n<p>Dieser Ansatz erh\u00f6ht nicht nur die Sicherheit Ihrer Objektivadapter, wie z.B. unseren <a href=\"https:\/\/de.tilta.com\/de\/shop\/tiltaing-canon-rf-mount-to-pl-mount-adapter-with-adjustable-back-focus\/\">Canon RF Mount auf PL Mount Adapter<\/a>, sondern st\u00e4rkt auch Ihr Vertrauen bei der Verwendung gr\u00f6\u00dferer Objektive.<\/p>\n<p>Erleben Sie ein neues Ma\u00df an Bequemlichkeit mit unserem einzigartigen faltbaren oberen Griff, mit dem Sie den Gro\u00dfteil des Griffs aus dem Weg schwenken k\u00f6nnen, um ungehinderten Zugriff auf das obere Display Ihrer Kamera zu haben.<\/p>\n<p>Dieser Griff bietet au\u00dferdem mehrere Kontaktpunkte zum K\u00e4fig und ist dennoch mit dem DSMC3 RED TOUCH 7.0\u2033 Monitor kompatibel.<\/p>\n<p>Dieser Griff bietet zus\u00e4tzliche Befestigungspunkte f\u00fcr Zubeh\u00f6r wie einen weiteren Cold Shoe Receiver, einen 15mm Rutenhalter, 1\/4\u2033-20 und 3\/8\u2033-16 Gewinde mit Fixierpunkten.<\/p>\n<p>Dieses Set enth\u00e4lt einen linken Holzgriff, der aus schwarzem Walnussholz geschnitzt ist und ein ergonomisches Design aufweist, das maximalen Komfort bei der Bedienung eines Rigs unterschiedlicher Gr\u00f6\u00dfe bietet.<\/p>\n<p>Der auf der NATO basierende Griff ist au\u00dferdem drehbar, so dass der Benutzer die perfekte Arbeitsposition finden und bei Bedarf schnell umpositionieren kann.<\/p>\n<p>Abgerundet wird das Kit durch unsere 15-mm-LWS-Grundplatte, die zwei 15-mm-St\u00e4be und stabbasiertes Zubeh\u00f6r wie Follow-Focus-Systeme oder Matte-Boxen unterst\u00fctzt.<\/p>\n<p>Diese Grundplatte verf\u00fcgt \u00fcber eine Bodenplatte, die mit unseren Tilta Standardschwalbenschw\u00e4nzen kompatibel ist. Sie kann mit unserer <a href=\"https:\/\/de.tilta.com\/de\/shop\/19mm-tilta-studio-multi-functional-baseplate-tt-c06-d\/\">19-mm-Adaptergrundplatte<\/a> aufger\u00fcstet werden, um 19-mm-Stangen zu unterst\u00fctzen und an Arri Standardschwalbenschw\u00e4nzen zu befestigen. (fakultativ)<\/p>\n<p><em>Erh\u00f6hen Sie Ihr kreatives Potenzial, sch\u00fctzen Sie Ihre Ausr\u00fcstung und entfesseln Sie das volle Ausma\u00df Ihrer Visionen mit einem umfassenden System, das Schutz, Vielseitigkeit und Innovation nahtlos integriert.<\/em><\/p>\n<\/div>\n","protected":false},"excerpt":{"rendered":"<p>Wir stellen das Ultimate Camera Cage System f\u00fcr die RED Komodo-X vor. Verbessern Sie Ihr Filmerlebnis mit unserem hochmodernen Kamerak\u00e4fig, der exklusiv f\u00fcr die n\u00e4chste Generation von Komodo entwickelt wurde. Unser System wurde zum Schutz Ihrer kompakten Kinokamera entwickelt und [&hellip;]<\/p>\n","protected":false},"featured_media":1971219,"comment_status":"closed","ping_status":"closed","template":"","meta":[],"product_cat":[1112],"product_tag":[],"acf":[],"gallery_images":[1971218,1971217,1970999,1970998,1970997,1970996],"_links":{"self":[{"href":"https:\/\/eu.tilta.com\/de\/wp-json\/wp\/v2\/product\/1973203"}],"collection":[{"href":"https:\/\/eu.tilta.com\/de\/wp-json\/wp\/v2\/product"}],"about":[{"href":"https:\/\/eu.tilta.com\/de\/wp-json\/wp\/v2\/types\/product"}],"replies":[{"embeddable":true,"href":"https:\/\/eu.tilta.com\/de\/wp-json\/wp\/v2\/comments?post=1973203"}],"wp:featuredmedia":[{"embeddable":true,"href":"https:\/\/eu.tilta.com\/de\/wp-json\/wp\/v2\/media\/1971219"}],"wp:attachment":[{"href":"https:\/\/eu.tilta.com\/de\/wp-json\/wp\/v2\/media?parent=1973203"}],"wp:term":[{"taxonomy":"product_cat","embeddable":true,"href":"https:\/\/eu.tilta.com\/de\/wp-json\/wp\/v2\/product_cat?post=1973203"},{"taxonomy":"product_tag","embeddable":true,"href":"https:\/\/eu.tilta.com\/de\/wp-json\/wp\/v2\/product_tag?post=1973203"}],"curies":[{"name":"wp","href":"https:\/\/api.w.org\/{rel}","templated":true}]}}