{"id":1973208,"date":"2023-08-04T09:57:28","date_gmt":"2023-08-04T07:57:28","guid":{"rendered":"https:\/\/de.tilta.com\/shop\/tilta-15mm-auf-12mm-dji-stabadapter-20cm-schwarz\/"},"modified":"2026-02-16T09:00:13","modified_gmt":"2026-02-16T08:00:13","slug":"tilta-15mm-to-12mm-dji-rod-adapter-20cm-black","status":"publish","type":"product","link":"https:\/\/eu.tilta.com\/de\/shop\/tilta-15mm-to-12mm-dji-rod-adapter-20cm-black\/","title":{"rendered":"Tilta 15mm auf 12mm DJI Stabadapter (20cm) &#8211; Schwarz"},"content":{"rendered":"<p><em>Wir pr\u00e4sentieren den Tilta 15mm auf 12mm DJI Rod Adapter, die perfekte L\u00f6sung f\u00fcr die Verwendung Ihres DJI RS Focus Motors mit einer herk\u00f6mmlichen 15mm Rod Mount!<\/em><\/p>\n<p>Dieses Zubeh\u00f6rteil hat an einem Ende einen Durchmesser von 15 mm und am anderen Ende einen Durchmesser von 12 mm, so dass Sie es an 15-mm-Rutenhalterungen auf herk\u00f6mmlichen leichten Grundplatten oder an unseren <a href=\"https:\/\/de.tilta.com\/search-results\/?q=rod+holders\">einseitigen Rutenhaltern<\/a> befestigen k\u00f6nnen.<\/p>\n<p>Dadurch wird eine sicherere Verbindung geschaffen und die M\u00f6glichkeit eingeschr\u00e4nkt, dass sich der Fokusmotor vom Objektiv l\u00f6st. Dies ist besonders n\u00fctzlich, wenn Sie ein steiferes Objektiv oder einen Objektivadapter verwenden.<\/p>\n<p>Das Innere des 15-mm-Endes verf\u00fcgt \u00fcber ein 11-mm-Gewinde, mit dem Sie die L\u00e4nge dieses Endes bei Bedarf verl\u00e4ngern k\u00f6nnen.<\/p>\n","protected":false},"excerpt":{"rendered":"<p>Wir pr\u00e4sentieren den Tilta 15mm auf 12mm DJI Rod Adapter, die perfekte L\u00f6sung f\u00fcr die Verwendung Ihres DJI RS Focus Motors mit einer herk\u00f6mmlichen 15mm Rod Mount! Dieses Zubeh\u00f6rteil hat an einem Ende einen Durchmesser von 15 mm und am [&hellip;]<\/p>\n","protected":false},"featured_media":1970840,"comment_status":"closed","ping_status":"closed","template":"","meta":[],"product_cat":[4448,1139,1065],"product_tag":[],"acf":[],"gallery_images":[1946418,1946417,1946420,1946419,1946421],"_links":{"self":[{"href":"https:\/\/eu.tilta.com\/de\/wp-json\/wp\/v2\/product\/1973208"}],"collection":[{"href":"https:\/\/eu.tilta.com\/de\/wp-json\/wp\/v2\/product"}],"about":[{"href":"https:\/\/eu.tilta.com\/de\/wp-json\/wp\/v2\/types\/product"}],"replies":[{"embeddable":true,"href":"https:\/\/eu.tilta.com\/de\/wp-json\/wp\/v2\/comments?post=1973208"}],"wp:featuredmedia":[{"embeddable":true,"href":"https:\/\/eu.tilta.com\/de\/wp-json\/wp\/v2\/media\/1970840"}],"wp:attachment":[{"href":"https:\/\/eu.tilta.com\/de\/wp-json\/wp\/v2\/media?parent=1973208"}],"wp:term":[{"taxonomy":"product_cat","embeddable":true,"href":"https:\/\/eu.tilta.com\/de\/wp-json\/wp\/v2\/product_cat?post=1973208"},{"taxonomy":"product_tag","embeddable":true,"href":"https:\/\/eu.tilta.com\/de\/wp-json\/wp\/v2\/product_tag?post=1973208"}],"curies":[{"name":"wp","href":"https:\/\/api.w.org\/{rel}","templated":true}]}}