{"id":1973210,"date":"2023-08-02T11:30:43","date_gmt":"2023-08-02T09:30:43","guid":{"rendered":"https:\/\/de.tilta.com\/shop\/tilta-multi-functional-nato-mounting-bracket-black\/"},"modified":"2026-02-16T09:00:13","modified_gmt":"2026-02-16T08:00:13","slug":"tilta-multi-functional-nato-mounting-bracket-black","status":"publish","type":"product","link":"https:\/\/eu.tilta.com\/de\/shop\/tilta-multi-functional-nato-mounting-bracket-black\/","title":{"rendered":"Tilta Multifunktionale NATO-Halterung &#8211; Schwarz"},"content":{"rendered":"<p><em>Wir stellen Ihnen die Tilta Multifunktions-NATO-Halterung vor, eine unserer bisher kompaktesten Zubeh\u00f6rhalterungen!<\/em><\/p>\n<p>Diese unglaublich kleine Halterung bietet eine Reihe von Optionen f\u00fcr die Montage von Zubeh\u00f6r wie z.B. mehrere Cold Shoe-Empf\u00e4nger, 1\/4&#8243;-20 und 3\/8&#8243;-16 Gewinde mit Fixierstiften.<\/p>\n<p>Die drei Cold Shoe Empf\u00e4nger verf\u00fcgen alle \u00fcber eine Einwegbefestigung, was bedeutet, dass das Cold Shoe Zubeh\u00f6r sicherer bleibt und weniger Gefahr l\u00e4uft, versehentlich abgetrennt zu werden.<\/p>\n<p>Diese Halterung wird \u00fcber eine NATO-Verbindung angeschlossen, die eine einfache Einstellung und Arretierung auf den integrierten NATO-Schienen der meisten unserer Kamerak\u00e4fige oder \u00fcber unsere universelleren externen <a href=\"https:\/\/de.tilta.com\/de\/product-category\/accessories-de\/nato-schienen\/\">NATO-Schienenbefestigungen<\/a> erm\u00f6glicht.<\/p>\n<p>Dieses Zubeh\u00f6rteil wiegt nur 53 g, ist aus einer Aluminiumlegierung gefertigt und kann eine Nutzlast von bis zu 4,4 lbs tragen.<\/p>\n","protected":false},"excerpt":{"rendered":"<p>Wir stellen Ihnen die Tilta Multifunktions-NATO-Halterung vor, eine unserer bisher kompaktesten Zubeh\u00f6rhalterungen! Diese unglaublich kleine Halterung bietet eine Reihe von Optionen f\u00fcr die Montage von Zubeh\u00f6r wie z.B. mehrere Cold Shoe-Empf\u00e4nger, 1\/4&#8243;-20 und 3\/8&#8243;-16 Gewinde mit Fixierstiften. Die drei Cold [&hellip;]<\/p>\n","protected":false},"featured_media":1970812,"comment_status":"closed","ping_status":"closed","template":"","meta":[],"product_cat":[4448,1073,1218,1247],"product_tag":[],"acf":[],"gallery_images":[1970811,1970813,1970808,1970810,1970809,1970857,1970858],"_links":{"self":[{"href":"https:\/\/eu.tilta.com\/de\/wp-json\/wp\/v2\/product\/1973210"}],"collection":[{"href":"https:\/\/eu.tilta.com\/de\/wp-json\/wp\/v2\/product"}],"about":[{"href":"https:\/\/eu.tilta.com\/de\/wp-json\/wp\/v2\/types\/product"}],"replies":[{"embeddable":true,"href":"https:\/\/eu.tilta.com\/de\/wp-json\/wp\/v2\/comments?post=1973210"}],"wp:featuredmedia":[{"embeddable":true,"href":"https:\/\/eu.tilta.com\/de\/wp-json\/wp\/v2\/media\/1970812"}],"wp:attachment":[{"href":"https:\/\/eu.tilta.com\/de\/wp-json\/wp\/v2\/media?parent=1973210"}],"wp:term":[{"taxonomy":"product_cat","embeddable":true,"href":"https:\/\/eu.tilta.com\/de\/wp-json\/wp\/v2\/product_cat?post=1973210"},{"taxonomy":"product_tag","embeddable":true,"href":"https:\/\/eu.tilta.com\/de\/wp-json\/wp\/v2\/product_tag?post=1973210"}],"curies":[{"name":"wp","href":"https:\/\/api.w.org\/{rel}","templated":true}]}}