{"id":1973211,"date":"2023-07-20T14:21:08","date_gmt":"2023-07-20T12:21:08","guid":{"rendered":"https:\/\/de.tilta.com\/shop\/tilta-arca-manfrotto-dual-quick-release-plate-black\/"},"modified":"2025-12-05T12:09:26","modified_gmt":"2025-12-05T11:09:26","slug":"tilta-arca-manfrotto-dual-quick-release-plate-black","status":"publish","type":"product","link":"https:\/\/eu.tilta.com\/de\/shop\/tilta-arca-manfrotto-dual-quick-release-plate-black\/","title":{"rendered":"Tilta ARCA Manfrotto Dual Quick Release Plate &#8211; Black"},"content":{"rendered":"<p><strong>HINWEIS: Diese Platte ist nicht vollst\u00e4ndig kompatibel mit dem DJI RS2 oder RS3 Pro Gimbal<\/strong><\/p>\n<p>Diese Duale Schnellwechselplatte verf\u00fcgt sowohl \u00fcber eine ARCA Swiss- als auch eine Manfrotto-Verbindung und ist damit die perfekte Option f\u00fcr Filmemacher, die h\u00e4ufig beide Halterungssysteme verwenden.<\/p>\n<p>Diese Platte wird mit zwei 1\/4&#8243;-20 Schrauben befestigt, die f\u00fcr eine sichere Verbindung sorgen und die M\u00f6glichkeit einschr\u00e4nken, dass sich die Kamera bei der Montage auf der Platte dreht.<\/p>\n<p>Diese Schrauben sind mit einer herausspringenden R\u00e4ndelschraube versehen, so dass sie von Hand oder mit einem Schlitzschraubendreher befestigt werden k\u00f6nnen.<\/p>\n<p>Diese Schnellwechselplatte verf\u00fcgt au\u00dferdem \u00fcber einen integrierten Riemenhalter, mit dem Sie einen kleinen Riemen (nicht im Lieferumfang enthalten) an der Platte befestigen k\u00f6nnen, um sie an Ihrem Stativ oder Halterungssystem zu sichern, wenn sie nicht mit einer Kamera verbunden ist.<\/p>\n<p><strong>Bitte beachten Sie, dass diese Platte auf dem ARCA-Standard von DJI basiert und m\u00f6glicherweise nicht mit allen ARCA- oder Manfrotto-Empf\u00e4ngern kompatibel ist. Die Kompatibilit\u00e4t wird nicht garantiert.<\/strong><\/p>\n","protected":false},"excerpt":{"rendered":"<p>HINWEIS: Diese Platte ist nicht vollst\u00e4ndig kompatibel mit dem DJI RS2 oder RS3 Pro Gimbal Diese Duale Schnellwechselplatte verf\u00fcgt sowohl \u00fcber eine ARCA Swiss- als auch eine Manfrotto-Verbindung und ist damit die perfekte Option f\u00fcr Filmemacher, die h\u00e4ufig beide Halterungssysteme [&hellip;]<\/p>\n","protected":false},"featured_media":1970686,"comment_status":"closed","ping_status":"closed","template":"","meta":[],"product_cat":[1073,1256,1191],"product_tag":[],"acf":[],"gallery_images":[1970682,1970681,1970683,1970684,1970634],"_links":{"self":[{"href":"https:\/\/eu.tilta.com\/de\/wp-json\/wp\/v2\/product\/1973211"}],"collection":[{"href":"https:\/\/eu.tilta.com\/de\/wp-json\/wp\/v2\/product"}],"about":[{"href":"https:\/\/eu.tilta.com\/de\/wp-json\/wp\/v2\/types\/product"}],"replies":[{"embeddable":true,"href":"https:\/\/eu.tilta.com\/de\/wp-json\/wp\/v2\/comments?post=1973211"}],"wp:featuredmedia":[{"embeddable":true,"href":"https:\/\/eu.tilta.com\/de\/wp-json\/wp\/v2\/media\/1970686"}],"wp:attachment":[{"href":"https:\/\/eu.tilta.com\/de\/wp-json\/wp\/v2\/media?parent=1973211"}],"wp:term":[{"taxonomy":"product_cat","embeddable":true,"href":"https:\/\/eu.tilta.com\/de\/wp-json\/wp\/v2\/product_cat?post=1973211"},{"taxonomy":"product_tag","embeddable":true,"href":"https:\/\/eu.tilta.com\/de\/wp-json\/wp\/v2\/product_tag?post=1973211"}],"curies":[{"name":"wp","href":"https:\/\/api.w.org\/{rel}","templated":true}]}}