{"id":1973212,"date":"2023-08-02T11:29:03","date_gmt":"2023-08-02T09:29:03","guid":{"rendered":"https:\/\/de.tilta.com\/shop\/tilta-multi-functional-cold-shoe-mounting-bracket-black\/"},"modified":"2026-05-01T10:35:21","modified_gmt":"2026-05-01T08:35:21","slug":"tilta-multi-functional-cold-shoe-mounting-bracket-black","status":"publish","type":"product","link":"https:\/\/eu.tilta.com\/de\/shop\/tilta-multi-functional-cold-shoe-mounting-bracket-black\/","title":{"rendered":"Tilta Multi-Functional Cold Shoe Mounting Bracket &#8211; Black"},"content":{"rendered":"<p><em>Wir stellen die Tilta Multifunktionshalterung f\u00fcr den kalten Schuh vor, eine unserer bisher kompaktesten Zubeh\u00f6rhalterungen!<\/em><\/p>\n<p>Diese unglaublich kleine Halterung bietet eine Reihe von Optionen f\u00fcr die Montage von Zubeh\u00f6r wie z.B. mehrere Cold Shoe-Empf\u00e4nger, 1\/4\u2033-20 und 3\/8\u2033-16 Gewinde mit Fixierstiften.<\/p>\n<p>Die drei Cold Shoe Empf\u00e4nger verf\u00fcgen alle \u00fcber eine Einwegbefestigung, was bedeutet, dass das Cold Shoe Zubeh\u00f6r sicherer bleibt und weniger Gefahr l\u00e4uft, versehentlich abgetrennt zu werden.<\/p>\n<p>Diese Halterung wird \u00fcber einen Cold Shoe-Anschluss angeschlossen, mit dem sie leicht an den meisten unserer Kamerak\u00e4fige oder \u00fcber das 1\/4&#8243;-20 Gewinde an der Unterseite befestigt werden kann.<\/p>\n<p>Dieses Zubeh\u00f6rteil wiegt nur 39 g, ist aus einer Aluminiumlegierung gefertigt und kann eine Nutzlast von bis zu 4,4 lbs tragen.<\/p>\n","protected":false},"excerpt":{"rendered":"<p>Wir stellen die Tilta Multifunktionshalterung f\u00fcr den kalten Schuh vor, eine unserer bisher kompaktesten Zubeh\u00f6rhalterungen! Diese unglaublich kleine Halterung bietet eine Reihe von Optionen f\u00fcr die Montage von Zubeh\u00f6r wie z.B. mehrere Cold Shoe-Empf\u00e4nger, 1\/4\u2033-20 und 3\/8\u2033-16 Gewinde mit Fixierstiften. [&hellip;]<\/p>\n","protected":false},"featured_media":1970805,"comment_status":"closed","ping_status":"closed","template":"","meta":[],"product_cat":[1073,1082,1083,1084,1085,1104,1218,1247],"product_tag":[],"acf":[],"gallery_images":[1970803,1970804,1970807,1970802,1970806,1970859,1970871],"_links":{"self":[{"href":"https:\/\/eu.tilta.com\/de\/wp-json\/wp\/v2\/product\/1973212"}],"collection":[{"href":"https:\/\/eu.tilta.com\/de\/wp-json\/wp\/v2\/product"}],"about":[{"href":"https:\/\/eu.tilta.com\/de\/wp-json\/wp\/v2\/types\/product"}],"replies":[{"embeddable":true,"href":"https:\/\/eu.tilta.com\/de\/wp-json\/wp\/v2\/comments?post=1973212"}],"wp:featuredmedia":[{"embeddable":true,"href":"https:\/\/eu.tilta.com\/de\/wp-json\/wp\/v2\/media\/1970805"}],"wp:attachment":[{"href":"https:\/\/eu.tilta.com\/de\/wp-json\/wp\/v2\/media?parent=1973212"}],"wp:term":[{"taxonomy":"product_cat","embeddable":true,"href":"https:\/\/eu.tilta.com\/de\/wp-json\/wp\/v2\/product_cat?post=1973212"},{"taxonomy":"product_tag","embeddable":true,"href":"https:\/\/eu.tilta.com\/de\/wp-json\/wp\/v2\/product_tag?post=1973212"}],"curies":[{"name":"wp","href":"https:\/\/api.w.org\/{rel}","templated":true}]}}