{"id":1973213,"date":"2023-07-20T12:33:17","date_gmt":"2023-07-20T10:33:17","guid":{"rendered":"https:\/\/de.tilta.com\/shop\/cooling-system-for-sony-zv-e1-black\/"},"modified":"2025-12-10T14:54:14","modified_gmt":"2025-12-10T13:54:14","slug":"cooling-system-for-sony-zv-e1-black","status":"publish","type":"product","link":"https:\/\/eu.tilta.com\/de\/shop\/cooling-system-for-sony-zv-e1-black\/","title":{"rendered":"Cooling System for Sony ZV-E1 &#8211; Black"},"content":{"rendered":"<p>Das aktualisierte K\u00fchlsystem f\u00fcr die Sony ZV-E1 ist das perfekte Zubeh\u00f6r f\u00fcr Benutzer, die l\u00e4ngere Zeit in Umgebungen mit h\u00f6heren Temperaturen fotografieren m\u00f6chten.<\/p>\n<p>Das System l\u00e4sst sich \u00fcber zwei R\u00e4ndelschrauben nahtlos am Full Camera Cage f\u00fcr Sony ZV-E1 befestigen, was die Installation schnell und effizient macht.<\/p>\n<p>Dieses K\u00fchlmodul kann bequem \u00fcber USB-C mit Strom versorgt werden, was dem Benutzer viele Optionen f\u00fcr die Stromversorgung des Moduls bietet.<\/p>\n<p>Das System verf\u00fcgt au\u00dferdem \u00fcber einen einstellbaren L\u00fcfter, mit dem Sie die Geschwindigkeit f\u00fcr unterschiedliche Aufnahmesituationen \u00e4ndern k\u00f6nnen, was besonders bei der Aufnahme von Ton n\u00fctzlich ist.<\/p>\n<p>&nbsp;<\/p>\n","protected":false},"excerpt":{"rendered":"<p>Das aktualisierte K\u00fchlsystem f\u00fcr die Sony ZV-E1 ist das perfekte Zubeh\u00f6r f\u00fcr Benutzer, die l\u00e4ngere Zeit in Umgebungen mit h\u00f6heren Temperaturen fotografieren m\u00f6chten. Das System l\u00e4sst sich \u00fcber zwei R\u00e4ndelschrauben nahtlos am Full Camera Cage f\u00fcr Sony ZV-E1 befestigen, was [&hellip;]<\/p>\n","protected":false},"featured_media":1970671,"comment_status":"closed","ping_status":"closed","template":"","meta":[],"product_cat":[1120],"product_tag":[],"acf":[],"gallery_images":[1970668,1970670,1970667,1970618,1970619,1970620],"_links":{"self":[{"href":"https:\/\/eu.tilta.com\/de\/wp-json\/wp\/v2\/product\/1973213"}],"collection":[{"href":"https:\/\/eu.tilta.com\/de\/wp-json\/wp\/v2\/product"}],"about":[{"href":"https:\/\/eu.tilta.com\/de\/wp-json\/wp\/v2\/types\/product"}],"replies":[{"embeddable":true,"href":"https:\/\/eu.tilta.com\/de\/wp-json\/wp\/v2\/comments?post=1973213"}],"wp:featuredmedia":[{"embeddable":true,"href":"https:\/\/eu.tilta.com\/de\/wp-json\/wp\/v2\/media\/1970671"}],"wp:attachment":[{"href":"https:\/\/eu.tilta.com\/de\/wp-json\/wp\/v2\/media?parent=1973213"}],"wp:term":[{"taxonomy":"product_cat","embeddable":true,"href":"https:\/\/eu.tilta.com\/de\/wp-json\/wp\/v2\/product_cat?post=1973213"},{"taxonomy":"product_tag","embeddable":true,"href":"https:\/\/eu.tilta.com\/de\/wp-json\/wp\/v2\/product_tag?post=1973213"}],"curies":[{"name":"wp","href":"https:\/\/api.w.org\/{rel}","templated":true}]}}