{"id":1973242,"date":"2023-07-13T11:03:13","date_gmt":"2023-07-13T09:03:13","guid":{"rendered":"https:\/\/de.tilta.com\/shop\/full-camera-cage-for-sony-fx3-fx30-v2\/"},"modified":"2026-04-03T21:42:57","modified_gmt":"2026-04-03T19:42:57","slug":"full-camera-cage-for-sony-fx3-fx30-v2","status":"publish","type":"product","link":"https:\/\/eu.tilta.com\/de\/shop\/full-camera-cage-for-sony-fx3-fx30-v2\/","title":{"rendered":"Vollst\u00e4ndiger Kamerak\u00e4fig f\u00fcr Sony FX3\/FX30 V2"},"content":{"rendered":"<p><em>Entfesseln Sie die Kraft Ihrer FX3 oder FX30 mit dem neuen und verbesserten Vollst\u00e4ndiger Kamerak\u00e4fig f\u00fcr Sony FX3\/FX30 V2! <\/em><\/p>\n<p>Dieser Full Cage bietet viele M\u00f6glichkeiten zur Montage von Zubeh\u00f6r, wie z.B. 1\/4&#8243;-20 und 3\/8&#8243;-16 Gewinde mit verschiedenen Befestigungspunkten, zwei Kaltschuhaufnahmen, eine NATO-Schiene f\u00fcr Top Handles und Befestigungspunkte f\u00fcr einen Single Rod Holder.<\/p>\n<p>Dieses neue Design ist unglaublich modular und erm\u00f6glicht es, verschiedene Seiten des K\u00e4figs zu entfernen oder hinzuzuf\u00fcgen, um verschiedene Aufnahmeszenarien zu erm\u00f6glichen.<\/p>\n<p>Dies ist vor allem in Situationen n\u00fctzlich, in denen das Gewicht eine Rolle spielt, z.B. bei der Verwendung eines Gimbals oder bei der Verwendung von Zubeh\u00f6r wie dem XLR Top Handle, mit dem dieser K\u00e4fig vollst\u00e4ndig kompatibel ist.<\/p>\n<p>Apropos Gimbals: Die Bodenplatte ist mit einer ARCA-Schnellwechselplatte ausgestattet, die sich perfekt f\u00fcr den schnellen Wechsel zwischen einem Stativ und DJI-Gimbals eignet.<\/p>\n<p>Bitte beachten Sie, dass dieser K\u00e4fig den DJI-Standard f\u00fcr ARCA verwendet. Die Kompatibilit\u00e4t mit anderen Standards wird nicht garantiert.<\/p>\n<p>Die neu gestaltete Kabelklemme l\u00e4sst sich leicht in den vollst\u00e4ndigen K\u00e4fig integrieren und bietet eine erh\u00f6hte Sicherheit f\u00fcr Kabel, die einfach mit einer R\u00e4ndelschraube gesichert werden k\u00f6nnen.<\/p>\n<p>Der K\u00e4fig verf\u00fcgt jetzt \u00fcber drei einzelne Befestigungsschrauben, was die Verbindung zwischen Kamerageh\u00e4use und K\u00e4fig erheblich verbessert.<\/p>\n<p>Dadurch wird sichergestellt, dass \u00fcber den K\u00e4fig montiertes Zubeh\u00f6r, wie z.B. drahtlose Follow-Focus-Motoren, das Verdrehen der Kameravorderseite innerhalb des K\u00e4figs selbst begrenzen.<\/p>\n<p><strong>HINWEIS: Dieser K\u00e4fig ist nur mit der <span style=\"text-decoration: underline\">Tilta Modular 15mm LWS Grundplatte Typ III<\/span> und NICHT mit der Grundplatte Typ IV kompatibel.  <\/strong><\/p>\n","protected":false},"excerpt":{"rendered":"<p>Entfesseln Sie die Kraft Ihrer FX3 oder FX30 mit dem neuen und verbesserten Vollst\u00e4ndiger Kamerak\u00e4fig f\u00fcr Sony FX3\/FX30 V2! Dieser Full Cage bietet viele M\u00f6glichkeiten zur Montage von Zubeh\u00f6r, wie z.B. 1\/4&#8243;-20 und 3\/8&#8243;-16 Gewinde mit verschiedenen Befestigungspunkten, zwei Kaltschuhaufnahmen, [&hellip;]<\/p>\n","protected":false},"featured_media":1970726,"comment_status":"closed","ping_status":"closed","template":"","meta":[],"product_cat":[1071],"product_tag":[],"acf":[],"gallery_images":[1946072,1946074,1945201,1945203,1945202],"_links":{"self":[{"href":"https:\/\/eu.tilta.com\/de\/wp-json\/wp\/v2\/product\/1973242"}],"collection":[{"href":"https:\/\/eu.tilta.com\/de\/wp-json\/wp\/v2\/product"}],"about":[{"href":"https:\/\/eu.tilta.com\/de\/wp-json\/wp\/v2\/types\/product"}],"replies":[{"embeddable":true,"href":"https:\/\/eu.tilta.com\/de\/wp-json\/wp\/v2\/comments?post=1973242"}],"wp:featuredmedia":[{"embeddable":true,"href":"https:\/\/eu.tilta.com\/de\/wp-json\/wp\/v2\/media\/1970726"}],"wp:attachment":[{"href":"https:\/\/eu.tilta.com\/de\/wp-json\/wp\/v2\/media?parent=1973242"}],"wp:term":[{"taxonomy":"product_cat","embeddable":true,"href":"https:\/\/eu.tilta.com\/de\/wp-json\/wp\/v2\/product_cat?post=1973242"},{"taxonomy":"product_tag","embeddable":true,"href":"https:\/\/eu.tilta.com\/de\/wp-json\/wp\/v2\/product_tag?post=1973242"}],"curies":[{"name":"wp","href":"https:\/\/api.w.org\/{rel}","templated":true}]}}