{"id":1973255,"date":"2023-06-15T09:38:19","date_gmt":"2023-06-15T07:38:19","guid":{"rendered":"https:\/\/de.tilta.com\/shop\/half-camera-cage-for-sony-zv-e1\/"},"modified":"2025-12-31T09:12:37","modified_gmt":"2025-12-31T08:12:37","slug":"half-camera-cage-for-sony-zv-e1","status":"publish","type":"product","link":"https:\/\/eu.tilta.com\/de\/shop\/half-camera-cage-for-sony-zv-e1\/","title":{"rendered":"Half Camera Cage for Sony ZV-E1"},"content":{"rendered":"<p><em>Wir pr\u00e4sentieren das Half Camera Cage f\u00fcr die Sony ZV-E1 &#8211; die ultimative, leichtgewichtige Option zur Erweiterung der Videofunktionen Ihrer Kamera bei gleichbleibend kleinem Formfaktor!<\/em><\/p>\n<p>Dieser Kamerak\u00e4fig wurde so kompakt wie m\u00f6glich gestaltet und erm\u00f6glicht es Ihnen, Ihre Videografie auf ein neues Niveau zu heben.<\/p>\n<p>Dieser Halbk\u00e4fig unterst\u00fctzt eine breite Palette an externem Zubeh\u00f6r und ben\u00f6tigt dabei nur eine geringe Stellfl\u00e4che, da er \u00fcber mehrere Befestigungsoptionen verf\u00fcgt, darunter einen Cold Shoe-Empf\u00e4nger, eine NATO-Schiene, M3-Gewinde f\u00fcr Objektivtr\u00e4ger und \u00bc&#8221;-20-Gewinde mit Fixierpunkten.<\/p>\n<p>Erleben Sie nahtlose \u00dcberg\u00e4nge zwischen horizontalen und vertikalen Aufnahmekonfigurationen mit der abnehmbaren ARCA-Schnellwechselplatte, die sowohl am Boden als auch an der Seite des K\u00e4figs montiert werden kann.<\/p>\n<p>Dieser Kamerak\u00e4fig ist mit dem drahtlosen Mikrofon ECM-W2BT von Sony kompatibel und bietet eine nahtlose Integration in Ihre Audioeinrichtung.<\/p>\n<p>Dank der L-Bracket-Form erm\u00f6glicht Ihnen dieser K\u00e4fig einen ununterbrochenen Zugang zu den Kameraanschl\u00fcssen, den Benutzertasten und dem Batteriefach, ohne dass Sie den K\u00e4fig entfernen m\u00fcssen.<\/p>\n<p><em>Verbessern Sie Ihre Videografie mit dem Half Camera Cage f\u00fcr Sony ZV-E1 und erschlie\u00dfen Sie das wahre Potenzial Ihrer Kamera.<\/em><\/p>\n","protected":false},"excerpt":{"rendered":"<p>Wir pr\u00e4sentieren das Half Camera Cage f\u00fcr die Sony ZV-E1 &#8211; die ultimative, leichtgewichtige Option zur Erweiterung der Videofunktionen Ihrer Kamera bei gleichbleibend kleinem Formfaktor! Dieser Kamerak\u00e4fig wurde so kompakt wie m\u00f6glich gestaltet und erm\u00f6glicht es Ihnen, Ihre Videografie auf [&hellip;]<\/p>\n","protected":false},"featured_media":1970342,"comment_status":"closed","ping_status":"closed","template":"","meta":[],"product_cat":[1120],"product_tag":[],"acf":[],"gallery_images":[1944632,1944631,1944567,1944568,1944569],"_links":{"self":[{"href":"https:\/\/eu.tilta.com\/de\/wp-json\/wp\/v2\/product\/1973255"}],"collection":[{"href":"https:\/\/eu.tilta.com\/de\/wp-json\/wp\/v2\/product"}],"about":[{"href":"https:\/\/eu.tilta.com\/de\/wp-json\/wp\/v2\/types\/product"}],"replies":[{"embeddable":true,"href":"https:\/\/eu.tilta.com\/de\/wp-json\/wp\/v2\/comments?post=1973255"}],"wp:featuredmedia":[{"embeddable":true,"href":"https:\/\/eu.tilta.com\/de\/wp-json\/wp\/v2\/media\/1970342"}],"wp:attachment":[{"href":"https:\/\/eu.tilta.com\/de\/wp-json\/wp\/v2\/media?parent=1973255"}],"wp:term":[{"taxonomy":"product_cat","embeddable":true,"href":"https:\/\/eu.tilta.com\/de\/wp-json\/wp\/v2\/product_cat?post=1973255"},{"taxonomy":"product_tag","embeddable":true,"href":"https:\/\/eu.tilta.com\/de\/wp-json\/wp\/v2\/product_tag?post=1973255"}],"curies":[{"name":"wp","href":"https:\/\/api.w.org\/{rel}","templated":true}]}}