{"id":1973262,"date":"2023-06-13T09:53:27","date_gmt":"2023-06-13T07:53:27","guid":{"rendered":"https:\/\/de.tilta.com\/shop\/tilta-accessory-mounting-clamp-black\/"},"modified":"2026-02-14T10:04:27","modified_gmt":"2026-02-14T09:04:27","slug":"tilta-accessory-mounting-clamp-black","status":"publish","type":"product","link":"https:\/\/eu.tilta.com\/de\/shop\/tilta-accessory-mounting-clamp-black\/","title":{"rendered":"Tilta Accessory Mounting Clamp &#8211; Black"},"content":{"rendered":"<p><em>Die Tilta Accessory Mounting Clamp ist eine vielseitige Zubeh\u00f6rklemme, die sich sicher an verschiedenen Teilen befestigen l\u00e4sst und Ihnen die Freiheit gibt, eine Vielzahl von Zubeh\u00f6rteilen m\u00fchelos zu montieren.<\/em><\/p>\n<p>Diese Klemme verf\u00fcgt \u00fcber ein 1\/4&#8243;-20 und ein 3\/8&#8243;-16-Gewinde mit Fixierpunkten und er\u00f6ffnet damit eine Vielzahl von M\u00f6glichkeiten f\u00fcr die Montage von Zubeh\u00f6r wie Gelenkarmen, externen Monitoren, Boom-Mikrofonen, LED-Leuchten, drahtlosen Videosendern und kleinen Batterieplatten.<\/p>\n<p>Dank des rutschfesten Silikongriffs k\u00f6nnen Sie darauf vertrauen, dass Ihre Ausr\u00fcstung auch bei dynamischen Aufnahmen und Bewegungen fest an ihrem Platz bleibt.<\/p>\n<p>Die Tilta Zubeh\u00f6rklemme l\u00e4sst sich bis zu 30 mm \u00f6ffnen und bis zu 13 mm festziehen und hat eine maximale Tragkraft von 3 kg.<\/p>\n<p>Diese Klemme ist nicht auf herk\u00f6mmliche Befestigungsm\u00f6glichkeiten beschr\u00e4nkt, sondern eignet sich perfekt f\u00fcr die Befestigung von Zubeh\u00f6r an Gimbals, Stativen oder sogar als einzigartige M\u00f6glichkeit zur Befestigung einer kleinen Action-Kamera.<\/p>\n<p><em>Ob Sie nun Filmemacher, Fotograf oder Produzent von Inhalten sind, die Tilta Zubeh\u00f6rklemme er\u00f6ffnet Ihnen eine Welt voller kreativer M\u00f6glichkeiten.<\/em><\/p>\n","protected":false},"excerpt":{"rendered":"<p>Die Tilta Accessory Mounting Clamp ist eine vielseitige Zubeh\u00f6rklemme, die sich sicher an verschiedenen Teilen befestigen l\u00e4sst und Ihnen die Freiheit gibt, eine Vielzahl von Zubeh\u00f6rteilen m\u00fchelos zu montieren. Diese Klemme verf\u00fcgt \u00fcber ein 1\/4&#8243;-20 und ein 3\/8&#8243;-16-Gewinde mit Fixierpunkten [&hellip;]<\/p>\n","protected":false},"featured_media":1970239,"comment_status":"closed","ping_status":"closed","template":"","meta":[],"product_cat":[1073,1219,1247],"product_tag":[],"acf":[],"gallery_images":[1970240,1970238,1970255,1970214,1970215,1970188],"_links":{"self":[{"href":"https:\/\/eu.tilta.com\/de\/wp-json\/wp\/v2\/product\/1973262"}],"collection":[{"href":"https:\/\/eu.tilta.com\/de\/wp-json\/wp\/v2\/product"}],"about":[{"href":"https:\/\/eu.tilta.com\/de\/wp-json\/wp\/v2\/types\/product"}],"replies":[{"embeddable":true,"href":"https:\/\/eu.tilta.com\/de\/wp-json\/wp\/v2\/comments?post=1973262"}],"wp:featuredmedia":[{"embeddable":true,"href":"https:\/\/eu.tilta.com\/de\/wp-json\/wp\/v2\/media\/1970239"}],"wp:attachment":[{"href":"https:\/\/eu.tilta.com\/de\/wp-json\/wp\/v2\/media?parent=1973262"}],"wp:term":[{"taxonomy":"product_cat","embeddable":true,"href":"https:\/\/eu.tilta.com\/de\/wp-json\/wp\/v2\/product_cat?post=1973262"},{"taxonomy":"product_tag","embeddable":true,"href":"https:\/\/eu.tilta.com\/de\/wp-json\/wp\/v2\/product_tag?post=1973262"}],"curies":[{"name":"wp","href":"https:\/\/api.w.org\/{rel}","templated":true}]}}