{"id":1973264,"date":"2023-06-08T14:24:54","date_gmt":"2023-06-08T12:24:54","guid":{"rendered":"https:\/\/de.tilta.com\/shop\/camera-cage-for-dji-ronin-4d-flex-basic-kit\/"},"modified":"2025-12-05T12:09:36","modified_gmt":"2025-12-05T11:09:36","slug":"camera-cage-for-dji-ronin-4d-flex","status":"publish","type":"product","link":"https:\/\/eu.tilta.com\/de\/shop\/camera-cage-for-dji-ronin-4d-flex\/","title":{"rendered":"Camera Cage for DJI Ronin 4D Flex Basic Kit"},"content":{"rendered":"<p><em>Der Tilta Kamerak\u00e4fig f\u00fcr DJI Ronin 4D Flex ist die perfekte Option, um Ihre 4D Flex auf die n\u00e4chste Stufe zu heben.<\/em><\/p>\n<p>Dieser Kamerak\u00e4fig erweitert Ihre M\u00f6glichkeiten f\u00fcr das Rigging des 4D, indem er es Ihnen erm\u00f6glicht, das System in einem traditionelleren Studio-Setup aufzubauen, wodurch Sie eine beispiellose Vielseitigkeit und Kontrolle erhalten.<\/p>\n<p>Der Tilta Kamerak\u00e4fig wurde mit Blick auf gr\u00f6\u00dfere Objektive, wie z.B. Zoomobjektive, entwickelt und ist mit einer 15mm LWS-Grundplatte und 15mm Stangen ausgestattet, die problemlos manuelle Follow-Focus-Systeme oder drahtlose Objektivsteuerungsmotoren aufnehmen k\u00f6nnen.<\/p>\n<p>Der K\u00e4fig bietet eine Vielzahl von Befestigungsm\u00f6glichkeiten, darunter Cold Shoe Reliever, NATO-Schienen und 1\/4&#8243;-20 Gewinde mit Fixierstiften.<\/p>\n<p>Das Schnellspannsystem sorgt f\u00fcr einen schnellen Wechsel zwischen den Setups und spart Ihnen wertvolle Zeit am Set.<\/p>\n<p>Au\u00dferdem verf\u00fcgt der K\u00e4fig \u00fcber zus\u00e4tzliche Befestigungspunkte am Kamerageh\u00e4use, die Ihre Kamera und Ihr Zubeh\u00f6r besser sch\u00fctzen.<\/p>\n<p>Wie unsere anderen Kamerak\u00e4fige ist auch dieser so konzipiert, dass er sich nahtlos in eine Vielzahl unserer Zubeh\u00f6rteile und Tr\u00e4gersysteme integrieren l\u00e4sst, wodurch sich neue M\u00f6glichkeiten der individuellen Anpassung ergeben.<\/p>\n<p>Kombinieren Sie es mit St\u00fctzsystemen wie dem Tilta Float f\u00fcr eine bessere Stabilisierung oder entdecken Sie unsere anderen Systeme, um Ihre kreativen Horizonte zu erweitern.<\/p>\n<p><em>Erweitern Sie Ihr DJI Ronin 4D Flex-Erlebnis mit dem Tilta Kamerak\u00e4fig &#8211; dem ultimativen Werkzeug, um die Funktionalit\u00e4t in einer Studioumgebung erheblich zu erweitern!  <\/em><\/p>\n","protected":false},"excerpt":{"rendered":"<p>Der Tilta Kamerak\u00e4fig f\u00fcr DJI Ronin 4D Flex ist die perfekte Option, um Ihre 4D Flex auf die n\u00e4chste Stufe zu heben. Dieser Kamerak\u00e4fig erweitert Ihre M\u00f6glichkeiten f\u00fcr das Rigging des 4D, indem er es Ihnen erm\u00f6glicht, das System in [&hellip;]<\/p>\n","protected":false},"featured_media":1970224,"comment_status":"closed","ping_status":"closed","template":"","meta":[],"product_cat":[1259],"product_tag":[],"acf":[],"gallery_images":[1970223,1970222,1970242,1970232,1970233],"_links":{"self":[{"href":"https:\/\/eu.tilta.com\/de\/wp-json\/wp\/v2\/product\/1973264"}],"collection":[{"href":"https:\/\/eu.tilta.com\/de\/wp-json\/wp\/v2\/product"}],"about":[{"href":"https:\/\/eu.tilta.com\/de\/wp-json\/wp\/v2\/types\/product"}],"replies":[{"embeddable":true,"href":"https:\/\/eu.tilta.com\/de\/wp-json\/wp\/v2\/comments?post=1973264"}],"wp:featuredmedia":[{"embeddable":true,"href":"https:\/\/eu.tilta.com\/de\/wp-json\/wp\/v2\/media\/1970224"}],"wp:attachment":[{"href":"https:\/\/eu.tilta.com\/de\/wp-json\/wp\/v2\/media?parent=1973264"}],"wp:term":[{"taxonomy":"product_cat","embeddable":true,"href":"https:\/\/eu.tilta.com\/de\/wp-json\/wp\/v2\/product_cat?post=1973264"},{"taxonomy":"product_tag","embeddable":true,"href":"https:\/\/eu.tilta.com\/de\/wp-json\/wp\/v2\/product_tag?post=1973264"}],"curies":[{"name":"wp","href":"https:\/\/api.w.org\/{rel}","templated":true}]}}