{"id":1973265,"date":"2023-06-08T14:15:53","date_gmt":"2023-06-08T12:15:53","guid":{"rendered":"https:\/\/de.tilta.com\/shop\/full-camera-cage-for-dji-ronin-4d-flex\/"},"modified":"2025-12-05T12:09:36","modified_gmt":"2025-12-05T11:09:36","slug":"full-camera-cage-for-dji-ronin-4d-flex","status":"publish","type":"product","link":"https:\/\/eu.tilta.com\/de\/shop\/full-camera-cage-for-dji-ronin-4d-flex\/","title":{"rendered":"Full Camera Cage for DJI Ronin 4D Flex"},"content":{"rendered":"<p><em>Der Tilta Kamerak\u00e4fig f\u00fcr DJI Ronin 4D Flex ist die perfekte Grundlage, um Ihre 4D Flex auf die n\u00e4chste Stufe zu bringen.<\/em><\/p>\n<p>Dieser Kamerak\u00e4fig erweitert Ihre M\u00f6glichkeiten f\u00fcr das Rigging des 4D, indem er es Ihnen erm\u00f6glicht, das System in einem traditionelleren Studio-Setup aufzubauen, das Ihnen unvergleichliche Vielseitigkeit und Kontrolle bietet.<\/p>\n<p>Der K\u00e4fig bietet eine Vielzahl von Befestigungsm\u00f6glichkeiten, darunter Cold Shoe Receiver, NATO Rail und 1\/4&#8243;-20 Gewinde mit Fixierstiften.<\/p>\n<p>Das Schnellspannsystem sorgt f\u00fcr einen schnellen Wechsel zwischen den Setups und spart Ihnen wertvolle Zeit am Set.<\/p>\n<p>Au\u00dferdem verf\u00fcgt der K\u00e4fig \u00fcber mehrere Befestigungspunkte am Kamerageh\u00e4use, die Ihre Kamera und Ihr Zubeh\u00f6r besser sch\u00fctzen.<\/p>\n<p>In Verbindung mit unserem optionalen Zubeh\u00f6r wie der 15mm LWS Grundplatte und den 15mm Stangen wird dieses System zur perfekten Option f\u00fcr die Verwendung schwererer Zoomobjektive mit dem 4D Flex.<\/p>\n<p><em>Erweitern Sie Ihr DJI Ronin 4D Flex Erlebnis mit dem Tilta Kamerak\u00e4fig &#8211; das ultimative Werkzeug, um die Flexibilit\u00e4t bei der Montage von Zubeh\u00f6r an Ihrem System erheblich zu verbessern!  <\/em><\/p>\n","protected":false},"excerpt":{"rendered":"<p>Der Tilta Kamerak\u00e4fig f\u00fcr DJI Ronin 4D Flex ist die perfekte Grundlage, um Ihre 4D Flex auf die n\u00e4chste Stufe zu bringen. Dieser Kamerak\u00e4fig erweitert Ihre M\u00f6glichkeiten f\u00fcr das Rigging des 4D, indem er es Ihnen erm\u00f6glicht, das System in [&hellip;]<\/p>\n","protected":false},"featured_media":1970229,"comment_status":"closed","ping_status":"closed","template":"","meta":[],"product_cat":[1259],"product_tag":[],"acf":[],"gallery_images":[1944276,1944275,1944290,1944277,1944278],"_links":{"self":[{"href":"https:\/\/eu.tilta.com\/de\/wp-json\/wp\/v2\/product\/1973265"}],"collection":[{"href":"https:\/\/eu.tilta.com\/de\/wp-json\/wp\/v2\/product"}],"about":[{"href":"https:\/\/eu.tilta.com\/de\/wp-json\/wp\/v2\/types\/product"}],"replies":[{"embeddable":true,"href":"https:\/\/eu.tilta.com\/de\/wp-json\/wp\/v2\/comments?post=1973265"}],"wp:featuredmedia":[{"embeddable":true,"href":"https:\/\/eu.tilta.com\/de\/wp-json\/wp\/v2\/media\/1970229"}],"wp:attachment":[{"href":"https:\/\/eu.tilta.com\/de\/wp-json\/wp\/v2\/media?parent=1973265"}],"wp:term":[{"taxonomy":"product_cat","embeddable":true,"href":"https:\/\/eu.tilta.com\/de\/wp-json\/wp\/v2\/product_cat?post=1973265"},{"taxonomy":"product_tag","embeddable":true,"href":"https:\/\/eu.tilta.com\/de\/wp-json\/wp\/v2\/product_tag?post=1973265"}],"curies":[{"name":"wp","href":"https:\/\/api.w.org\/{rel}","templated":true}]}}