{"id":1973267,"date":"2023-05-08T09:42:51","date_gmt":"2023-05-08T07:42:51","guid":{"rendered":"https:\/\/de.tilta.com\/shop\/tilta-adjustable-accessory-mounting-plate-black\/"},"modified":"2025-12-05T12:09:42","modified_gmt":"2025-12-05T11:09:42","slug":"tilta-adjustable-accessory-mounting-plate-black","status":"publish","type":"product","link":"https:\/\/eu.tilta.com\/de\/shop\/tilta-adjustable-accessory-mounting-plate-black\/","title":{"rendered":"Tilta Verstellbare Zubeh\u00f6r-Montageplatte &#8211; Schwarz"},"content":{"rendered":"<p><em>Die Tilta Adjustable Accessory Mounting Plate ist eine neue, vielseitige L\u00f6sung f\u00fcr die flexible und sichere Montage von Zubeh\u00f6r. Diese Zubeh\u00f6rplatte bietet eine breite Palette an Montagem\u00f6glichkeiten und einstellbaren Konfigurationen, um eine Vielzahl von Anforderungen zu erf\u00fcllen.<\/em><\/p>\n<p>Die Platte wird \u00fcber eine schwenkbare 1\/4&#8243;-20 Halterung angeschlossen, die mit Passstiften versehen ist, um eine Drehung zu verhindern. Die Position dieser Halterung kann dann \u00fcber eine NATO-Schienenverbindung eingestellt werden, die an beiden Enden Sicherheitsstifte f\u00fcr erh\u00f6hte Sicherheit verwendet.<\/p>\n<p>Die Hauptmontageplatte verf\u00fcgt \u00fcber mehrere 1\/4&#8243;-20 und 3\/8&#8243;-16 Gewinde mit Fixierpunkten, die eine Reihe von Optionen f\u00fcr die Aufnahme von unterschiedlichem Zubeh\u00f6r bieten.<\/p>\n<p>Dieses Zubeh\u00f6rteil kann anstelle eines K\u00e4figs verwendet werden oder erweitert die Befestigungspunkte eines K\u00e4figs. So k\u00f6nnen Sie problemlos Gelenkarme, externe Monitore, drahtlose Videosender und vieles mehr an Ihrer Kamera befestigen und gleichzeitig die gesamte Befestigungsstelle bei Bedarf schnell schwenken.<\/p>\n<p><em>Heben Sie Ihre Kreativit\u00e4t auf ein neues Niveau und entfesseln Sie das volle Potenzial Ihrer Ausr\u00fcstung mit unserer innovativen Befestigungsl\u00f6sung!<\/em><\/p>\n","protected":false},"excerpt":{"rendered":"<p>Die Tilta Adjustable Accessory Mounting Plate ist eine neue, vielseitige L\u00f6sung f\u00fcr die flexible und sichere Montage von Zubeh\u00f6r. Diese Zubeh\u00f6rplatte bietet eine breite Palette an Montagem\u00f6glichkeiten und einstellbaren Konfigurationen, um eine Vielzahl von Anforderungen zu erf\u00fcllen. Die Platte wird [&hellip;]<\/p>\n","protected":false},"featured_media":1970028,"comment_status":"closed","ping_status":"closed","template":"","meta":[],"product_cat":[1073,1082,1083,1084,1085,1094,1104,1260,1219],"product_tag":[],"acf":[],"gallery_images":[1970029,1969951,1969955],"_links":{"self":[{"href":"https:\/\/eu.tilta.com\/de\/wp-json\/wp\/v2\/product\/1973267"}],"collection":[{"href":"https:\/\/eu.tilta.com\/de\/wp-json\/wp\/v2\/product"}],"about":[{"href":"https:\/\/eu.tilta.com\/de\/wp-json\/wp\/v2\/types\/product"}],"replies":[{"embeddable":true,"href":"https:\/\/eu.tilta.com\/de\/wp-json\/wp\/v2\/comments?post=1973267"}],"wp:featuredmedia":[{"embeddable":true,"href":"https:\/\/eu.tilta.com\/de\/wp-json\/wp\/v2\/media\/1970028"}],"wp:attachment":[{"href":"https:\/\/eu.tilta.com\/de\/wp-json\/wp\/v2\/media?parent=1973267"}],"wp:term":[{"taxonomy":"product_cat","embeddable":true,"href":"https:\/\/eu.tilta.com\/de\/wp-json\/wp\/v2\/product_cat?post=1973267"},{"taxonomy":"product_tag","embeddable":true,"href":"https:\/\/eu.tilta.com\/de\/wp-json\/wp\/v2\/product_tag?post=1973267"}],"curies":[{"name":"wp","href":"https:\/\/api.w.org\/{rel}","templated":true}]}}