{"id":1973268,"date":"2023-05-08T20:24:36","date_gmt":"2023-05-08T18:24:36","guid":{"rendered":"https:\/\/de.tilta.com\/shop\/tilta-universal-arca-quick-release-baseplate-black\/"},"modified":"2026-05-07T17:07:29","modified_gmt":"2026-05-07T15:07:29","slug":"tilta-universal-arca-quick-release-baseplate-black","status":"publish","type":"product","link":"https:\/\/eu.tilta.com\/de\/shop\/tilta-universal-arca-quick-release-baseplate-black\/","title":{"rendered":"Tilta Universal ARCA Quick Release Baseplate &#8211; Black"},"content":{"rendered":"<p><em>Die Tilta Universal ARCA Quick Release Baseplate ist eine leichte und praktische Option zur sicheren Befestigung Ihrer Kamera an einer Vielzahl von Tr\u00e4gersystemen.  <\/em><\/p>\n<p>Diese Grundplatte ist mit dem ARCA-Standard kompatibel und wurde speziell f\u00fcr die nahtlose Zusammenarbeit mit 38-mm-ARCA-Schnellwechselplatten entwickelt.<\/p>\n<p>Diese Grundplatte verf\u00fcgt \u00fcber einen verstellbaren Verriegelungshebel, der eine bessere Kompatibilit\u00e4t mit den Standards verschiedener Marken f\u00fcr Schnellwechselplatten, Kamerak\u00e4fige, L-Halterungen und mehr erm\u00f6glicht.<\/p>\n<p>Die Unterseite dieser Grundplatte verf\u00fcgt \u00fcber mehrere 1\/4&#8243;-20-Gewinde und ein 3\/8&#8243;-16-Gewinde, so dass Sie diese Grundplatte problemlos an einer Reihe verschiedener Systeme befestigen k\u00f6nnen.<\/p>\n<p><em>Die Tilta Universal ARCA Quick Release Baseplate bietet eine zuverl\u00e4ssige, bequeme und anpassungsf\u00e4hige L\u00f6sung f\u00fcr die Befestigung Ihrer Kamera an verschiedenen Tr\u00e4gersystemen.  <\/em><\/p>\n","protected":false},"excerpt":{"rendered":"<p>Die Tilta Universal ARCA Quick Release Baseplate ist eine leichte und praktische Option zur sicheren Befestigung Ihrer Kamera an einer Vielzahl von Tr\u00e4gersystemen. Diese Grundplatte ist mit dem ARCA-Standard kompatibel und wurde speziell f\u00fcr die nahtlose Zusammenarbeit mit 38-mm-ARCA-Schnellwechselplatten entwickelt. [&hellip;]<\/p>\n","protected":false},"featured_media":1970234,"comment_status":"closed","ping_status":"closed","template":"","meta":[],"product_cat":[3294,1188,1191,1247],"product_tag":[],"acf":[],"gallery_images":[1969975,1969976,1970024,1970025],"_links":{"self":[{"href":"https:\/\/eu.tilta.com\/de\/wp-json\/wp\/v2\/product\/1973268"}],"collection":[{"href":"https:\/\/eu.tilta.com\/de\/wp-json\/wp\/v2\/product"}],"about":[{"href":"https:\/\/eu.tilta.com\/de\/wp-json\/wp\/v2\/types\/product"}],"replies":[{"embeddable":true,"href":"https:\/\/eu.tilta.com\/de\/wp-json\/wp\/v2\/comments?post=1973268"}],"wp:featuredmedia":[{"embeddable":true,"href":"https:\/\/eu.tilta.com\/de\/wp-json\/wp\/v2\/media\/1970234"}],"wp:attachment":[{"href":"https:\/\/eu.tilta.com\/de\/wp-json\/wp\/v2\/media?parent=1973268"}],"wp:term":[{"taxonomy":"product_cat","embeddable":true,"href":"https:\/\/eu.tilta.com\/de\/wp-json\/wp\/v2\/product_cat?post=1973268"},{"taxonomy":"product_tag","embeddable":true,"href":"https:\/\/eu.tilta.com\/de\/wp-json\/wp\/v2\/product_tag?post=1973268"}],"curies":[{"name":"wp","href":"https:\/\/api.w.org\/{rel}","templated":true}]}}