{"id":1973270,"date":"2023-05-08T10:54:41","date_gmt":"2023-05-08T08:54:41","guid":{"rendered":"https:\/\/de.tilta.com\/shop\/tilta-universal-power-bank-holder-black\/"},"modified":"2026-05-07T15:24:34","modified_gmt":"2026-05-07T13:24:34","slug":"tilta-universal-power-bank-holder-black","status":"publish","type":"product","link":"https:\/\/eu.tilta.com\/de\/shop\/tilta-universal-power-bank-holder-black\/","title":{"rendered":"Tilta Universal Power Bank Holder &#8211; Black"},"content":{"rendered":"<p><em>Der Tilta Universal Power Bank Holder ist das perfekte Zubeh\u00f6r zur Befestigung von Power Banks und \u00e4hnlichem Zubeh\u00f6r an Ihrem Kamerak\u00e4fig.  <\/em><\/p>\n<p>Dieser Universal-Powerbank-Halter ist mit Powerbanks mit einer Breite von 59 mm bis 94 mm und einer H\u00f6he von bis zu 30 mm kompatibel.<\/p>\n<p>Das verstellbare Design sorgt f\u00fcr einen sicheren Sitz, so dass Ihre Powerbank bei den Aufnahmen fest an ihrem Platz bleibt.<\/p>\n<p>Dieses auf einer Klemme basierende Zubeh\u00f6r wird mit zwei 1\/4&#8243;-20 Schrauben befestigt und bietet eine stabile und sichere Verbindung mit viel Flexibilit\u00e4t f\u00fcr verschiedene Montageoptionen.<\/p>\n<p>Neben der M\u00f6glichkeit, Powerbanks zu befestigen, verf\u00fcgt diese Halterung \u00fcber zus\u00e4tzliche Befestigungspunkte wie einen Kaltschuh-Empf\u00e4nger und 1\/4&#8243;-20-Gewinde, so dass Sie bei Bedarf weiteres Zubeh\u00f6r anbringen k\u00f6nnen.<\/p>\n<p><em>Genie\u00dfen Sie unterbrechungsfreie Stromversorgung und erweitern Sie Ihre kreativen M\u00f6glichkeiten mit diesem zuverl\u00e4ssigen Powerbank-Halter.<\/em><\/p>\n","protected":false},"excerpt":{"rendered":"<p>Der Tilta Universal Power Bank Holder ist das perfekte Zubeh\u00f6r zur Befestigung von Power Banks und \u00e4hnlichem Zubeh\u00f6r an Ihrem Kamerak\u00e4fig. Dieser Universal-Powerbank-Halter ist mit Powerbanks mit einer Breite von 59 mm bis 94 mm und einer H\u00f6he von bis [&hellip;]<\/p>\n","protected":false},"featured_media":1970031,"comment_status":"closed","ping_status":"closed","template":"","meta":[],"product_cat":[1066,1262,1247,1261],"product_tag":[],"acf":[],"gallery_images":[1969968,1969964,1969969],"_links":{"self":[{"href":"https:\/\/eu.tilta.com\/de\/wp-json\/wp\/v2\/product\/1973270"}],"collection":[{"href":"https:\/\/eu.tilta.com\/de\/wp-json\/wp\/v2\/product"}],"about":[{"href":"https:\/\/eu.tilta.com\/de\/wp-json\/wp\/v2\/types\/product"}],"replies":[{"embeddable":true,"href":"https:\/\/eu.tilta.com\/de\/wp-json\/wp\/v2\/comments?post=1973270"}],"wp:featuredmedia":[{"embeddable":true,"href":"https:\/\/eu.tilta.com\/de\/wp-json\/wp\/v2\/media\/1970031"}],"wp:attachment":[{"href":"https:\/\/eu.tilta.com\/de\/wp-json\/wp\/v2\/media?parent=1973270"}],"wp:term":[{"taxonomy":"product_cat","embeddable":true,"href":"https:\/\/eu.tilta.com\/de\/wp-json\/wp\/v2\/product_cat?post=1973270"},{"taxonomy":"product_tag","embeddable":true,"href":"https:\/\/eu.tilta.com\/de\/wp-json\/wp\/v2\/product_tag?post=1973270"}],"curies":[{"name":"wp","href":"https:\/\/api.w.org\/{rel}","templated":true}]}}