{"id":1973271,"date":"2023-05-08T10:34:00","date_gmt":"2023-05-08T08:34:00","guid":{"rendered":"https:\/\/de.tilta.com\/shop\/tilta-rotatable-phone-mounting-bracket-black\/"},"modified":"2026-02-11T06:55:37","modified_gmt":"2026-02-11T05:55:37","slug":"tilta-rotatable-phone-mounting-bracket-black","status":"publish","type":"product","link":"https:\/\/eu.tilta.com\/de\/shop\/tilta-rotatable-phone-mounting-bracket-black\/","title":{"rendered":"Tilta Rotatable Phone Mounting Bracket &#8211; Black"},"content":{"rendered":"<p><em>Die drehbare Telefonhalterung von Tilta ist das perfekte Zubeh\u00f6r, um Ihr Smartphone nahtlos in Ihre Kamera oder Ihr Tr\u00e4gersystem zu integrieren.<\/em><\/p>\n<p>Diese Halterung wurde mit Blick auf Vielseitigkeit entwickelt und bietet au\u00dfergew\u00f6hnliche Flexibilit\u00e4t mit einem Neigungsbereich von 180 Grad und der M\u00f6glichkeit, sie um 360 Grad zu drehen.<\/p>\n<p>Diese Halterung h\u00e4lt Ihr Smartphone mit einer verstellbaren Klemme, die Ger\u00e4te mit einer Breite zwischen 60 mm und 90 mm aufnehmen kann, sicher fest.<\/p>\n<p>Diese Halterung ist au\u00dferdem mit Silikon gepolstert, das Ihr Ger\u00e4t nicht nur vor Kratzern sch\u00fctzt, sondern auch die Griffigkeit der Klemme erh\u00f6ht und so f\u00fcr eine sicherere Verbindung sorgt.<\/p>\n<p>Sie verf\u00fcgt \u00fcber zus\u00e4tzliche Befestigungspunkte sowohl f\u00fcr den Kaltlichtfu\u00df als auch f\u00fcr 1\/4&#8243;-20 basiertes Zubeh\u00f6r, so dass Sie eine Vielzahl kompatibler Zubeh\u00f6rteile und Halterungen anbringen k\u00f6nnen.<\/p>\n<p>Die drehbare Tilta Handyhalterung ist der ultimative Begleiter f\u00fcr jeden Fotografen oder Videofilmer, der die Funktionalit\u00e4t seines Rigs durch sein Smartphone erweitern m\u00f6chte.<\/p>\n<p><em>Verbessern Sie Ihren kreativen Arbeitsablauf und erschlie\u00dfen Sie sich neue M\u00f6glichkeiten mit dieser robusten, verstellbaren und funktionsreichen Befestigungsl\u00f6sung.<\/em><\/p>\n","protected":false},"excerpt":{"rendered":"<p>Die drehbare Telefonhalterung von Tilta ist das perfekte Zubeh\u00f6r, um Ihr Smartphone nahtlos in Ihre Kamera oder Ihr Tr\u00e4gersystem zu integrieren. Diese Halterung wurde mit Blick auf Vielseitigkeit entwickelt und bietet au\u00dfergew\u00f6hnliche Flexibilit\u00e4t mit einem Neigungsbereich von 180 Grad und [&hellip;]<\/p>\n","protected":false},"featured_media":1969961,"comment_status":"closed","ping_status":"closed","template":"","meta":[],"product_cat":[1082,1083,1084,1085,1094,1104,1218,1248,1211],"product_tag":[],"acf":[],"gallery_images":[1942359,1942360,1942704],"_links":{"self":[{"href":"https:\/\/eu.tilta.com\/de\/wp-json\/wp\/v2\/product\/1973271"}],"collection":[{"href":"https:\/\/eu.tilta.com\/de\/wp-json\/wp\/v2\/product"}],"about":[{"href":"https:\/\/eu.tilta.com\/de\/wp-json\/wp\/v2\/types\/product"}],"replies":[{"embeddable":true,"href":"https:\/\/eu.tilta.com\/de\/wp-json\/wp\/v2\/comments?post=1973271"}],"wp:featuredmedia":[{"embeddable":true,"href":"https:\/\/eu.tilta.com\/de\/wp-json\/wp\/v2\/media\/1969961"}],"wp:attachment":[{"href":"https:\/\/eu.tilta.com\/de\/wp-json\/wp\/v2\/media?parent=1973271"}],"wp:term":[{"taxonomy":"product_cat","embeddable":true,"href":"https:\/\/eu.tilta.com\/de\/wp-json\/wp\/v2\/product_cat?post=1973271"},{"taxonomy":"product_tag","embeddable":true,"href":"https:\/\/eu.tilta.com\/de\/wp-json\/wp\/v2\/product_tag?post=1973271"}],"curies":[{"name":"wp","href":"https:\/\/api.w.org\/{rel}","templated":true}]}}