{"id":1973272,"date":"2023-05-08T10:04:26","date_gmt":"2023-05-08T08:04:26","guid":{"rendered":"https:\/\/de.tilta.com\/shop\/tilta-universal-cable-clamp-black\/"},"modified":"2026-05-07T15:24:49","modified_gmt":"2026-05-07T13:24:49","slug":"tilta-universal-cable-clamp-black","status":"publish","type":"product","link":"https:\/\/eu.tilta.com\/de\/shop\/tilta-universal-cable-clamp-black\/","title":{"rendered":"Tilta Universal Cable Clamp &#8211; Black"},"content":{"rendered":"<p><em>Die Tilta Universal-Kabelklemme ist die perfekte leichte L\u00f6sung f\u00fcr ein sauberes und organisiertes Kabelmanagement an Ihrem Kamerak\u00e4fig.  <\/em><\/p>\n<p>Diese kompakte Klemme kann mehrere Kabel festhalten und l\u00e4sst sich bei Bedarf schnell und einfach entriegeln.<\/p>\n<p>Die Klemme wird mit einer 1\/4&#8243;-20 Schraube an fast jedem Kamerak\u00e4fig befestigt und verf\u00fcgt \u00fcber einen einziehbaren Fixierstift, der eine Drehung verhindert, wenn Fixierpunkte vorhanden sind.<\/p>\n<p>Mit einem Gewicht von nur 16 Gramm tr\u00e4gt dieses Zubeh\u00f6rteil nur minimal zu Ihrem Setup bei und eignet sich sehr gut f\u00fcr Gimbals oder leichte Konstruktionen.<\/p>\n<p><em>Optimieren Sie den Aufbau Ihrer Kamera mit diesem leichten und effizienten Zubeh\u00f6r!<\/em><\/p>\n","protected":false},"excerpt":{"rendered":"<p>Die Tilta Universal-Kabelklemme ist die perfekte leichte L\u00f6sung f\u00fcr ein sauberes und organisiertes Kabelmanagement an Ihrem Kamerak\u00e4fig. Diese kompakte Klemme kann mehrere Kabel festhalten und l\u00e4sst sich bei Bedarf schnell und einfach entriegeln. Die Klemme wird mit einer 1\/4&#8243;-20 Schraube [&hellip;]<\/p>\n","protected":false},"featured_media":1969959,"comment_status":"closed","ping_status":"closed","template":"","meta":[],"product_cat":[1434,1219,1263],"product_tag":[],"acf":[],"gallery_images":[1969956,1969958,1969957,1970027],"_links":{"self":[{"href":"https:\/\/eu.tilta.com\/de\/wp-json\/wp\/v2\/product\/1973272"}],"collection":[{"href":"https:\/\/eu.tilta.com\/de\/wp-json\/wp\/v2\/product"}],"about":[{"href":"https:\/\/eu.tilta.com\/de\/wp-json\/wp\/v2\/types\/product"}],"replies":[{"embeddable":true,"href":"https:\/\/eu.tilta.com\/de\/wp-json\/wp\/v2\/comments?post=1973272"}],"wp:featuredmedia":[{"embeddable":true,"href":"https:\/\/eu.tilta.com\/de\/wp-json\/wp\/v2\/media\/1969959"}],"wp:attachment":[{"href":"https:\/\/eu.tilta.com\/de\/wp-json\/wp\/v2\/media?parent=1973272"}],"wp:term":[{"taxonomy":"product_cat","embeddable":true,"href":"https:\/\/eu.tilta.com\/de\/wp-json\/wp\/v2\/product_cat?post=1973272"},{"taxonomy":"product_tag","embeddable":true,"href":"https:\/\/eu.tilta.com\/de\/wp-json\/wp\/v2\/product_tag?post=1973272"}],"curies":[{"name":"wp","href":"https:\/\/api.w.org\/{rel}","templated":true}]}}