{"id":1973275,"date":"2023-03-14T17:45:55","date_gmt":"2023-03-14T16:45:55","guid":{"rendered":"https:\/\/de.tilta.com\/shop\/usb-c-auf-dual-usb-c-splitter-steuerkabel\/"},"modified":"2026-01-19T07:26:04","modified_gmt":"2026-01-19T06:26:04","slug":"usb-c-to-dual-usb-c-splitter-control-cable","status":"publish","type":"product","link":"https:\/\/eu.tilta.com\/de\/shop\/usb-c-to-dual-usb-c-splitter-control-cable\/","title":{"rendered":"USB-C auf Dual USB-C Splitter Steuerkabel"},"content":{"rendered":"<p>Mit diesem USB-C-auf-Dual-USB-C-Splitter-Steuerkabel k\u00f6nnen Sie sowohl die DJI RavenEye als auch einen DJI Focus Motor \u00fcber denselben USB-C-Anschluss mit Strom versorgen.<\/p>\n<p>Der geteilte USB-C-Anschluss ist die perfekte Option f\u00fcr alle, die mehrere Zubeh\u00f6rteile mit Strom versorgen m\u00f6chten, ohne mehrere Kabel verlegen zu m\u00fcssen.<\/p>\n<p>Dies kann dazu beitragen, dass Ihr Gimbal sauber und schnell aufgebaut oder abgebaut wird.<\/p>\n<p><strong>HINWEIS: Dieses Kabel ist NUR mit dem RavenEye und dem DJI Focus Motor kompatibel und kann nicht zur Stromversorgung oder zum Laden anderer Ger\u00e4te verwendet werden.  <\/strong><\/p>\n","protected":false},"excerpt":{"rendered":"<p>Mit diesem USB-C-auf-Dual-USB-C-Splitter-Steuerkabel k\u00f6nnen Sie sowohl die DJI RavenEye als auch einen DJI Focus Motor \u00fcber denselben USB-C-Anschluss mit Strom versorgen. Der geteilte USB-C-Anschluss ist die perfekte Option f\u00fcr alle, die mehrere Zubeh\u00f6rteile mit Strom versorgen m\u00f6chten, ohne mehrere Kabel [&hellip;]<\/p>\n","protected":false},"featured_media":1969857,"comment_status":"closed","ping_status":"closed","template":"","meta":[],"product_cat":[1139,1264],"product_tag":[],"acf":[],"gallery_images":[],"_links":{"self":[{"href":"https:\/\/eu.tilta.com\/de\/wp-json\/wp\/v2\/product\/1973275"}],"collection":[{"href":"https:\/\/eu.tilta.com\/de\/wp-json\/wp\/v2\/product"}],"about":[{"href":"https:\/\/eu.tilta.com\/de\/wp-json\/wp\/v2\/types\/product"}],"replies":[{"embeddable":true,"href":"https:\/\/eu.tilta.com\/de\/wp-json\/wp\/v2\/comments?post=1973275"}],"wp:featuredmedia":[{"embeddable":true,"href":"https:\/\/eu.tilta.com\/de\/wp-json\/wp\/v2\/media\/1969857"}],"wp:attachment":[{"href":"https:\/\/eu.tilta.com\/de\/wp-json\/wp\/v2\/media?parent=1973275"}],"wp:term":[{"taxonomy":"product_cat","embeddable":true,"href":"https:\/\/eu.tilta.com\/de\/wp-json\/wp\/v2\/product_cat?post=1973275"},{"taxonomy":"product_tag","embeddable":true,"href":"https:\/\/eu.tilta.com\/de\/wp-json\/wp\/v2\/product_tag?post=1973275"}],"curies":[{"name":"wp","href":"https:\/\/api.w.org\/{rel}","templated":true}]}}