{"id":1973276,"date":"2023-03-15T09:52:00","date_gmt":"2023-03-15T08:52:00","guid":{"rendered":"https:\/\/de.tilta.com\/shop\/4-poliges-rechtwinkliges-stromkabel-auf-4-polige-buchse-30cm\/"},"modified":"2025-12-05T12:09:47","modified_gmt":"2025-12-05T11:09:47","slug":"4-pin-right-angle-male-to-4-pin-female-power-cable-30cm","status":"publish","type":"product","link":"https:\/\/eu.tilta.com\/de\/shop\/4-pin-right-angle-male-to-4-pin-female-power-cable-30cm\/","title":{"rendered":"4-poliges rechtwinkliges Stromkabel auf 4-polige Buchse (30cm)"},"content":{"rendered":"<p>Mit diesem 4-poligen rechtwinkligen Stecker auf 4-polige Buchse k\u00f6nnen Sie unser 24V Power Distribution Module f\u00fcr DJI Ronin 2 \u00fcber den Ronin 2 mit Strom versorgen.<\/p>\n<p>Dieses Kabel dient als Ersatz f\u00fcr das im Bausatz enthaltene Kabel.<\/p>\n","protected":false},"excerpt":{"rendered":"<p>Mit diesem 4-poligen rechtwinkligen Stecker auf 4-polige Buchse k\u00f6nnen Sie unser 24V Power Distribution Module f\u00fcr DJI Ronin 2 \u00fcber den Ronin 2 mit Strom versorgen. Dieses Kabel dient als Ersatz f\u00fcr das im Bausatz enthaltene Kabel.<\/p>\n","protected":false},"featured_media":1969873,"comment_status":"closed","ping_status":"closed","template":"","meta":[],"product_cat":[1240],"product_tag":[],"acf":[],"gallery_images":[1940233],"_links":{"self":[{"href":"https:\/\/eu.tilta.com\/de\/wp-json\/wp\/v2\/product\/1973276"}],"collection":[{"href":"https:\/\/eu.tilta.com\/de\/wp-json\/wp\/v2\/product"}],"about":[{"href":"https:\/\/eu.tilta.com\/de\/wp-json\/wp\/v2\/types\/product"}],"replies":[{"embeddable":true,"href":"https:\/\/eu.tilta.com\/de\/wp-json\/wp\/v2\/comments?post=1973276"}],"wp:featuredmedia":[{"embeddable":true,"href":"https:\/\/eu.tilta.com\/de\/wp-json\/wp\/v2\/media\/1969873"}],"wp:attachment":[{"href":"https:\/\/eu.tilta.com\/de\/wp-json\/wp\/v2\/media?parent=1973276"}],"wp:term":[{"taxonomy":"product_cat","embeddable":true,"href":"https:\/\/eu.tilta.com\/de\/wp-json\/wp\/v2\/product_cat?post=1973276"},{"taxonomy":"product_tag","embeddable":true,"href":"https:\/\/eu.tilta.com\/de\/wp-json\/wp\/v2\/product_tag?post=1973276"}],"curies":[{"name":"wp","href":"https:\/\/api.w.org\/{rel}","templated":true}]}}