{"id":1973279,"date":"2023-03-14T17:52:43","date_gmt":"2023-03-14T16:52:43","guid":{"rendered":"https:\/\/de.tilta.com\/shop\/sony-np-fz100-dummy-akku-zu-usb-c-pd-stromkabel\/"},"modified":"2025-12-05T12:09:49","modified_gmt":"2025-12-05T11:09:49","slug":"sony-np-fz100-dummy-battery-to-usb-c-pd-power-cable","status":"publish","type":"product","link":"https:\/\/eu.tilta.com\/de\/shop\/sony-np-fz100-dummy-battery-to-usb-c-pd-power-cable\/","title":{"rendered":"Sony NP-FZ100 Dummy Akku zu USB-C PD Stromkabel"},"content":{"rendered":"<p>Mit diesem Sony NP-FZ100 Dummy-Akku-zu-USB-C-PD-Stromkabel k\u00f6nnen Sie Kameras und Zubeh\u00f6r mit NP-FZ100 \u00fcber einen beliebigen USB-C-PD-Anschluss mit Strom versorgen.<\/p>\n<p>Dies ist die perfekte L\u00f6sung f\u00fcr die Stromversorgung von Zubeh\u00f6r oder Kamerasystemen wie ausgew\u00e4hlten Sony a9 &amp; a7R Kameras \u00fcber unsere <a href=\"https:\/\/de.tilta.com\/de\/shop\/tiltaing-smart-v-mount-battery-plate-black\/\">Smart V Mount Battery Plate<\/a>, <a href=\"https:\/\/de.tilta.com\/de\/shop\/tiltaing-smart-v-mount-battery-baseplate-arca-black\/\">Smart V Mount Battery Baseplate<\/a> oder <a href=\"https:\/\/de.tilta.com\/de\/shop\/tilta-left-side-pd-handle-with-run-stop-type-viii-black\/\">Left Side PD Handle mit Run\/Stop Type VIII<\/a>.<\/p>\n<p>Dieses Kabel reguliert die Spannung, um die gleiche Spannung wie ein normaler NP-FZ100 Akku zu liefern.<\/p>\n","protected":false},"excerpt":{"rendered":"<p>Mit diesem Sony NP-FZ100 Dummy-Akku-zu-USB-C-PD-Stromkabel k\u00f6nnen Sie Kameras und Zubeh\u00f6r mit NP-FZ100 \u00fcber einen beliebigen USB-C-PD-Anschluss mit Strom versorgen. Dies ist die perfekte L\u00f6sung f\u00fcr die Stromversorgung von Zubeh\u00f6r oder Kamerasystemen wie ausgew\u00e4hlten Sony a9 &amp; a7R Kameras \u00fcber unsere [&hellip;]<\/p>\n","protected":false},"featured_media":1969858,"comment_status":"closed","ping_status":"closed","template":"","meta":[],"product_cat":[1265],"product_tag":[],"acf":[],"gallery_images":[],"_links":{"self":[{"href":"https:\/\/eu.tilta.com\/de\/wp-json\/wp\/v2\/product\/1973279"}],"collection":[{"href":"https:\/\/eu.tilta.com\/de\/wp-json\/wp\/v2\/product"}],"about":[{"href":"https:\/\/eu.tilta.com\/de\/wp-json\/wp\/v2\/types\/product"}],"replies":[{"embeddable":true,"href":"https:\/\/eu.tilta.com\/de\/wp-json\/wp\/v2\/comments?post=1973279"}],"wp:featuredmedia":[{"embeddable":true,"href":"https:\/\/eu.tilta.com\/de\/wp-json\/wp\/v2\/media\/1969858"}],"wp:attachment":[{"href":"https:\/\/eu.tilta.com\/de\/wp-json\/wp\/v2\/media?parent=1973279"}],"wp:term":[{"taxonomy":"product_cat","embeddable":true,"href":"https:\/\/eu.tilta.com\/de\/wp-json\/wp\/v2\/product_cat?post=1973279"},{"taxonomy":"product_tag","embeddable":true,"href":"https:\/\/eu.tilta.com\/de\/wp-json\/wp\/v2\/product_tag?post=1973279"}],"curies":[{"name":"wp","href":"https:\/\/api.w.org\/{rel}","templated":true}]}}