{"id":1973282,"date":"2023-03-14T17:35:42","date_gmt":"2023-03-14T16:35:42","guid":{"rendered":"https:\/\/de.tilta.com\/shop\/panasonic-dmw-blf19-dummy-akku-zu-usb-c-pd-stromkabel\/"},"modified":"2026-02-16T09:00:13","modified_gmt":"2026-02-16T08:00:13","slug":"panasonic-dmw-blf19-dummy-battery-to-usb-c-pd-power-cable","status":"publish","type":"product","link":"https:\/\/eu.tilta.com\/de\/shop\/panasonic-dmw-blf19-dummy-battery-to-usb-c-pd-power-cable\/","title":{"rendered":"Panasonic DMW-BLF19 Dummy-Akku zu USB-C PD Stromkabel"},"content":{"rendered":"<p>Mit diesem Panasonic DMW-BLF19 Dummy-Akku-auf-USB-C-PD-Stromkabel k\u00f6nnen Sie Panasonic DMW-BLF19-basierte Kameras und Zubeh\u00f6r \u00fcber einen beliebigen USB-C-PD-Anschluss mit Strom versorgen.<\/p>\n<p>Dies ist die perfekte L\u00f6sung f\u00fcr die Stromversorgung von Zubeh\u00f6r oder Kamerasystemen wie ausgew\u00e4hlten Panasonic GH4, GH5 und GH5S Kamerageh\u00e4usen \u00fcber unsere Smart V Mount Battery Plate, Smart V Mount Battery Baseplate oder Left Side PD Handle mit Run\/Stop Type VIII.<\/p>\n<p>Dieses Kabel reguliert die Spannung, um die gleiche Spannung wie ein normaler DMW-BLF19-Akku zu liefern.<\/p>\n","protected":false},"excerpt":{"rendered":"<p>Mit diesem Panasonic DMW-BLF19 Dummy-Akku-auf-USB-C-PD-Stromkabel k\u00f6nnen Sie Panasonic DMW-BLF19-basierte Kameras und Zubeh\u00f6r \u00fcber einen beliebigen USB-C-PD-Anschluss mit Strom versorgen. Dies ist die perfekte L\u00f6sung f\u00fcr die Stromversorgung von Zubeh\u00f6r oder Kamerasystemen wie ausgew\u00e4hlten Panasonic GH4, GH5 und GH5S Kamerageh\u00e4usen \u00fcber [&hellip;]<\/p>\n","protected":false},"featured_media":1969856,"comment_status":"closed","ping_status":"closed","template":"","meta":[],"product_cat":[4448,1265],"product_tag":[],"acf":[],"gallery_images":[],"_links":{"self":[{"href":"https:\/\/eu.tilta.com\/de\/wp-json\/wp\/v2\/product\/1973282"}],"collection":[{"href":"https:\/\/eu.tilta.com\/de\/wp-json\/wp\/v2\/product"}],"about":[{"href":"https:\/\/eu.tilta.com\/de\/wp-json\/wp\/v2\/types\/product"}],"replies":[{"embeddable":true,"href":"https:\/\/eu.tilta.com\/de\/wp-json\/wp\/v2\/comments?post=1973282"}],"wp:featuredmedia":[{"embeddable":true,"href":"https:\/\/eu.tilta.com\/de\/wp-json\/wp\/v2\/media\/1969856"}],"wp:attachment":[{"href":"https:\/\/eu.tilta.com\/de\/wp-json\/wp\/v2\/media?parent=1973282"}],"wp:term":[{"taxonomy":"product_cat","embeddable":true,"href":"https:\/\/eu.tilta.com\/de\/wp-json\/wp\/v2\/product_cat?post=1973282"},{"taxonomy":"product_tag","embeddable":true,"href":"https:\/\/eu.tilta.com\/de\/wp-json\/wp\/v2\/product_tag?post=1973282"}],"curies":[{"name":"wp","href":"https:\/\/api.w.org\/{rel}","templated":true}]}}