{"id":1973283,"date":"2023-03-15T09:58:35","date_gmt":"2023-03-15T08:58:35","guid":{"rendered":"https:\/\/de.tilta.com\/shop\/4-poliges-maennliches-auf-8-poliges-weibliches-spiralkabel\/"},"modified":"2025-12-05T12:09:51","modified_gmt":"2025-12-05T11:09:51","slug":"4-pin-male-to-8-pin-female-coiled-power-cable","status":"publish","type":"product","link":"https:\/\/eu.tilta.com\/de\/shop\/4-pin-male-to-8-pin-female-coiled-power-cable\/","title":{"rendered":"4-poliges m\u00e4nnliches auf 8-poliges weibliches Spiralkabel"},"content":{"rendered":"<p>Mit diesem 4-poligen m\u00e4nnlichen zu 8-poligen weiblichen Spiralkabel k\u00f6nnen Sie eine Arri Alexa 35 \u00fcber unser 24V Power Distribution Module f\u00fcr DJI Ronin 2 mit Strom versorgen.<\/p>\n<p>Dieses Kabel dient als Ersatz f\u00fcr das im Bausatz enthaltene Kabel.<\/p>\n","protected":false},"excerpt":{"rendered":"<p>Mit diesem 4-poligen m\u00e4nnlichen zu 8-poligen weiblichen Spiralkabel k\u00f6nnen Sie eine Arri Alexa 35 \u00fcber unser 24V Power Distribution Module f\u00fcr DJI Ronin 2 mit Strom versorgen. Dieses Kabel dient als Ersatz f\u00fcr das im Bausatz enthaltene Kabel.<\/p>\n","protected":false},"featured_media":1969875,"comment_status":"closed","ping_status":"closed","template":"","meta":[],"product_cat":[1240],"product_tag":[],"acf":[],"gallery_images":[1940234],"_links":{"self":[{"href":"https:\/\/eu.tilta.com\/de\/wp-json\/wp\/v2\/product\/1973283"}],"collection":[{"href":"https:\/\/eu.tilta.com\/de\/wp-json\/wp\/v2\/product"}],"about":[{"href":"https:\/\/eu.tilta.com\/de\/wp-json\/wp\/v2\/types\/product"}],"replies":[{"embeddable":true,"href":"https:\/\/eu.tilta.com\/de\/wp-json\/wp\/v2\/comments?post=1973283"}],"wp:featuredmedia":[{"embeddable":true,"href":"https:\/\/eu.tilta.com\/de\/wp-json\/wp\/v2\/media\/1969875"}],"wp:attachment":[{"href":"https:\/\/eu.tilta.com\/de\/wp-json\/wp\/v2\/media?parent=1973283"}],"wp:term":[{"taxonomy":"product_cat","embeddable":true,"href":"https:\/\/eu.tilta.com\/de\/wp-json\/wp\/v2\/product_cat?post=1973283"},{"taxonomy":"product_tag","embeddable":true,"href":"https:\/\/eu.tilta.com\/de\/wp-json\/wp\/v2\/product_tag?post=1973283"}],"curies":[{"name":"wp","href":"https:\/\/api.w.org\/{rel}","templated":true}]}}