{"id":1973286,"date":"2023-03-15T09:07:15","date_gmt":"2023-03-15T08:07:15","guid":{"rendered":"https:\/\/de.tilta.com\/shop\/canon-lp-e6-dummy-akku-zu-usb-c-pd-stromkabel\/"},"modified":"2026-04-17T08:02:14","modified_gmt":"2026-04-17T06:02:14","slug":"canon-lp-e6-dummy-battery-to-usb-c-pd-power-cable","status":"publish","type":"product","link":"https:\/\/eu.tilta.com\/de\/shop\/canon-lp-e6-dummy-battery-to-usb-c-pd-power-cable\/","title":{"rendered":"Canon LP-E6 Dummy-Akku zu USB-C PD Stromkabel"},"content":{"rendered":"<p>Mit diesem Canon LP-E6 Dummy-Akku-zu-USB-C-PD-Stromkabel k\u00f6nnen Sie LP-E6-basierte Kameras und Zubeh\u00f6r \u00fcber einen beliebigen USB-C-PD-Anschluss mit Strom versorgen.<\/p>\n<p>Dies ist die perfekte L\u00f6sung f\u00fcr die Stromversorgung von Zubeh\u00f6r wie externen Monitoren oder Kamerasystemen wie ausgew\u00e4hlten Canon DSLRs \u00fcber unsere <a href=\"https:\/\/de.tilta.com\/de\/shop\/tiltaing-smart-v-mount-battery-plate-black\/\">Smart V Mount Battery Plate<\/a>, <a href=\"https:\/\/de.tilta.com\/de\/shop\/tiltaing-smart-v-mount-battery-baseplate-arca-black\/\">Smart V Mount Battery Baseplate<\/a> oder <a href=\"https:\/\/de.tilta.com\/de\/shop\/tilta-left-side-pd-handle-with-run-stop-type-viii-black\/\">Left Side PD Handle mit Run\/Stop Type VIII<\/a>.<\/p>\n<p>Dieses Kabel ist eine perfekte Option f\u00fcr Benutzer, die ihren Canon R5C \u00fcber unseren PD-Handgriff mit Strom versorgen. Mit diesem zus\u00e4tzlichen Kabel k\u00f6nnen Sie Ihre Kamera \u00fcber USB-C PD mit Strom versorgen, ohne dass ein interner LP-E6-Akku zum Einschalten erforderlich ist.<\/p>\n<p>Dieses Kabel reguliert die Spannung, um die gleiche Spannung wie eine normale LP-E6-Batterie zu liefern.<\/p>\n","protected":false},"excerpt":{"rendered":"<p>Mit diesem Canon LP-E6 Dummy-Akku-zu-USB-C-PD-Stromkabel k\u00f6nnen Sie LP-E6-basierte Kameras und Zubeh\u00f6r \u00fcber einen beliebigen USB-C-PD-Anschluss mit Strom versorgen. Dies ist die perfekte L\u00f6sung f\u00fcr die Stromversorgung von Zubeh\u00f6r wie externen Monitoren oder Kamerasystemen wie ausgew\u00e4hlten Canon DSLRs \u00fcber unsere Smart [&hellip;]<\/p>\n","protected":false},"featured_media":1969859,"comment_status":"closed","ping_status":"closed","template":"","meta":[],"product_cat":[1088,1265],"product_tag":[],"acf":[],"gallery_images":[],"_links":{"self":[{"href":"https:\/\/eu.tilta.com\/de\/wp-json\/wp\/v2\/product\/1973286"}],"collection":[{"href":"https:\/\/eu.tilta.com\/de\/wp-json\/wp\/v2\/product"}],"about":[{"href":"https:\/\/eu.tilta.com\/de\/wp-json\/wp\/v2\/types\/product"}],"replies":[{"embeddable":true,"href":"https:\/\/eu.tilta.com\/de\/wp-json\/wp\/v2\/comments?post=1973286"}],"wp:featuredmedia":[{"embeddable":true,"href":"https:\/\/eu.tilta.com\/de\/wp-json\/wp\/v2\/media\/1969859"}],"wp:attachment":[{"href":"https:\/\/eu.tilta.com\/de\/wp-json\/wp\/v2\/media?parent=1973286"}],"wp:term":[{"taxonomy":"product_cat","embeddable":true,"href":"https:\/\/eu.tilta.com\/de\/wp-json\/wp\/v2\/product_cat?post=1973286"},{"taxonomy":"product_tag","embeddable":true,"href":"https:\/\/eu.tilta.com\/de\/wp-json\/wp\/v2\/product_tag?post=1973286"}],"curies":[{"name":"wp","href":"https:\/\/api.w.org\/{rel}","templated":true}]}}