{"id":1973290,"date":"2023-03-14T17:22:02","date_gmt":"2023-03-14T16:22:02","guid":{"rendered":"https:\/\/de.tilta.com\/shop\/tilta-nato-klemme-auf-cold-shoe-adapter-schwarz\/"},"modified":"2026-05-07T15:23:44","modified_gmt":"2026-05-07T13:23:44","slug":"tilta-nato-clamp-to-cold-shoe-adapter-black","status":"publish","type":"product","link":"https:\/\/eu.tilta.com\/de\/shop\/tilta-nato-clamp-to-cold-shoe-adapter-black\/","title":{"rendered":"Tilta NATO-Klemme auf Cold Shoe Adapter &#8211; Schwarz"},"content":{"rendered":"<p>Mit diesem NATO auf Cold Shoe Adapter k\u00f6nnen Sie NATO-Schienen an Ihrem Kamerak\u00e4fig anpassen, um Cold Shoe basiertes Zubeh\u00f6r zu montieren.<\/p>\n<p>Das verstellbare Design des NATO-Anschlusses erm\u00f6glicht es Benutzern, die Position dieses Adapters an ihrem K\u00e4fig einfach und schnell anzupassen, was ihn zu einem idealen Zubeh\u00f6r f\u00fcr diejenigen macht, die Flexibilit\u00e4t f\u00fcr ihre Rigs sch\u00e4tzen.<\/p>\n<p>Dies ist die perfekte Option f\u00fcr die sichere Befestigung eines externen Monitors an der Oberseite eines unserer NATO-basierten Kamerak\u00e4fige \u00fcber eine <a href=\"https:\/\/de.tilta.com\/de\/shop\/tiltaing-adjustable-cold-shoe-accessory-mounting-bracket\/\">verstellbare Cold Shoe-Zubeh\u00f6rhalterung<\/a>. (nicht enthalten)<\/p>\n<p>Der integrierte Sicherheitsstift sorgt f\u00fcr zus\u00e4tzliche Sicherheit f\u00fcr Ihr Zubeh\u00f6r.<\/p>\n","protected":false},"excerpt":{"rendered":"<p>Mit diesem NATO auf Cold Shoe Adapter k\u00f6nnen Sie NATO-Schienen an Ihrem Kamerak\u00e4fig anpassen, um Cold Shoe basiertes Zubeh\u00f6r zu montieren. Das verstellbare Design des NATO-Anschlusses erm\u00f6glicht es Benutzern, die Position dieses Adapters an ihrem K\u00e4fig einfach und schnell anzupassen, [&hellip;]<\/p>\n","protected":false},"featured_media":1969853,"comment_status":"closed","ping_status":"closed","template":"","meta":[],"product_cat":[1216,1197],"product_tag":[],"acf":[],"gallery_images":[1969854,1969855,1969896,1969897,1969898,1969899],"_links":{"self":[{"href":"https:\/\/eu.tilta.com\/de\/wp-json\/wp\/v2\/product\/1973290"}],"collection":[{"href":"https:\/\/eu.tilta.com\/de\/wp-json\/wp\/v2\/product"}],"about":[{"href":"https:\/\/eu.tilta.com\/de\/wp-json\/wp\/v2\/types\/product"}],"replies":[{"embeddable":true,"href":"https:\/\/eu.tilta.com\/de\/wp-json\/wp\/v2\/comments?post=1973290"}],"wp:featuredmedia":[{"embeddable":true,"href":"https:\/\/eu.tilta.com\/de\/wp-json\/wp\/v2\/media\/1969853"}],"wp:attachment":[{"href":"https:\/\/eu.tilta.com\/de\/wp-json\/wp\/v2\/media?parent=1973290"}],"wp:term":[{"taxonomy":"product_cat","embeddable":true,"href":"https:\/\/eu.tilta.com\/de\/wp-json\/wp\/v2\/product_cat?post=1973290"},{"taxonomy":"product_tag","embeddable":true,"href":"https:\/\/eu.tilta.com\/de\/wp-json\/wp\/v2\/product_tag?post=1973290"}],"curies":[{"name":"wp","href":"https:\/\/api.w.org\/{rel}","templated":true}]}}