{"id":1973294,"date":"2023-03-14T17:14:21","date_gmt":"2023-03-14T16:14:21","guid":{"rendered":"https:\/\/de.tilta.com\/shop\/tilta-15mm-auf-12mm-dji-stabadapter-schwarz\/"},"modified":"2025-12-05T12:09:56","modified_gmt":"2025-12-05T11:09:56","slug":"tilta-15mm-to-12mm-dji-rod-adapter-black","status":"publish","type":"product","link":"https:\/\/eu.tilta.com\/de\/shop\/tilta-15mm-to-12mm-dji-rod-adapter-black\/","title":{"rendered":"Tilta 15mm auf 12mm DJI Stabadapter &#8211; Schwarz"},"content":{"rendered":"<p>Mit diesem DJI-Stabadapter von 15 mm auf 12 mm k\u00f6nnen Sie Ihre DJI-Fokusmotoren an herk\u00f6mmlichen 15-mm-Stabhaltern befestigen.<\/p>\n<p>So k\u00f6nnen Sie alle vorhandenen 15-mm-Stabbefestigungsoptionen an Ihrem K\u00e4fig oder Kamerasystem nutzen und gleichzeitig den DJI Focus Motor mit Ihrem Ronin Gimbal verwenden.<\/p>\n<p>Dies ist die perfekte Kombination mit einigen unserer neuen einzigartigen und sicheren <a href=\"https:\/\/de.tilta.com\/de\/product-category\/accessories-de\/ruten-rutenhalter\/\">15-mm-Rutenhalter<\/a>.<\/p>\n","protected":false},"excerpt":{"rendered":"<p>Mit diesem DJI-Stabadapter von 15 mm auf 12 mm k\u00f6nnen Sie Ihre DJI-Fokusmotoren an herk\u00f6mmlichen 15-mm-Stabhaltern befestigen. So k\u00f6nnen Sie alle vorhandenen 15-mm-Stabbefestigungsoptionen an Ihrem K\u00e4fig oder Kamerasystem nutzen und gleichzeitig den DJI Focus Motor mit Ihrem Ronin Gimbal verwenden. [&hellip;]<\/p>\n","protected":false},"featured_media":1970913,"comment_status":"closed","ping_status":"closed","template":"","meta":[],"product_cat":[1139,1065],"product_tag":[],"acf":[],"gallery_images":[1970912,1970914,1970908,1970909,1970910],"_links":{"self":[{"href":"https:\/\/eu.tilta.com\/de\/wp-json\/wp\/v2\/product\/1973294"}],"collection":[{"href":"https:\/\/eu.tilta.com\/de\/wp-json\/wp\/v2\/product"}],"about":[{"href":"https:\/\/eu.tilta.com\/de\/wp-json\/wp\/v2\/types\/product"}],"replies":[{"embeddable":true,"href":"https:\/\/eu.tilta.com\/de\/wp-json\/wp\/v2\/comments?post=1973294"}],"wp:featuredmedia":[{"embeddable":true,"href":"https:\/\/eu.tilta.com\/de\/wp-json\/wp\/v2\/media\/1970913"}],"wp:attachment":[{"href":"https:\/\/eu.tilta.com\/de\/wp-json\/wp\/v2\/media?parent=1973294"}],"wp:term":[{"taxonomy":"product_cat","embeddable":true,"href":"https:\/\/eu.tilta.com\/de\/wp-json\/wp\/v2\/product_cat?post=1973294"},{"taxonomy":"product_tag","embeddable":true,"href":"https:\/\/eu.tilta.com\/de\/wp-json\/wp\/v2\/product_tag?post=1973294"}],"curies":[{"name":"wp","href":"https:\/\/api.w.org\/{rel}","templated":true}]}}