{"id":1973307,"date":"2023-02-28T17:00:14","date_gmt":"2023-02-28T16:00:14","guid":{"rendered":"https:\/\/de.tilta.com\/shop\/tilta-sony-a7r-v-halbkaefig-leichtgewichtskit\/"},"modified":"2026-03-09T11:36:08","modified_gmt":"2026-03-09T10:36:08","slug":"tilta-sony-a7r-v-half-cage-lightweight-kit","status":"publish","type":"product","link":"https:\/\/eu.tilta.com\/de\/shop\/tilta-sony-a7r-v-half-cage-lightweight-kit\/","title":{"rendered":"Tilta Sony a7R V Halbk\u00e4fig Leichtgewichtskit"},"content":{"rendered":"<p><em>Erweitern Sie die Funktionalit\u00e4t Ihrer Kamera f\u00fcr eine Videoproduktionsumgebung mit unserem Lightweight Half Cage Kit f\u00fcr die Sony a7R V!<\/em><\/p>\n<p>Dieser Halbk\u00e4fig bietet einen Teilschutz f\u00fcr Ihr Kamerageh\u00e4use und verf\u00fcgt \u00fcber universelle Befestigungsm\u00f6glichkeiten f\u00fcr Zubeh\u00f6r wie Cold Shoe, 1\/4&#8243;-20 Gewinde mit Fixierstiften und eine NATO-Schienenbefestigung, die oben oder an der Seite des K\u00e4figs angebracht werden kann.<\/p>\n<p>Das Kit unterst\u00fctzt verschiedene <a href=\"https:\/\/de.tilta.com\/de\/product-category\/handles-de\/griffe-oben\/\">Top Handles<\/a>, die \u00fcber 1\/4\u2033-20 montiert werden und kann mit dem mitgelieferten NATO Top Handle \u00fcber die Nato Rail Attachment verwendet werden, was eine flexiblere Bedienung und Handhabung erm\u00f6glicht.<\/p>\n<p>Der Handgriff verf\u00fcgt \u00fcber mehrere Befestigungspunkte, darunter einen Kaltschuh-Empf\u00e4nger, mit dem Sie einen externen Monitor \u00fcber unsere Kaltschuh-Zubeh\u00f6rhalterung befestigen k\u00f6nnen.<\/p>\n<p>Optionales Zubeh\u00f6r wie unsere <a href=\"https:\/\/de.tilta.com\/de\/product-category\/handles-de\/seitliche-griffe\/\">Seitengriffe auf NATO-Basis<\/a> k\u00f6nnen ebenfalls \u00fcber die NATO-Schienenbefestigung montiert werden.<\/p>\n<p>\u00c4hnlich wie bei unseren anderen Systemen haben Sie auch bei unseren neuen <a href=\"https:\/\/de.tilta.com\/de\/product-category\/accessories-de\/ruten-rutenhalter\/\">15-mm-Einzelrutenhaltern<\/a> mehrere M\u00f6glichkeiten zur Befestigung von 15-mm-Ruten <a href=\"https:\/\/de.tilta.com\/de\/product-category\/accessories-de\/ruten-rutenhalter\/\">.<\/a><\/p>\n<p>Damit k\u00f6nnen Sie 15-mm-Zubeh\u00f6r f\u00fcr Ruten \u00fcber <a href=\"https:\/\/de.tilta.com\/de\/shop\/15mm-rod-holder-to-dual-1-4-20-adapter-black\/\">zwei 1\/4\u2033-20-Gewinde<\/a> oder das <a href=\"https:\/\/de.tilta.com\/de\/shop\/15mm-rod-holder-to-1-4-20-adapter-front-mounted-black\/\">Front Mount Rod Holder-Gewinde<\/a> befestigen.<\/p>\n<p>Die Bodenplatte verf\u00fcgt \u00fcber einen Arca Swiss-Anschluss und kann nativ an der DJI RS3 Pro \/ RS3 \/ RS2 befestigt werden.<\/p>\n<p>Dieser K\u00e4fig kann \u00fcber dieselbe ARCA-Verbindung auch an unser Modulares Grundplattensystem montiert werden.<\/p>\n<p>Die mitgelieferte HDMI- und USB-C-Kabelklemme sorgt daf\u00fcr, dass alle angeschlossenen Kabel sicher befestigt sind.<\/p>\n","protected":false},"excerpt":{"rendered":"<p>Erweitern Sie die Funktionalit\u00e4t Ihrer Kamera f\u00fcr eine Videoproduktionsumgebung mit unserem Lightweight Half Cage Kit f\u00fcr die Sony a7R V! Dieser Halbk\u00e4fig bietet einen Teilschutz f\u00fcr Ihr Kamerageh\u00e4use und verf\u00fcgt \u00fcber universelle Befestigungsm\u00f6glichkeiten f\u00fcr Zubeh\u00f6r wie Cold Shoe, 1\/4&#8243;-20 Gewinde [&hellip;]<\/p>\n","protected":false},"featured_media":1969823,"comment_status":"closed","ping_status":"closed","template":"","meta":[],"product_cat":[1122],"product_tag":[],"acf":[],"gallery_images":[1969824,1969825,1969780,1969781,1969782],"_links":{"self":[{"href":"https:\/\/eu.tilta.com\/de\/wp-json\/wp\/v2\/product\/1973307"}],"collection":[{"href":"https:\/\/eu.tilta.com\/de\/wp-json\/wp\/v2\/product"}],"about":[{"href":"https:\/\/eu.tilta.com\/de\/wp-json\/wp\/v2\/types\/product"}],"replies":[{"embeddable":true,"href":"https:\/\/eu.tilta.com\/de\/wp-json\/wp\/v2\/comments?post=1973307"}],"wp:featuredmedia":[{"embeddable":true,"href":"https:\/\/eu.tilta.com\/de\/wp-json\/wp\/v2\/media\/1969823"}],"wp:attachment":[{"href":"https:\/\/eu.tilta.com\/de\/wp-json\/wp\/v2\/media?parent=1973307"}],"wp:term":[{"taxonomy":"product_cat","embeddable":true,"href":"https:\/\/eu.tilta.com\/de\/wp-json\/wp\/v2\/product_cat?post=1973307"},{"taxonomy":"product_tag","embeddable":true,"href":"https:\/\/eu.tilta.com\/de\/wp-json\/wp\/v2\/product_tag?post=1973307"}],"curies":[{"name":"wp","href":"https:\/\/api.w.org\/{rel}","templated":true}]}}